{"id":115,"date":"2018-10-24T04:26:25","date_gmt":"2018-10-24T04:26:25","guid":{"rendered":"https:\/\/futuriodemos.com\/default-demo\/?page_id=115"},"modified":"2024-09-13T23:29:43","modified_gmt":"2024-09-13T23:29:43","slug":"hakkimizda","status":"publish","type":"page","link":"https:\/\/sudesan.com.tr\/en\/hakkimizda\/","title":{"rendered":"About us"},"content":{"rendered":"<div data-elementor-type=\"wp-page\" data-elementor-id=\"115\" class=\"elementor elementor-115\" data-elementor-post-type=\"page\">\n\t\t\t\t<div class=\"elementor-element elementor-element-6ec6a1f e-flex e-con-boxed e-con e-parent\" data-id=\"6ec6a1f\" data-element_type=\"container\">\n\t\t\t\t\t<div class=\"e-con-inner\">\n\t\t\t\t<div class=\"elementor-element elementor-element-e2a5576 jltma-glass-effect-no elementor-widget elementor-widget-image\" data-id=\"e2a5576\" data-element_type=\"widget\" data-widget_type=\"image.default\">\n\t\t\t\t<div class=\"elementor-widget-container\">\n\t\t\t<style>\/*! elementor - v3.21.0 - 22-05-2024 *\/\n.elementor-widget-image{text-align:center}.elementor-widget-image a{display:inline-block}.elementor-widget-image a img[src$=\".svg\"]{width:48px}.elementor-widget-image img{vertical-align:middle;display:inline-block}<\/style>\t\t\t\t\t\t\t\t\t\t<img fetchpriority=\"high\" decoding=\"async\" width=\"2472\" height=\"998\" src=\"https:\/\/sudesan.com.tr\/wp-content\/uploads\/2024\/09\/Grup-6-kopya-2.png\" class=\"attachment-full size-full wp-image-2895\" alt=\"\" srcset=\"https:\/\/sudesan.com.tr\/wp-content\/uploads\/2024\/09\/Grup-6-kopya-2.png 2472w, https:\/\/sudesan.com.tr\/wp-content\/uploads\/2024\/09\/Grup-6-kopya-2-300x121.png 300w, https:\/\/sudesan.com.tr\/wp-content\/uploads\/2024\/09\/Grup-6-kopya-2-1024x413.png 1024w, https:\/\/sudesan.com.tr\/wp-content\/uploads\/2024\/09\/Grup-6-kopya-2-768x310.png 768w, https:\/\/sudesan.com.tr\/wp-content\/uploads\/2024\/09\/Grup-6-kopya-2-1536x620.png 1536w, https:\/\/sudesan.com.tr\/wp-content\/uploads\/2024\/09\/Grup-6-kopya-2-2048x827.png 2048w, https:\/\/sudesan.com.tr\/wp-content\/uploads\/2024\/09\/Grup-6-kopya-2-18x7.png 18w\" sizes=\"(max-width: 2472px) 100vw, 2472px\" \/>\t\t\t\t\t\t\t\t\t\t\t\t\t<\/div>\n\t\t\t\t<\/div>\n\t\t\t\t\t<\/div>\n\t\t\t\t<\/div>\n\t\t<div class=\"elementor-element elementor-element-d8f6742 e-flex e-con-boxed e-con e-parent\" data-id=\"d8f6742\" data-element_type=\"container\">\n\t\t\t\t\t<div class=\"e-con-inner\">\n\t\t\t\t<div class=\"elementor-element elementor-element-25d586e jltma-glass-effect-no elementor-widget elementor-widget-text-editor\" data-id=\"25d586e\" data-element_type=\"widget\" data-widget_type=\"text-editor.default\">\n\t\t\t\t<div class=\"elementor-widget-container\">\n\t\t\t<style>\/*! elementor - v3.21.0 - 22-05-2024 *\/\n.elementor-widget-text-editor.elementor-drop-cap-view-stacked .elementor-drop-cap{background-color:#69727d;color:#fff}.elementor-widget-text-editor.elementor-drop-cap-view-framed .elementor-drop-cap{color:#69727d;border:3px solid;background-color:transparent}.elementor-widget-text-editor:not(.elementor-drop-cap-view-default) .elementor-drop-cap{margin-top:8px}.elementor-widget-text-editor:not(.elementor-drop-cap-view-default) .elementor-drop-cap-letter{width:1em;height:1em}.elementor-widget-text-editor .elementor-drop-cap{float:left;text-align:center;line-height:1;font-size:50px}.elementor-widget-text-editor .elementor-drop-cap-letter{display:inline-block}<\/style>\t\t\t\t<p class=\" translation-block\">Sudesan started its commercial journey in 1965 with the production of scouring powder and today stands out with its cosmetics, detergent, and plastic packaging production at its modern 25,000 m\u00b2 facility. Alongside an annual liquid filling capacity of 350,000 tons and the production of 125 million bottles, we offer the highest quality to our customers with a fully automated machinery park and advanced technology.<\/p><p>We continue to grow as a strong brand in both domestic and international markets with our wide range of products in the cleaning and cosmetics sectors. With the third generation in management, we strengthen our export capacity each year, winning awards in the personal care category, and contributing to our country\u2019s export volume.<\/p><p>As Sudesan, while producing <strong>\u00a0Private Label<\/strong> products for both domestic and global firms, we aim to deliver high-quality products at the most competitive prices. Through our subsidiary <strong>DUPACK Plastic,<\/strong> we protect natural resources by producing bottles made from 100% recycled materials, while delivering services with a commitment to sustainable quality.<\/p>\t\t\t\t\t\t<\/div>\n\t\t\t\t<\/div>\n\t\t\t\t\t<\/div>\n\t\t\t\t<\/div>\n\t\t<div class=\"elementor-element elementor-element-572a2ab e-flex e-con-boxed e-con e-parent\" data-id=\"572a2ab\" data-element_type=\"container\">\n\t\t\t\t\t<div class=\"e-con-inner\">\n\t\t\t\t<div class=\"elementor-element elementor-element-37b9537 jltma-glass-effect-no elementor-widget elementor-widget-image\" data-id=\"37b9537\" data-element_type=\"widget\" data-widget_type=\"image.default\">\n\t\t\t\t<div class=\"elementor-widget-container\">\n\t\t\t\t\t\t\t\t\t\t\t\t\t<img decoding=\"async\" width=\"3043\" height=\"998\" src=\"https:\/\/sudesan.com.tr\/wp-content\/uploads\/2024\/09\/2-1.png\" class=\"attachment-full size-full wp-image-1431\" alt=\"\" srcset=\"https:\/\/sudesan.com.tr\/wp-content\/uploads\/2024\/09\/2-1.png 3043w, https:\/\/sudesan.com.tr\/wp-content\/uploads\/2024\/09\/2-1-300x98.png 300w, https:\/\/sudesan.com.tr\/wp-content\/uploads\/2024\/09\/2-1-1024x336.png 1024w, https:\/\/sudesan.com.tr\/wp-content\/uploads\/2024\/09\/2-1-768x252.png 768w, https:\/\/sudesan.com.tr\/wp-content\/uploads\/2024\/09\/2-1-1536x504.png 1536w, https:\/\/sudesan.com.tr\/wp-content\/uploads\/2024\/09\/2-1-2048x672.png 2048w, https:\/\/sudesan.com.tr\/wp-content\/uploads\/2024\/09\/2-1-18x6.png 18w\" sizes=\"(max-width: 3043px) 100vw, 3043px\" \/>\t\t\t\t\t\t\t\t\t\t\t\t\t<\/div>\n\t\t\t\t<\/div>\n\t\t\t\t\t<\/div>\n\t\t\t\t<\/div>\n\t\t\t\t<\/div>","protected":false},"excerpt":{"rendered":"<p>1965 y\u0131l\u0131nda ovma tozu \u00fcretimiyle ticari hayat\u0131na ba\u015flayan Sudesan, bug\u00fcn 25.000 m\u00b2\u2019lik modern tesisinde kozmetik, deterjan ve plastik ambalaj \u00fcretimiyle dikkat \u00e7ekiyor. Y\u0131ll\u0131k 350.000 ton likit dolum kapasitesi ve 125 milyon adet \u015fi\u015fe \u00fcretiminin yan\u0131s\u0131ra tam otomasyonlu makine parkuru ve ileri teknoloji makinelerimizle m\u00fc\u015fterilerimize en y\u00fcksek kaliteyi sunuyoruz. Temizlik ve kozmetik alan\u0131nda geni\u015f \u00fcr\u00fcn yelpazemizle,&hellip;<\/p>","protected":false},"author":1,"featured_media":0,"parent":0,"menu_order":0,"comment_status":"closed","ping_status":"closed","template":"","meta":{"footnotes":""},"class_list":["post-115","page","type-page","status-publish","hentry"],"_links":{"self":[{"href":"https:\/\/sudesan.com.tr\/en\/wp-json\/wp\/v2\/pages\/115","targetHints":{"allow":["GET"]}}],"collection":[{"href":"https:\/\/sudesan.com.tr\/en\/wp-json\/wp\/v2\/pages"}],"about":[{"href":"https:\/\/sudesan.com.tr\/en\/wp-json\/wp\/v2\/types\/page"}],"author":[{"embeddable":true,"href":"https:\/\/sudesan.com.tr\/en\/wp-json\/wp\/v2\/users\/1"}],"replies":[{"embeddable":true,"href":"https:\/\/sudesan.com.tr\/en\/wp-json\/wp\/v2\/comments?post=115"}],"version-history":[{"count":131,"href":"https:\/\/sudesan.com.tr\/en\/wp-json\/wp\/v2\/pages\/115\/revisions"}],"predecessor-version":[{"id":2977,"href":"https:\/\/sudesan.com.tr\/en\/wp-json\/wp\/v2\/pages\/115\/revisions\/2977"}],"wp:attachment":[{"href":"https:\/\/sudesan.com.tr\/en\/wp-json\/wp\/v2\/media?parent=115"}],"curies":[{"name":"wp","href":"https:\/\/api.w.org\/{rel}","templated":true}]}}