{"id":2518,"date":"2024-08-28T13:23:08","date_gmt":"2024-08-28T13:23:08","guid":{"rendered":"https:\/\/sudesan.com.tr\/?page_id=2518"},"modified":"2024-09-13T23:43:10","modified_gmt":"2024-09-13T23:43:10","slug":"marmaris-park-otel","status":"publish","type":"page","link":"https:\/\/sudesan.com.tr\/en\/marmaris-park-otel\/","title":{"rendered":"Marmaris Park Otel"},"content":{"rendered":"<div data-elementor-type=\"wp-page\" data-elementor-id=\"2518\" class=\"elementor elementor-2518\" data-elementor-post-type=\"page\">\n\t\t\t\t<div class=\"elementor-element elementor-element-6ec6a1f e-flex e-con-boxed e-con e-parent\" data-id=\"6ec6a1f\" data-element_type=\"container\">\n\t\t\t\t\t<div class=\"e-con-inner\">\n\t\t\t\t<div class=\"elementor-element elementor-element-e2a5576 jltma-glass-effect-no elementor-widget elementor-widget-image\" data-id=\"e2a5576\" data-element_type=\"widget\" data-widget_type=\"image.default\">\n\t\t\t\t<div class=\"elementor-widget-container\">\n\t\t\t<style>\/*! elementor - v3.21.0 - 22-05-2024 *\/\n.elementor-widget-image{text-align:center}.elementor-widget-image a{display:inline-block}.elementor-widget-image a img[src$=\".svg\"]{width:48px}.elementor-widget-image img{vertical-align:middle;display:inline-block}<\/style>\t\t\t\t\t\t\t\t\t\t<img fetchpriority=\"high\" decoding=\"async\" width=\"2472\" height=\"998\" src=\"https:\/\/sudesan.com.tr\/wp-content\/uploads\/2024\/09\/turizm.png\" class=\"attachment-full size-full wp-image-2768\" alt=\"\" srcset=\"https:\/\/sudesan.com.tr\/wp-content\/uploads\/2024\/09\/turizm.png 2472w, https:\/\/sudesan.com.tr\/wp-content\/uploads\/2024\/09\/turizm-300x121.png 300w, https:\/\/sudesan.com.tr\/wp-content\/uploads\/2024\/09\/turizm-1024x413.png 1024w, https:\/\/sudesan.com.tr\/wp-content\/uploads\/2024\/09\/turizm-768x310.png 768w, https:\/\/sudesan.com.tr\/wp-content\/uploads\/2024\/09\/turizm-1536x620.png 1536w, https:\/\/sudesan.com.tr\/wp-content\/uploads\/2024\/09\/turizm-2048x827.png 2048w, https:\/\/sudesan.com.tr\/wp-content\/uploads\/2024\/09\/turizm-18x7.png 18w\" sizes=\"(max-width: 2472px) 100vw, 2472px\" \/>\t\t\t\t\t\t\t\t\t\t\t\t\t<\/div>\n\t\t\t\t<\/div>\n\t\t\t\t\t<\/div>\n\t\t\t\t<\/div>\n\t\t<div class=\"elementor-element elementor-element-d8f6742 e-flex e-con-boxed e-con e-parent\" data-id=\"d8f6742\" data-element_type=\"container\">\n\t\t\t\t\t<div class=\"e-con-inner\">\n\t\t\t\t<div class=\"elementor-element elementor-element-25d586e jltma-glass-effect-no elementor-widget elementor-widget-text-editor\" data-id=\"25d586e\" data-element_type=\"widget\" data-widget_type=\"text-editor.default\">\n\t\t\t\t<div class=\"elementor-widget-container\">\n\t\t\t<style>\/*! elementor - v3.21.0 - 22-05-2024 *\/\n.elementor-widget-text-editor.elementor-drop-cap-view-stacked .elementor-drop-cap{background-color:#69727d;color:#fff}.elementor-widget-text-editor.elementor-drop-cap-view-framed .elementor-drop-cap{color:#69727d;border:3px solid;background-color:transparent}.elementor-widget-text-editor:not(.elementor-drop-cap-view-default) .elementor-drop-cap{margin-top:8px}.elementor-widget-text-editor:not(.elementor-drop-cap-view-default) .elementor-drop-cap-letter{width:1em;height:1em}.elementor-widget-text-editor .elementor-drop-cap{float:left;text-align:center;line-height:1;font-size:50px}.elementor-widget-text-editor .elementor-drop-cap-letter{display:inline-block}<\/style>\t\t\t\t<p><span style=\"color: #54595f;\">Mordeniz Turizm A.\u015e., one of our group companies. Marmaris Park Hotel, which has been operating within the scope of the hotel since 1986, has been offering a unique holiday experience in touch with nature, surrounded by pine trees, with its clean air and fascinating Mediterranean view.<\/span><\/p><p><span style=\"color: #54595f;\">We provide comfort and peace together with our all-inclusive concept. Marmaris Park Hotel consists of 2 main buildings and 16 bungalows and provides service with a total of 415 rooms. With 285 bungalows and 130 hotel rooms, we offer accommodation options to suit every taste. Hygiene, guest satisfaction and quality service are among our top priorities.<\/span><\/p><p><span style=\"color: #54595f;\">We invite you to Marmaris Park Hotel for your dream holiday.<\/span><\/p><p><span style=\"color: #54595f;\">For more information and reservations, visit our website now:<\/span><\/p><p><a href=\"https:\/\/www.gomarmarispark.com\/\" target=\"_blank\" rel=\"noopener\">www.gomarmarispark.com<\/a><\/p>\t\t\t\t\t\t<\/div>\n\t\t\t\t<\/div>\n\t\t\t\t\t<\/div>\n\t\t\t\t<\/div>\n\t\t\t\t<\/div>","protected":false},"excerpt":{"rendered":"<p>Grup \u015firketlerimizden Mordeniz Turizm A.\u015e. b\u00fcnyesinde faaliyet g\u00f6steren Marmaris Park Otel, 1986&#8217;dan bu yana do\u011fayla i\u00e7 i\u00e7e, \u00e7am a\u011fa\u00e7lar\u0131yla \u00e7evrili, tertemiz havas\u0131 ve b\u00fcy\u00fcleyici Akdeniz manzaras\u0131yla benzersiz bir tatil deneyimi sunmaktad\u0131r. Her \u015fey dahil konseptimizle konfor ve huzuru bir arada ya\u015fat\u0131yoruz. Marmaris Park Otel, 2 ana bina ve 16 bungalovdan olu\u015fmakta olup, toplamda 415 oda&hellip;<\/p>","protected":false},"author":1,"featured_media":0,"parent":0,"menu_order":0,"comment_status":"closed","ping_status":"closed","template":"","meta":{"footnotes":""},"class_list":["post-2518","page","type-page","status-publish","hentry"],"_links":{"self":[{"href":"https:\/\/sudesan.com.tr\/en\/wp-json\/wp\/v2\/pages\/2518","targetHints":{"allow":["GET"]}}],"collection":[{"href":"https:\/\/sudesan.com.tr\/en\/wp-json\/wp\/v2\/pages"}],"about":[{"href":"https:\/\/sudesan.com.tr\/en\/wp-json\/wp\/v2\/types\/page"}],"author":[{"embeddable":true,"href":"https:\/\/sudesan.com.tr\/en\/wp-json\/wp\/v2\/users\/1"}],"replies":[{"embeddable":true,"href":"https:\/\/sudesan.com.tr\/en\/wp-json\/wp\/v2\/comments?post=2518"}],"version-history":[{"count":43,"href":"https:\/\/sudesan.com.tr\/en\/wp-json\/wp\/v2\/pages\/2518\/revisions"}],"predecessor-version":[{"id":2998,"href":"https:\/\/sudesan.com.tr\/en\/wp-json\/wp\/v2\/pages\/2518\/revisions\/2998"}],"wp:attachment":[{"href":"https:\/\/sudesan.com.tr\/en\/wp-json\/wp\/v2\/media?parent=2518"}],"curies":[{"name":"wp","href":"https:\/\/api.w.org\/{rel}","templated":true}]}}