{"id":2533,"date":"2024-08-28T13:39:35","date_gmt":"2024-08-28T13:39:35","guid":{"rendered":"https:\/\/sudesan.com.tr\/?page_id=2533"},"modified":"2024-09-13T23:38:46","modified_gmt":"2024-09-13T23:38:46","slug":"reanima","status":"publish","type":"page","link":"https:\/\/sudesan.com.tr\/en\/reanima\/","title":{"rendered":"Reanima"},"content":{"rendered":"<div data-elementor-type=\"wp-page\" data-elementor-id=\"2533\" class=\"elementor elementor-2533\" data-elementor-post-type=\"page\">\n\t\t\t\t<div class=\"elementor-element elementor-element-508aca9 e-flex e-con-boxed e-con e-parent\" data-id=\"508aca9\" data-element_type=\"container\">\n\t\t\t\t\t<div class=\"e-con-inner\">\n\t\t<div class=\"elementor-element elementor-element-3df299a e-flex e-con-boxed e-con e-child\" data-id=\"3df299a\" data-element_type=\"container\">\n\t\t\t\t\t<div class=\"e-con-inner\">\n\t\t<div class=\"elementor-element elementor-element-084d850 e-con-full e-flex e-con e-child\" data-id=\"084d850\" data-element_type=\"container\">\n\t\t\t\t<div class=\"elementor-element elementor-element-6ab84eb jltma-glass-effect-no elementor-widget elementor-widget-image\" data-id=\"6ab84eb\" data-element_type=\"widget\" data-widget_type=\"image.default\">\n\t\t\t\t<div class=\"elementor-widget-container\">\n\t\t\t<style>\/*! elementor - v3.21.0 - 22-05-2024 *\/\n.elementor-widget-image{text-align:center}.elementor-widget-image a{display:inline-block}.elementor-widget-image a img[src$=\".svg\"]{width:48px}.elementor-widget-image img{vertical-align:middle;display:inline-block}<\/style>\t\t\t\t\t\t\t\t\t\t<img fetchpriority=\"high\" decoding=\"async\" width=\"757\" height=\"490\" src=\"https:\/\/sudesan.com.tr\/wp-content\/uploads\/2024\/08\/5.png\" class=\"attachment-full size-full wp-image-2580\" alt=\"\" srcset=\"https:\/\/sudesan.com.tr\/wp-content\/uploads\/2024\/08\/5.png 757w, https:\/\/sudesan.com.tr\/wp-content\/uploads\/2024\/08\/5-300x194.png 300w, https:\/\/sudesan.com.tr\/wp-content\/uploads\/2024\/08\/5-18x12.png 18w\" sizes=\"(max-width: 757px) 100vw, 757px\" \/>\t\t\t\t\t\t\t\t\t\t\t\t\t<\/div>\n\t\t\t\t<\/div>\n\t\t\t\t<\/div>\n\t\t<div class=\"elementor-element elementor-element-9744cde e-con-full e-flex e-con e-child\" data-id=\"9744cde\" data-element_type=\"container\">\n\t\t\t\t<div class=\"elementor-element elementor-element-c0f7387 jltma-glass-effect-no elementor-widget elementor-widget-text-editor\" data-id=\"c0f7387\" data-element_type=\"widget\" data-widget_type=\"text-editor.default\">\n\t\t\t\t<div class=\"elementor-widget-container\">\n\t\t\t<style>\/*! elementor - v3.21.0 - 22-05-2024 *\/\n.elementor-widget-text-editor.elementor-drop-cap-view-stacked .elementor-drop-cap{background-color:#69727d;color:#fff}.elementor-widget-text-editor.elementor-drop-cap-view-framed .elementor-drop-cap{color:#69727d;border:3px solid;background-color:transparent}.elementor-widget-text-editor:not(.elementor-drop-cap-view-default) .elementor-drop-cap{margin-top:8px}.elementor-widget-text-editor:not(.elementor-drop-cap-view-default) .elementor-drop-cap-letter{width:1em;height:1em}.elementor-widget-text-editor .elementor-drop-cap{float:left;text-align:center;line-height:1;font-size:50px}.elementor-widget-text-editor .elementor-drop-cap-letter{display:inline-block}<\/style>\t\t\t\t<h3>\u00a0<\/h3>\n<h3><mark class=\"has-inline-color\" style=\"background-color: rgba(0, 0, 0, 0); color: #199ea3;\">Hair Loss Prevention Series<\/mark><\/h3>\n<p><!-- \/wp:heading --><\/p>\n<p><!-- wp:paragraph --><\/p>\n<p>Reanima Anti Hair Loss Series helps reduce hair loss and promote healthy hair growth. It provides intensive care to the scalp with the powerful amino acid and vitamin complex it contains, balances sebum secretion, and helps reduce dandruff and itching. It softens the hair, increases its flexibility and ease of combing. It helps prevent hair loss by nourishing the hair follicles. It helps soften dry, dull or damaged hair by restoring its elasticity and nourishing it with pineapple, banana, cocoa extracts and vitamins. Enriched with Herbal Keratin, which contains hydrolyzed proteins from wheat, corn and soybeans. It helps provide shine and softness by protecting the structure of the hair with Herbal Keratin.<\/p>\t\t\t\t\t\t<\/div>\n\t\t\t\t<\/div>\n\t\t\t\t<\/div>\n\t\t\t\t\t<\/div>\n\t\t\t\t<\/div>\n\t\t\t\t\t<\/div>\n\t\t\t\t<\/div>\n\t\t<div class=\"elementor-element elementor-element-01ec27e e-flex e-con-boxed e-con e-parent\" data-id=\"01ec27e\" data-element_type=\"container\">\n\t\t\t\t\t<div class=\"e-con-inner\">\n\t\t<div class=\"elementor-element elementor-element-1c0415c e-flex e-con-boxed e-con e-child\" data-id=\"1c0415c\" data-element_type=\"container\">\n\t\t\t\t\t<div class=\"e-con-inner\">\n\t\t<div class=\"elementor-element elementor-element-bf6d9b4 e-con-full e-flex e-con e-child\" data-id=\"bf6d9b4\" data-element_type=\"container\">\n\t\t\t\t<div class=\"elementor-element elementor-element-bcdef03 jltma-glass-effect-no elementor-widget elementor-widget-text-editor\" data-id=\"bcdef03\" data-element_type=\"widget\" data-widget_type=\"text-editor.default\">\n\t\t\t\t<div class=\"elementor-widget-container\">\n\t\t\t\t\t\t\t<h3 style=\"text-align: right;\"><mark class=\"has-inline-color\" style=\"background-color: rgba(0, 0, 0, 0); color: #199ea3;\">Volumizing Series<\/mark><\/h3>\n<p style=\"font-weight: 400; text-align: right;\">It helps create healthy-looking volume in thin, lifeless, lifeless hair. Formulated for thin and lifeless hair, Reanima Volumizing Shampoo and Reanima Volumizing Conditioner add volume from root to tip with a mixture of Rosemary Oil, Quinoa Protein and Agave Extract. Quinoa seeds are rich in essential amino acids and help prevent split ends. The peptides contained in quinoa seeds bind to the hair strands and help increase the density of the hair without weighing it down. Agave Extract and Rosemary oil in its content helps nourish the hair and support hair growth.<\/p>\n<p style=\"text-align: right;\">\u00a0<\/p>\n<p><!-- \/wp:heading --><\/p>\n<p><!-- wp:paragraph --><\/p>\t\t\t\t\t\t<\/div>\n\t\t\t\t<\/div>\n\t\t\t\t<\/div>\n\t\t<div class=\"elementor-element elementor-element-81bedf0 e-con-full e-flex e-con e-child\" data-id=\"81bedf0\" data-element_type=\"container\">\n\t\t\t\t<div class=\"elementor-element elementor-element-2b27da2 jltma-glass-effect-no elementor-widget elementor-widget-image\" data-id=\"2b27da2\" data-element_type=\"widget\" data-widget_type=\"image.default\">\n\t\t\t\t<div class=\"elementor-widget-container\">\n\t\t\t\t\t\t\t\t\t\t\t\t\t<img decoding=\"async\" width=\"757\" height=\"490\" src=\"https:\/\/sudesan.com.tr\/wp-content\/uploads\/2024\/08\/4.png\" class=\"attachment-large size-large wp-image-2583\" alt=\"\" srcset=\"https:\/\/sudesan.com.tr\/wp-content\/uploads\/2024\/08\/4.png 757w, https:\/\/sudesan.com.tr\/wp-content\/uploads\/2024\/08\/4-300x194.png 300w, https:\/\/sudesan.com.tr\/wp-content\/uploads\/2024\/08\/4-18x12.png 18w\" sizes=\"(max-width: 757px) 100vw, 757px\" \/>\t\t\t\t\t\t\t\t\t\t\t\t\t<\/div>\n\t\t\t\t<\/div>\n\t\t\t\t<\/div>\n\t\t\t\t\t<\/div>\n\t\t\t\t<\/div>\n\t\t\t\t\t<\/div>\n\t\t\t\t<\/div>\n\t\t<div class=\"elementor-element elementor-element-dee78ac e-flex e-con-boxed e-con e-parent\" data-id=\"dee78ac\" data-element_type=\"container\">\n\t\t\t\t\t<div class=\"e-con-inner\">\n\t\t<div class=\"elementor-element elementor-element-399b02a e-flex e-con-boxed e-con e-child\" data-id=\"399b02a\" data-element_type=\"container\">\n\t\t\t\t\t<div class=\"e-con-inner\">\n\t\t<div class=\"elementor-element elementor-element-6db2331 e-con-full e-flex e-con e-child\" data-id=\"6db2331\" data-element_type=\"container\">\n\t\t\t\t<div class=\"elementor-element elementor-element-3e95e8d jltma-glass-effect-no elementor-widget elementor-widget-image\" data-id=\"3e95e8d\" data-element_type=\"widget\" data-widget_type=\"image.default\">\n\t\t\t\t<div class=\"elementor-widget-container\">\n\t\t\t\t\t\t\t\t\t\t\t\t\t<img decoding=\"async\" width=\"757\" height=\"490\" src=\"https:\/\/sudesan.com.tr\/wp-content\/uploads\/2024\/09\/3-kopya-2.png\" class=\"attachment-large size-large wp-image-2834\" alt=\"\" srcset=\"https:\/\/sudesan.com.tr\/wp-content\/uploads\/2024\/09\/3-kopya-2.png 757w, https:\/\/sudesan.com.tr\/wp-content\/uploads\/2024\/09\/3-kopya-2-300x194.png 300w, https:\/\/sudesan.com.tr\/wp-content\/uploads\/2024\/09\/3-kopya-2-18x12.png 18w\" sizes=\"(max-width: 757px) 100vw, 757px\" \/>\t\t\t\t\t\t\t\t\t\t\t\t\t<\/div>\n\t\t\t\t<\/div>\n\t\t\t\t<\/div>\n\t\t<div class=\"elementor-element elementor-element-b56ae3c e-con-full e-flex e-con e-child\" data-id=\"b56ae3c\" data-element_type=\"container\">\n\t\t\t\t<div class=\"elementor-element elementor-element-cf1e828 jltma-glass-effect-no elementor-widget elementor-widget-text-editor\" data-id=\"cf1e828\" data-element_type=\"widget\" data-widget_type=\"text-editor.default\">\n\t\t\t\t<div class=\"elementor-widget-container\">\n\t\t\t\t\t\t\t<h3><mark class=\"has-inline-color\" style=\"background-color: rgba(0, 0, 0, 0); color: #199ea3;\">Repair Series<\/mark><\/h3>\n<p><!-- \/wp:heading --><\/p>\n<p><!-- wp:paragraph --><\/p>\n<p><span class=\"\" lang=\"TR\"><span class=\"\">It helps the hair gain a healthy appearance by providing the necessary balance and balanced nutrition of the scalp and hair. It is ideal for hair damaged as a result of chemical treatments such as Brazilian blow dry, dyeing and perm. The beta-glucan it contains helps maintain the moisture level of the scalp and prevents dryness. This helps hair follicles produce thicker and softer hair, thus improving the quality and quantity of hair. Reduces damage caused by hair dye. Provides strong and long-lasting moisturization for all hair types. It helps care for weakened hair by providing nourishment, protection and reduction of environmental damage with Acai, Acerola, Grape Extracts, vitamins and antioxidants. Enriched with Herbal Keratin, which contains hydrolyzed proteins from wheat, corn and soybeans. It helps provide shine and softness by protecting the structure of the hair with Herbal Keratin.<\/span><\/span><\/p>\t\t\t\t\t\t<\/div>\n\t\t\t\t<\/div>\n\t\t\t\t<\/div>\n\t\t\t\t\t<\/div>\n\t\t\t\t<\/div>\n\t\t\t\t\t<\/div>\n\t\t\t\t<\/div>\n\t\t<div class=\"elementor-element elementor-element-a29fe7f e-flex e-con-boxed e-con e-parent\" data-id=\"a29fe7f\" data-element_type=\"container\">\n\t\t\t\t\t<div class=\"e-con-inner\">\n\t\t<div class=\"elementor-element elementor-element-deae51c e-flex e-con-boxed e-con e-child\" data-id=\"deae51c\" data-element_type=\"container\">\n\t\t\t\t\t<div class=\"e-con-inner\">\n\t\t<div class=\"elementor-element elementor-element-51cbde5 e-con-full e-flex e-con e-child\" data-id=\"51cbde5\" data-element_type=\"container\">\n\t\t\t\t<div class=\"elementor-element elementor-element-5ae68e0 jltma-glass-effect-no elementor-widget elementor-widget-text-editor\" data-id=\"5ae68e0\" data-element_type=\"widget\" data-widget_type=\"text-editor.default\">\n\t\t\t\t<div class=\"elementor-widget-container\">\n\t\t\t\t\t\t\t<h3 style=\"text-align: right;\"><mark class=\"has-inline-color\" style=\"background-color: rgba(0, 0, 0, 0); color: #199ea3;\"><span class=\"\" lang=\"TR\">Rich Moisturizing Series<\/span><\/mark><\/h3>\n<p style=\"text-align: right;\"><!-- \/wp:heading --><\/p>\n<p style=\"text-align: right;\"><!-- wp:paragraph --><\/p>\n<p style=\"text-align: right;\">It helps revitalize brittle hair that has lost its moisture. It makes the hair look healthy and shiny. It is specially formulated with its content consisting of a 3D network of 3 natural biopolymers; Pullulan, Sodium Alginate and Hyaluronic acid. The Hyaluronic Acid it contains adds moisture to the hair without weighing it down. It reduces moisture evaporation, making the hair look fuller and brighter. It helps care for dry and weakened hair by softening and nourishing it with papaya, melon, cocoa extracts and vitamins. Enriched with Herbal Keratin, which contains hydrolyzed proteins from wheat, corn and soybeans. It helps provide shine and softness by protecting the structure of the hair with Herbal Keratin.<\/p>\t\t\t\t\t\t<\/div>\n\t\t\t\t<\/div>\n\t\t\t\t<\/div>\n\t\t<div class=\"elementor-element elementor-element-ccecee1 e-con-full e-flex e-con e-child\" data-id=\"ccecee1\" data-element_type=\"container\">\n\t\t\t\t<div class=\"elementor-element elementor-element-962b163 jltma-glass-effect-no elementor-widget elementor-widget-image\" data-id=\"962b163\" data-element_type=\"widget\" data-widget_type=\"image.default\">\n\t\t\t\t<div class=\"elementor-widget-container\">\n\t\t\t\t\t\t\t\t\t\t\t\t\t<img loading=\"lazy\" decoding=\"async\" width=\"757\" height=\"490\" src=\"https:\/\/sudesan.com.tr\/wp-content\/uploads\/2024\/09\/3-kopya-3.png\" class=\"attachment-large size-large wp-image-2848\" alt=\"\" srcset=\"https:\/\/sudesan.com.tr\/wp-content\/uploads\/2024\/09\/3-kopya-3.png 757w, https:\/\/sudesan.com.tr\/wp-content\/uploads\/2024\/09\/3-kopya-3-300x194.png 300w, https:\/\/sudesan.com.tr\/wp-content\/uploads\/2024\/09\/3-kopya-3-18x12.png 18w\" sizes=\"(max-width: 757px) 100vw, 757px\" \/>\t\t\t\t\t\t\t\t\t\t\t\t\t<\/div>\n\t\t\t\t<\/div>\n\t\t\t\t<\/div>\n\t\t\t\t\t<\/div>\n\t\t\t\t<\/div>\n\t\t\t\t\t<\/div>\n\t\t\t\t<\/div>\n\t\t<div class=\"elementor-element elementor-element-e0bafef e-flex e-con-boxed e-con e-parent\" data-id=\"e0bafef\" data-element_type=\"container\">\n\t\t\t\t\t<div class=\"e-con-inner\">\n\t\t\t\t<div class=\"elementor-element elementor-element-f41f39c jltma-glass-effect-no elementor-widget elementor-widget-text-editor\" data-id=\"f41f39c\" data-element_type=\"widget\" data-widget_type=\"text-editor.default\">\n\t\t\t\t<div class=\"elementor-widget-container\">\n\t\t\t\t\t\t\t<p class=\" translation-block\"><span style=\"color: #54595f\">\u00a0 \u00a0 \u00a0 \u00a0 \u00a0 \u00a0 \u00a0 \u00a0 \u00a0 \u00a0 \u00a0 \u00a0 \u00a0 \u00a0 \u00a0 \u00a0 \u00a0 \u00a0 \u00a0 \u00a0 \u00a0 \u00a0 \u00a0 \u00a0 \u00a0 \u00a0 \u00a0 \u00a0 \u00a0 \u00a0 \u00a0 \u00a0 \u00a0<\/span><span style=\"color: #54595f\">You can visit;<\/span><a target=\"_blank\" href=\"https:\/\/reanima.com.tr\/\"><strong><span style=\"color: #7fcdc6\">\u00a0www.reanima.com.tr<\/span><\/strong>\u00a0<\/a><span style=\"color: #54595f\"> for further information.<\/span><\/p>\t\t\t\t\t\t<\/div>\n\t\t\t\t<\/div>\n\t\t\t\t\t<\/div>\n\t\t\t\t<\/div>\n\t\t<div class=\"elementor-element elementor-element-b5b656f e-flex e-con-boxed e-con e-parent\" data-id=\"b5b656f\" data-element_type=\"container\">\n\t\t\t\t\t<div class=\"e-con-inner\">\n\t\t\t\t<div class=\"elementor-element elementor-element-94dbaac elementor-icon-list--layout-inline elementor-align-center elementor-list-item-link-full_width jltma-glass-effect-no elementor-widget elementor-widget-icon-list\" data-id=\"94dbaac\" data-element_type=\"widget\" data-widget_type=\"icon-list.default\">\n\t\t\t\t<div class=\"elementor-widget-container\">\n\t\t\t<link rel=\"stylesheet\" href=\"https:\/\/sudesan.com.tr\/wp-content\/plugins\/elementor\/assets\/css\/widget-icon-list.min.css\">\t\t<ul class=\"elementor-icon-list-items elementor-inline-items\">\n\t\t\t\t\t\t\t<li class=\"elementor-icon-list-item elementor-inline-item\">\n\t\t\t\t\t\t\t\t\t\t\t<a href=\"https:\/\/drive.google.com\/file\/d\/1wK9IhyddY8LbtA12iNQbAsVFQsbymgHy\/view\" target=\"_blank\">\n\n\t\t\t\t\t\t\t\t\t\t\t\t<span class=\"elementor-icon-list-icon\">\n\t\t\t\t\t\t\t<svg aria-hidden=\"true\" class=\"e-font-icon-svg e-fas-external-link-alt\" viewbox=\"0 0 512 512\" xmlns=\"http:\/\/www.w3.org\/2000\/svg\"><path d=\"M432,320H400a16,16,0,0,0-16,16V448H64V128H208a16,16,0,0,0,16-16V80a16,16,0,0,0-16-16H48A48,48,0,0,0,0,112V464a48,48,0,0,0,48,48H400a48,48,0,0,0,48-48V336A16,16,0,0,0,432,320ZM488,0h-128c-21.37,0-32.05,25.91-17,41l35.73,35.73L135,320.37a24,24,0,0,0,0,34L157.67,377a24,24,0,0,0,34,0L435.28,133.32,471,169c15,15,41,4.5,41-17V24A24,24,0,0,0,488,0Z\"><\/path><\/svg>\t\t\t\t\t\t<\/span>\n\t\t\t\t\t\t\t\t\t\t<span class=\"elementor-icon-list-text\">Reanima Catalog<\/span>\n\t\t\t\t\t\t\t\t\t\t\t<\/a>\n\t\t\t\t\t\t\t\t\t<\/li>\n\t\t\t\t\t\t<\/ul>\n\t\t\t\t<\/div>\n\t\t\t\t<\/div>\n\t\t\t\t\t<\/div>\n\t\t\t\t<\/div>\n\t\t\t\t<\/div>","protected":false},"excerpt":{"rendered":"<p>\u00a0 Sa\u00e7 D\u00f6k\u00fclmesini \u00d6nleyici Seri Reanima Anti Hair Loss Serisi sa\u00e7 d\u00f6k\u00fclmesinin azalt\u0131lmas\u0131na ve sa\u011fl\u0131kl\u0131 sa\u00e7 uzamas\u0131na yard\u0131mc\u0131 olur. \u0130\u00e7eri\u011findeki g\u00fc\u00e7l\u00fc aminoasit ve vitamin kompleksi ile sa\u00e7 derisine yo\u011fun bak\u0131m sa\u011flar, sebum salg\u0131s\u0131n\u0131 dengeler, kepek ve ka\u015f\u0131nt\u0131n\u0131n azalmas\u0131na yard\u0131mc\u0131 olur. Sa\u00e7\u0131 yumu\u015fat\u0131r, esnekli\u011fini ve tarama kolayl\u0131\u011f\u0131n\u0131 art\u0131r\u0131r. Sa\u00e7 k\u00f6klerini besleyerek sa\u00e7 d\u00f6k\u00fclmesinin \u00f6nlenmesine yard\u0131mc\u0131 olur.&hellip;<\/p>","protected":false},"author":1,"featured_media":0,"parent":0,"menu_order":0,"comment_status":"closed","ping_status":"closed","template":"","meta":{"footnotes":""},"class_list":["post-2533","page","type-page","status-publish","hentry"],"_links":{"self":[{"href":"https:\/\/sudesan.com.tr\/en\/wp-json\/wp\/v2\/pages\/2533","targetHints":{"allow":["GET"]}}],"collection":[{"href":"https:\/\/sudesan.com.tr\/en\/wp-json\/wp\/v2\/pages"}],"about":[{"href":"https:\/\/sudesan.com.tr\/en\/wp-json\/wp\/v2\/types\/page"}],"author":[{"embeddable":true,"href":"https:\/\/sudesan.com.tr\/en\/wp-json\/wp\/v2\/users\/1"}],"replies":[{"embeddable":true,"href":"https:\/\/sudesan.com.tr\/en\/wp-json\/wp\/v2\/comments?post=2533"}],"version-history":[{"count":59,"href":"https:\/\/sudesan.com.tr\/en\/wp-json\/wp\/v2\/pages\/2533\/revisions"}],"predecessor-version":[{"id":3091,"href":"https:\/\/sudesan.com.tr\/en\/wp-json\/wp\/v2\/pages\/2533\/revisions\/3091"}],"wp:attachment":[{"href":"https:\/\/sudesan.com.tr\/en\/wp-json\/wp\/v2\/media?parent=2533"}],"curies":[{"name":"wp","href":"https:\/\/api.w.org\/{rel}","templated":true}]}}