{"id":2906,"date":"2024-09-13T16:55:38","date_gmt":"2024-09-13T16:55:38","guid":{"rendered":"https:\/\/sudesan.com.tr\/?page_id=2906"},"modified":"2024-09-13T17:13:59","modified_gmt":"2024-09-13T17:13:59","slug":"madencilik","status":"publish","type":"page","link":"https:\/\/sudesan.com.tr\/en\/madencilik\/","title":{"rendered":"Mining"},"content":{"rendered":"<div data-elementor-type=\"wp-page\" data-elementor-id=\"2906\" class=\"elementor elementor-2906\" data-elementor-post-type=\"page\">\n\t\t\t\t<div class=\"elementor-element elementor-element-7db8208 e-flex e-con-boxed e-con e-parent\" data-id=\"7db8208\" data-element_type=\"container\">\n\t\t\t\t\t<div class=\"e-con-inner\">\n\t\t\t\t<div class=\"elementor-element elementor-element-4b48141 jltma-glass-effect-no elementor-widget elementor-widget-image\" data-id=\"4b48141\" data-element_type=\"widget\" data-widget_type=\"image.default\">\n\t\t\t\t<div class=\"elementor-widget-container\">\n\t\t\t<style>\/*! elementor - v3.21.0 - 22-05-2024 *\/\n.elementor-widget-image{text-align:center}.elementor-widget-image a{display:inline-block}.elementor-widget-image a img[src$=\".svg\"]{width:48px}.elementor-widget-image img{vertical-align:middle;display:inline-block}<\/style>\t\t\t\t\t\t\t\t\t\t<img fetchpriority=\"high\" decoding=\"async\" width=\"1514\" height=\"609\" src=\"https:\/\/sudesan.com.tr\/wp-content\/uploads\/2024\/09\/IMG_2761.png\" class=\"attachment-full size-full wp-image-2912\" alt=\"\" srcset=\"https:\/\/sudesan.com.tr\/wp-content\/uploads\/2024\/09\/IMG_2761.png 1514w, https:\/\/sudesan.com.tr\/wp-content\/uploads\/2024\/09\/IMG_2761-300x121.png 300w, https:\/\/sudesan.com.tr\/wp-content\/uploads\/2024\/09\/IMG_2761-1024x412.png 1024w, https:\/\/sudesan.com.tr\/wp-content\/uploads\/2024\/09\/IMG_2761-768x309.png 768w, https:\/\/sudesan.com.tr\/wp-content\/uploads\/2024\/09\/IMG_2761-18x7.png 18w\" sizes=\"(max-width: 1514px) 100vw, 1514px\" \/>\t\t\t\t\t\t\t\t\t\t\t\t\t<\/div>\n\t\t\t\t<\/div>\n\t\t\t\t\t<\/div>\n\t\t\t\t<\/div>\n\t\t<div class=\"elementor-element elementor-element-01d5d83 e-flex e-con-boxed e-con e-parent\" data-id=\"01d5d83\" data-element_type=\"container\">\n\t\t\t\t\t<div class=\"e-con-inner\">\n\t\t\t\t<div class=\"elementor-element elementor-element-9be664d jltma-glass-effect-no elementor-widget elementor-widget-text-editor\" data-id=\"9be664d\" data-element_type=\"widget\" data-widget_type=\"text-editor.default\">\n\t\t\t\t<div class=\"elementor-widget-container\">\n\t\t\t<style>\/*! elementor - v3.21.0 - 22-05-2024 *\/\n.elementor-widget-text-editor.elementor-drop-cap-view-stacked .elementor-drop-cap{background-color:#69727d;color:#fff}.elementor-widget-text-editor.elementor-drop-cap-view-framed .elementor-drop-cap{color:#69727d;border:3px solid;background-color:transparent}.elementor-widget-text-editor:not(.elementor-drop-cap-view-default) .elementor-drop-cap{margin-top:8px}.elementor-widget-text-editor:not(.elementor-drop-cap-view-default) .elementor-drop-cap-letter{width:1em;height:1em}.elementor-widget-text-editor .elementor-drop-cap{float:left;text-align:center;line-height:1;font-size:50px}.elementor-widget-text-editor .elementor-drop-cap-letter{display:inline-block}<\/style>\t\t\t\t<p style=\"text-align: right;\">We successfully continue our high-quality block marble and gravel-aggregate production activities in our mining area located in Bedalan, Marmara district, Bal\u0131kesir province. We have an annual production capacity of 10,000 tons of block marble in our 12 hectare marble field, and we export most of the marble we produce to world markets.<br \/>In addition, we offer high quality products for the domestic market with an annual production capacity of 450,000 tons in our gravel-aggregate facility established on a large area of \u200b\u200b99 hectares. Thanks to the port operation within our site and of which we are a partner, we provide fast and reliable service to our customers by supporting our mining activities with seamlessly integrated logistics solutions.\nWe make a difference in the industry with our innovative<br \/>approaches and superior quality approach. We continue our activities by strengthening our position in both domestic and international\u00a0markets.<\/p>\t\t\t\t\t\t<\/div>\n\t\t\t\t<\/div>\n\t\t\t\t\t<\/div>\n\t\t\t\t<\/div>\n\t\t\t\t<\/div>","protected":false},"excerpt":{"rendered":"<p>Bal\u0131kesir ili Marmara il\u00e7esi Bedalan mevkiinde bulunan maden saham\u0131zda, y\u00fcksek kaliteli blok mermer ve m\u0131c\u0131r-agrega \u00fcretim faaliyetlerimizi ba\u015far\u0131yla s\u00fcrd\u00fcrmekteyiz. 12 hektarl\u0131k mermer saham\u0131zda y\u0131ll\u0131k 10.000 ton blok mermer \u00fcretim kapasitesine sahip olup, \u00fcretti\u011fimiz mermerlerin b\u00fcy\u00fck bir k\u0131sm\u0131n\u0131 d\u00fcnya pazarlar\u0131na ihra\u00e7 ediyoruz.Ayr\u0131ca, 99 hektarl\u0131k geni\u015f bir alanda kurulu m\u0131c\u0131r-agrega tesisimizde, y\u0131ll\u0131k 450.000 tonluk \u00fcretim kapasitesiyle i\u00e7&hellip;<\/p>","protected":false},"author":1,"featured_media":0,"parent":0,"menu_order":0,"comment_status":"closed","ping_status":"closed","template":"","meta":{"footnotes":""},"class_list":["post-2906","page","type-page","status-publish","hentry"],"_links":{"self":[{"href":"https:\/\/sudesan.com.tr\/en\/wp-json\/wp\/v2\/pages\/2906","targetHints":{"allow":["GET"]}}],"collection":[{"href":"https:\/\/sudesan.com.tr\/en\/wp-json\/wp\/v2\/pages"}],"about":[{"href":"https:\/\/sudesan.com.tr\/en\/wp-json\/wp\/v2\/types\/page"}],"author":[{"embeddable":true,"href":"https:\/\/sudesan.com.tr\/en\/wp-json\/wp\/v2\/users\/1"}],"replies":[{"embeddable":true,"href":"https:\/\/sudesan.com.tr\/en\/wp-json\/wp\/v2\/comments?post=2906"}],"version-history":[{"count":10,"href":"https:\/\/sudesan.com.tr\/en\/wp-json\/wp\/v2\/pages\/2906\/revisions"}],"predecessor-version":[{"id":2925,"href":"https:\/\/sudesan.com.tr\/en\/wp-json\/wp\/v2\/pages\/2906\/revisions\/2925"}],"wp:attachment":[{"href":"https:\/\/sudesan.com.tr\/en\/wp-json\/wp\/v2\/media?parent=2906"}],"curies":[{"name":"wp","href":"https:\/\/api.w.org\/{rel}","templated":true}]}}