{"id":3,"date":"2024-05-24T12:36:58","date_gmt":"2024-05-24T12:36:58","guid":{"rendered":"https:\/\/sudesan.com.tr\/?page_id=3"},"modified":"2026-03-13T09:01:03","modified_gmt":"2026-03-13T09:01:03","slug":"kvkk","status":"publish","type":"page","link":"https:\/\/sudesan.com.tr\/en\/kvkk\/","title":{"rendered":"PDPL"},"content":{"rendered":"<div data-elementor-type=\"wp-page\" data-elementor-id=\"3\" class=\"elementor elementor-3\" data-elementor-post-type=\"page\">\n\t\t\t\t<div class=\"elementor-element elementor-element-674d9697 e-flex e-con-boxed e-con e-parent\" data-id=\"674d9697\" data-element_type=\"container\">\n\t\t\t\t\t<div class=\"e-con-inner\">\n\t\t\t\t<div class=\"elementor-element elementor-element-7a621c0d jltma-glass-effect-no elementor-widget elementor-widget-text-editor\" data-id=\"7a621c0d\" data-element_type=\"widget\" data-widget_type=\"text-editor.default\">\n\t\t\t\t<div class=\"elementor-widget-container\">\n\t\t\t<style>\/*! elementor - v3.21.0 - 22-05-2024 *\/\n.elementor-widget-text-editor.elementor-drop-cap-view-stacked .elementor-drop-cap{background-color:#69727d;color:#fff}.elementor-widget-text-editor.elementor-drop-cap-view-framed .elementor-drop-cap{color:#69727d;border:3px solid;background-color:transparent}.elementor-widget-text-editor:not(.elementor-drop-cap-view-default) .elementor-drop-cap{margin-top:8px}.elementor-widget-text-editor:not(.elementor-drop-cap-view-default) .elementor-drop-cap-letter{width:1em;height:1em}.elementor-widget-text-editor .elementor-drop-cap{float:left;text-align:center;line-height:1;font-size:50px}.elementor-widget-text-editor .elementor-drop-cap-letter{display:inline-block}<\/style>\t\t\t\t<!-- wp:paragraph -->\n<p><strong>De\u011ferli Muhataplar\u0131m\u0131z,<\/strong><\/p>\n<p>Ki\u015fisel verileriniz bizim i\u00e7in\u00a0de\u011ferlidir.\u00a0SUDESAN olarak, bilgi g\u00fcvenli\u011fi ve gizlili\u011finizi en \u00fcst d\u00fczeyde korumay\u0131 taahh\u00fct ediyoruz. 6698 say\u0131l\u0131 KVKK ve GDPR standartlar\u0131na uygun \u015fekilde ki\u015fisel verilerinizi yaln\u0131zca yasal ama\u00e7lar do\u011frultusunda i\u015fliyor, gerekli teknik ve idari g\u00fcvenlik \u00f6nlemlerini titizlikle uyguluyoruz.\u00a0 Bu kapsamda; T\u00fcrkiye\u2019de y\u00fcr\u00fcrl\u00fckte olan 6698 say\u0131l\u0131 Ki\u015fisel Verilerin Korunmas\u0131 Kanunu (\u201cKVKK\u201d) ile Avrupa Birli\u011fi d\u00fczeyinde ge\u00e7erli olan General Data Protection Regulation (\u201cGDPR\u201d) ve ISO\/IEC 27001-2022, ISO\/IEC 27701 gibi veri g\u00fcvenli\u011fi standartlar\u0131na uygun hareket etmekteyiz. \u015eeffafl\u0131k ve g\u00fcven ilkeleriyle, ki\u015fisel verilerinizin korunmas\u0131na y\u00f6nelik t\u00fcm veri g\u00fcvenli\u011fi s\u00fcre\u00e7lerimizi\u00a0 bu sayfada \u00fczerinden inceleyebilirsiniz.<\/p>\n<!-- \/wp:paragraph -->\t\t\t\t\t\t<\/div>\n\t\t\t\t<\/div>\n\t\t\t\t\t<\/div>\n\t\t\t\t<\/div>\n\t\t<div class=\"elementor-element elementor-element-d3ab726 e-flex e-con-boxed e-con e-parent\" data-id=\"d3ab726\" data-element_type=\"container\">\n\t\t\t\t\t<div class=\"e-con-inner\">\n\t\t\t\t<div class=\"elementor-element elementor-element-24a5d1a jltma-glass-effect-no elementor-widget elementor-widget-text-editor\" data-id=\"24a5d1a\" data-element_type=\"widget\" data-widget_type=\"text-editor.default\">\n\t\t\t\t<div class=\"elementor-widget-container\">\n\t\t\t\t\t\t\t<p>D\u00f6k\u00fcmanlar<\/p>\t\t\t\t\t\t<\/div>\n\t\t\t\t<\/div>\n\t\t\t\t<div class=\"elementor-element elementor-element-0b69986 jltma-glass-effect-no elementor-widget elementor-widget-toggle\" data-id=\"0b69986\" data-element_type=\"widget\" data-widget_type=\"toggle.default\">\n\t\t\t\t<div class=\"elementor-widget-container\">\n\t\t\t<style>\/*! elementor - v3.21.0 - 22-05-2024 *\/\n.elementor-toggle{text-align:start}.elementor-toggle .elementor-tab-title{font-weight:700;line-height:1;margin:0;padding:15px;border-bottom:1px solid #d5d8dc;cursor:pointer;outline:none}.elementor-toggle .elementor-tab-title .elementor-toggle-icon{display:inline-block;width:1em}.elementor-toggle .elementor-tab-title .elementor-toggle-icon svg{margin-inline-start:-5px;width:1em;height:1em}.elementor-toggle .elementor-tab-title .elementor-toggle-icon.elementor-toggle-icon-right{float:right;text-align:right}.elementor-toggle .elementor-tab-title .elementor-toggle-icon.elementor-toggle-icon-left{float:left;text-align:left}.elementor-toggle .elementor-tab-title .elementor-toggle-icon .elementor-toggle-icon-closed{display:block}.elementor-toggle .elementor-tab-title .elementor-toggle-icon .elementor-toggle-icon-opened{display:none}.elementor-toggle .elementor-tab-title.elementor-active{border-bottom:none}.elementor-toggle .elementor-tab-title.elementor-active .elementor-toggle-icon-closed{display:none}.elementor-toggle .elementor-tab-title.elementor-active .elementor-toggle-icon-opened{display:block}.elementor-toggle .elementor-tab-content{padding:15px;border-bottom:1px solid #d5d8dc;display:none}@media (max-width:767px){.elementor-toggle .elementor-tab-title{padding:12px}.elementor-toggle .elementor-tab-content{padding:12px 10px}}.e-con-inner>.elementor-widget-toggle,.e-con>.elementor-widget-toggle{width:var(--container-widget-width);--flex-grow:var(--container-widget-flex-grow)}<\/style>\t\t<div class=\"elementor-toggle\">\n\t\t\t\t\t\t\t<div class=\"elementor-toggle-item\">\n\t\t\t\t\t<div id=\"elementor-tab-title-1191\" class=\"elementor-tab-title\" data-tab=\"1\" role=\"button\" aria-controls=\"elementor-tab-content-1191\" aria-expanded=\"false\">\n\t\t\t\t\t\t\t\t\t\t\t\t<span class=\"elementor-toggle-icon elementor-toggle-icon-left\" aria-hidden=\"true\">\n\t\t\t\t\t\t\t\t\t\t\t\t\t\t\t<span class=\"elementor-toggle-icon-closed\"><svg class=\"e-font-icon-svg e-fas-caret-right\" viewbox=\"0 0 192 512\" xmlns=\"http:\/\/www.w3.org\/2000\/svg\"><path d=\"M0 384.662V127.338c0-17.818 21.543-26.741 34.142-14.142l128.662 128.662c7.81 7.81 7.81 20.474 0 28.284L34.142 398.804C21.543 411.404 0 402.48 0 384.662z\"><\/path><\/svg><\/span>\n\t\t\t\t\t\t\t\t<span class=\"elementor-toggle-icon-opened\"><svg class=\"elementor-toggle-icon-opened e-font-icon-svg e-fas-caret-up\" viewbox=\"0 0 320 512\" xmlns=\"http:\/\/www.w3.org\/2000\/svg\"><path d=\"M288.662 352H31.338c-17.818 0-26.741-21.543-14.142-34.142l128.662-128.662c7.81-7.81 20.474-7.81 28.284 0l128.662 128.662c12.6 12.599 3.676 34.142-14.142 34.142z\"><\/path><\/svg><\/span>\n\t\t\t\t\t\t\t\t\t\t\t\t\t<\/span>\n\t\t\t\t\t\t\t\t\t\t\t\t<a class=\"elementor-toggle-title\" tabindex=\"0\">Ayd\u0131nlatma Metinleri<\/a>\n\t\t\t\t\t<\/div>\n\n\t\t\t\t\t<div id=\"elementor-tab-content-1191\" class=\"elementor-tab-content elementor-clearfix\" data-tab=\"1\" role=\"region\" aria-labelledby=\"elementor-tab-title-1191\"><p><a href=\"https:\/\/sudesan.com.tr\/wp-content\/uploads\/2025\/10\/calisan-adayi-aydinlatma-metni.pdf\">1- \u00c7al\u0131\u015fan Aday\u0131 \u0130\u00e7in Ayd\u0131nlatma Metni<\/a><\/p>\n<p><a href=\"https:\/\/sudesan.com.tr\/wp-content\/uploads\/2025\/10\/calisanlar-icin-aydinlatma-metni.pdf\">2- \u00c7al\u0131\u015fanlar \u0130\u00e7in Ayd\u0131nlatma Metni<\/a><\/p>\n<p><a href=\"https:\/\/sudesan.com.tr\/wp-content\/uploads\/2025\/10\/cerez-aydinlatma-metni.pdf\">3- \u00c7erez Ayd\u0131nlatma Metni<\/a><\/p>\n<p><a href=\"https:\/\/sudesan.com.tr\/wp-content\/uploads\/2025\/10\/etkinlik-aydinlatma-metni.pdf\">4- Etkinlik Ayd\u0131nlatma Metni<\/a><\/p>\n<p><a href=\"https:\/\/sudesan.com.tr\/wp-content\/uploads\/2025\/10\/guvenlik-kameralari-aydinlatma-metni.pdf\">5- G\u00fcvenlik Kameralar\u0131 Ayd\u0131nlatma Metni<\/a><\/p>\n<p><a href=\"https:\/\/sudesan.com.tr\/wp-content\/uploads\/2026\/03\/Musteri-Aydinlatma-Metni-Rev.1.pdf\">6- M\u00fc\u015fteriler \u0130\u00e7in Ayd\u0131nlatma Metni<\/a><\/p>\n<p><a href=\"https:\/\/sudesan.com.tr\/wp-content\/uploads\/2026\/03\/Sosyal-Medya-Aydinlatma-Metni-Rev.1.pdf\">7- Sosyal Medya Ayd\u0131nlatma Metni<\/a><\/p>\n<p><a href=\"https:\/\/sudesan.com.tr\/wp-content\/uploads\/2025\/10\/tedarikci-aydinlatma-metni.pdf\">8- Tedarik\u00e7i Ayd\u0131nlatma Metni<\/a><\/p>\n<p><a href=\"https:\/\/sudesan.com.tr\/wp-content\/uploads\/2025\/10\/ziyaretci-misafir-aydinlatma-metni.pdf\">9- Ziyaret\u00e7i\/Misafir Ayd\u0131nlatma Metni<\/a><\/p>\n<p><a href=\"https:\/\/sudesan.com.tr\/wp-content\/uploads\/2026\/03\/Bekra-beyani.pdf\">10- Bekra Beyan\u0131<\/a><\/p><\/div>\n\t\t\t\t<\/div>\n\t\t\t\t\t\t\t<div class=\"elementor-toggle-item\">\n\t\t\t\t\t<div id=\"elementor-tab-title-1192\" class=\"elementor-tab-title\" data-tab=\"2\" role=\"button\" aria-controls=\"elementor-tab-content-1192\" aria-expanded=\"false\">\n\t\t\t\t\t\t\t\t\t\t\t\t<span class=\"elementor-toggle-icon elementor-toggle-icon-left\" aria-hidden=\"true\">\n\t\t\t\t\t\t\t\t\t\t\t\t\t\t\t<span class=\"elementor-toggle-icon-closed\"><svg class=\"e-font-icon-svg e-fas-caret-right\" viewbox=\"0 0 192 512\" xmlns=\"http:\/\/www.w3.org\/2000\/svg\"><path d=\"M0 384.662V127.338c0-17.818 21.543-26.741 34.142-14.142l128.662 128.662c7.81 7.81 7.81 20.474 0 28.284L34.142 398.804C21.543 411.404 0 402.48 0 384.662z\"><\/path><\/svg><\/span>\n\t\t\t\t\t\t\t\t<span class=\"elementor-toggle-icon-opened\"><svg class=\"elementor-toggle-icon-opened e-font-icon-svg e-fas-caret-up\" viewbox=\"0 0 320 512\" xmlns=\"http:\/\/www.w3.org\/2000\/svg\"><path d=\"M288.662 352H31.338c-17.818 0-26.741-21.543-14.142-34.142l128.662-128.662c7.81-7.81 20.474-7.81 28.284 0l128.662 128.662c12.6 12.599 3.676 34.142-14.142 34.142z\"><\/path><\/svg><\/span>\n\t\t\t\t\t\t\t\t\t\t\t\t\t<\/span>\n\t\t\t\t\t\t\t\t\t\t\t\t<a class=\"elementor-toggle-title\" tabindex=\"0\">Bilgi G\u00fcvenli\u011fi Kanunlar\u0131<\/a>\n\t\t\t\t\t<\/div>\n\n\t\t\t\t\t<div id=\"elementor-tab-content-1192\" class=\"elementor-tab-content elementor-clearfix\" data-tab=\"2\" role=\"region\" aria-labelledby=\"elementor-tab-title-1192\"><p><a href=\"https:\/\/sudesan.com.tr\/wp-content\/uploads\/2025\/10\/1-Kisisel-Verilerin-Korunmasi-Kanunu-1.pdf\">1- Ki\u015fisel Verilerin Korunmas\u0131 Kanunu<\/a><\/p>\n<p><a href=\"https:\/\/sudesan.com.tr\/wp-content\/uploads\/2025\/10\/2-Aydinlatma-Yukumlulugunun-Yerine-Getirilmesi-1.pdf\">2- Ayd\u0131nlatma Y\u00fck\u00fcml\u00fcl\u00fc\u011f\u00fcn\u00fcn Yerine Getirilmesinde Uyulacak Usul Ve Esaslar Hakk\u0131nda Tebli\u011f<\/a><\/p>\n<p><a href=\"https:\/\/sudesan.com.tr\/wp-content\/uploads\/2025\/10\/3-Veri-Sorumlusuna-Basvuru-Usul-ve-Esaslar-1.pdf\">3- Veri Sorumlusuna Ba\u015fvuru Usul Ve Esaslar\u0131 Hakk\u0131nda Tebli\u011f\u00a0<\/a><\/p>\n<p><a href=\"https:\/\/sudesan.com.tr\/wp-content\/uploads\/2025\/10\/4-Bilgi-Toplumu-Hizmetleri-1.pdf\">4- Bilgi Toplumu Hizmetleri<\/a><\/p>\n<p><a href=\"https:\/\/sudesan.com.tr\/wp-content\/uploads\/2025\/10\/5-siber-guvenlik-kanunu.pdf\">5- Siber G\u00fcvenlik Kanunu<\/a><\/p><\/div>\n\t\t\t\t<\/div>\n\t\t\t\t\t\t\t<div class=\"elementor-toggle-item\">\n\t\t\t\t\t<div id=\"elementor-tab-title-1193\" class=\"elementor-tab-title\" data-tab=\"3\" role=\"button\" aria-controls=\"elementor-tab-content-1193\" aria-expanded=\"false\">\n\t\t\t\t\t\t\t\t\t\t\t\t<span class=\"elementor-toggle-icon elementor-toggle-icon-left\" aria-hidden=\"true\">\n\t\t\t\t\t\t\t\t\t\t\t\t\t\t\t<span class=\"elementor-toggle-icon-closed\"><svg class=\"e-font-icon-svg e-fas-caret-right\" viewbox=\"0 0 192 512\" xmlns=\"http:\/\/www.w3.org\/2000\/svg\"><path d=\"M0 384.662V127.338c0-17.818 21.543-26.741 34.142-14.142l128.662 128.662c7.81 7.81 7.81 20.474 0 28.284L34.142 398.804C21.543 411.404 0 402.48 0 384.662z\"><\/path><\/svg><\/span>\n\t\t\t\t\t\t\t\t<span class=\"elementor-toggle-icon-opened\"><svg class=\"elementor-toggle-icon-opened e-font-icon-svg e-fas-caret-up\" viewbox=\"0 0 320 512\" xmlns=\"http:\/\/www.w3.org\/2000\/svg\"><path d=\"M288.662 352H31.338c-17.818 0-26.741-21.543-14.142-34.142l128.662-128.662c7.81-7.81 20.474-7.81 28.284 0l128.662 128.662c12.6 12.599 3.676 34.142-14.142 34.142z\"><\/path><\/svg><\/span>\n\t\t\t\t\t\t\t\t\t\t\t\t\t<\/span>\n\t\t\t\t\t\t\t\t\t\t\t\t<a class=\"elementor-toggle-title\" tabindex=\"0\">Bilgi G\u00fcvenli\u011fi ve KVKK Politikalar\u0131<\/a>\n\t\t\t\t\t<\/div>\n\n\t\t\t\t\t<div id=\"elementor-tab-content-1193\" class=\"elementor-tab-content elementor-clearfix\" data-tab=\"3\" role=\"region\" aria-labelledby=\"elementor-tab-title-1193\"><p><a href=\"https:\/\/sudesan.com.tr\/wp-content\/uploads\/2025\/10\/bilgi-guvenligi-politikasi.pdf\">1- Bilgi G\u00fcvenli\u011fi Politikas\u0131<\/a><\/p>\n<p><a href=\"https:\/\/sudesan.com.tr\/wp-content\/uploads\/2025\/10\/kisisel-veri-yonetimi-ve-guvenligi-politikasi.pdf\">2- Ki\u015fisel Veri Y\u00f6netimi G\u00fcvenlik Politikas\u0131<\/a><\/p>\n<p><a href=\"https:\/\/sudesan.com.tr\/wp-content\/uploads\/2025\/10\/kvkk-genel-krallarimiz.pdf\">3- KVKK Genel Kurallar\u0131m\u0131z<\/a><\/p>\n<p><a href=\"https:\/\/sudesan.com.tr\/wp-content\/uploads\/2025\/10\/KVKK-ozel-nitelikli-kisisel-veri-guvenligi-politikasi.pdf\">4- KVKK \u00d6zel Nitelikli Ki\u015fisel Veri G\u00fcvenli\u011fi<\/a><\/p><\/div>\n\t\t\t\t<\/div>\n\t\t\t\t\t\t\t<div class=\"elementor-toggle-item\">\n\t\t\t\t\t<div id=\"elementor-tab-title-1194\" class=\"elementor-tab-title\" data-tab=\"4\" role=\"button\" aria-controls=\"elementor-tab-content-1194\" aria-expanded=\"false\">\n\t\t\t\t\t\t\t\t\t\t\t\t<span class=\"elementor-toggle-icon elementor-toggle-icon-left\" aria-hidden=\"true\">\n\t\t\t\t\t\t\t\t\t\t\t\t\t\t\t<span class=\"elementor-toggle-icon-closed\"><svg class=\"e-font-icon-svg e-fas-caret-right\" viewbox=\"0 0 192 512\" xmlns=\"http:\/\/www.w3.org\/2000\/svg\"><path d=\"M0 384.662V127.338c0-17.818 21.543-26.741 34.142-14.142l128.662 128.662c7.81 7.81 7.81 20.474 0 28.284L34.142 398.804C21.543 411.404 0 402.48 0 384.662z\"><\/path><\/svg><\/span>\n\t\t\t\t\t\t\t\t<span class=\"elementor-toggle-icon-opened\"><svg class=\"elementor-toggle-icon-opened e-font-icon-svg e-fas-caret-up\" viewbox=\"0 0 320 512\" xmlns=\"http:\/\/www.w3.org\/2000\/svg\"><path d=\"M288.662 352H31.338c-17.818 0-26.741-21.543-14.142-34.142l128.662-128.662c7.81-7.81 20.474-7.81 28.284 0l128.662 128.662c12.6 12.599 3.676 34.142-14.142 34.142z\"><\/path><\/svg><\/span>\n\t\t\t\t\t\t\t\t\t\t\t\t\t<\/span>\n\t\t\t\t\t\t\t\t\t\t\t\t<a class=\"elementor-toggle-title\" tabindex=\"0\">ETK-\u0130YS Belgeleri<\/a>\n\t\t\t\t\t<\/div>\n\n\t\t\t\t\t<div id=\"elementor-tab-content-1194\" class=\"elementor-tab-content elementor-clearfix\" data-tab=\"4\" role=\"region\" aria-labelledby=\"elementor-tab-title-1194\"><p><a href=\"https:\/\/sudesan.com.tr\/wp-content\/uploads\/2025\/10\/IYS-acik-riza-metni.pdf\">1- \u0130YS A\u00e7\u0131k R\u0131za Metni<\/a><\/p>\n<p><a href=\"https:\/\/sudesan.com.tr\/wp-content\/uploads\/2025\/10\/ticari-elektronik-ileti-onay-kayit-ETK-politikasi.pdf\">2- Ticari Elektronik \u0130leti Onay Kay\u0131t Politikas\u0131<\/a><\/p>\n<p>\u00a0<\/p><\/div>\n\t\t\t\t<\/div>\n\t\t\t\t\t\t\t<div class=\"elementor-toggle-item\">\n\t\t\t\t\t<div id=\"elementor-tab-title-1195\" class=\"elementor-tab-title\" data-tab=\"5\" role=\"button\" aria-controls=\"elementor-tab-content-1195\" aria-expanded=\"false\">\n\t\t\t\t\t\t\t\t\t\t\t\t<span class=\"elementor-toggle-icon elementor-toggle-icon-left\" aria-hidden=\"true\">\n\t\t\t\t\t\t\t\t\t\t\t\t\t\t\t<span class=\"elementor-toggle-icon-closed\"><svg class=\"e-font-icon-svg e-fas-caret-right\" viewbox=\"0 0 192 512\" xmlns=\"http:\/\/www.w3.org\/2000\/svg\"><path d=\"M0 384.662V127.338c0-17.818 21.543-26.741 34.142-14.142l128.662 128.662c7.81 7.81 7.81 20.474 0 28.284L34.142 398.804C21.543 411.404 0 402.48 0 384.662z\"><\/path><\/svg><\/span>\n\t\t\t\t\t\t\t\t<span class=\"elementor-toggle-icon-opened\"><svg class=\"elementor-toggle-icon-opened e-font-icon-svg e-fas-caret-up\" viewbox=\"0 0 320 512\" xmlns=\"http:\/\/www.w3.org\/2000\/svg\"><path d=\"M288.662 352H31.338c-17.818 0-26.741-21.543-14.142-34.142l128.662-128.662c7.81-7.81 20.474-7.81 28.284 0l128.662 128.662c12.6 12.599 3.676 34.142-14.142 34.142z\"><\/path><\/svg><\/span>\n\t\t\t\t\t\t\t\t\t\t\t\t\t<\/span>\n\t\t\t\t\t\t\t\t\t\t\t\t<a class=\"elementor-toggle-title\" tabindex=\"0\">General Data Protection Regulation (GPDR)<\/a>\n\t\t\t\t\t<\/div>\n\n\t\t\t\t\t<div id=\"elementor-tab-content-1195\" class=\"elementor-tab-content elementor-clearfix\" data-tab=\"5\" role=\"region\" aria-labelledby=\"elementor-tab-title-1195\"><p><a href=\"https:\/\/sudesan.com.tr\/wp-content\/uploads\/2025\/10\/Personal-Data-Protection-Law.pdf\">1- Personal Data Protection Law<\/a><\/p>\n<p><a href=\"https:\/\/sudesan.com.tr\/wp-content\/uploads\/2025\/10\/2-General-Data-Protection-Regulation-GDPR-1.pdf\">2- General Data Protection Regulation (GDPR)<\/a><\/p><\/div>\n\t\t\t\t<\/div>\n\t\t\t\t\t\t\t<div class=\"elementor-toggle-item\">\n\t\t\t\t\t<div id=\"elementor-tab-title-1196\" class=\"elementor-tab-title\" data-tab=\"6\" role=\"button\" aria-controls=\"elementor-tab-content-1196\" aria-expanded=\"false\">\n\t\t\t\t\t\t\t\t\t\t\t\t<span class=\"elementor-toggle-icon elementor-toggle-icon-left\" aria-hidden=\"true\">\n\t\t\t\t\t\t\t\t\t\t\t\t\t\t\t<span class=\"elementor-toggle-icon-closed\"><svg class=\"e-font-icon-svg e-fas-caret-right\" viewbox=\"0 0 192 512\" xmlns=\"http:\/\/www.w3.org\/2000\/svg\"><path d=\"M0 384.662V127.338c0-17.818 21.543-26.741 34.142-14.142l128.662 128.662c7.81 7.81 7.81 20.474 0 28.284L34.142 398.804C21.543 411.404 0 402.48 0 384.662z\"><\/path><\/svg><\/span>\n\t\t\t\t\t\t\t\t<span class=\"elementor-toggle-icon-opened\"><svg class=\"elementor-toggle-icon-opened e-font-icon-svg e-fas-caret-up\" viewbox=\"0 0 320 512\" xmlns=\"http:\/\/www.w3.org\/2000\/svg\"><path d=\"M288.662 352H31.338c-17.818 0-26.741-21.543-14.142-34.142l128.662-128.662c7.81-7.81 20.474-7.81 28.284 0l128.662 128.662c12.6 12.599 3.676 34.142-14.142 34.142z\"><\/path><\/svg><\/span>\n\t\t\t\t\t\t\t\t\t\t\t\t\t<\/span>\n\t\t\t\t\t\t\t\t\t\t\t\t<a class=\"elementor-toggle-title\" tabindex=\"0\">Gizlilik S\u00f6zle\u015fmeleri<\/a>\n\t\t\t\t\t<\/div>\n\n\t\t\t\t\t<div id=\"elementor-tab-content-1196\" class=\"elementor-tab-content elementor-clearfix\" data-tab=\"6\" role=\"region\" aria-labelledby=\"elementor-tab-title-1196\"><p><a href=\"https:\/\/sudesan.com.tr\/wp-content\/uploads\/2025\/10\/calisanlar-icin-gizlilik-sozlesmesi.pdf\">1- \u00c7al\u0131\u015fanlar \u0130\u00e7in Gizlilik S\u00f6zle\u015fmesi<\/a><\/p>\n<p><a href=\"https:\/\/sudesan.com.tr\/wp-content\/uploads\/2025\/10\/calisanlar-icin-kisisel-verilerin-saklanmasii-ve-korunmasi.pdf\">2- \u00c7al\u0131\u015fanlar \u0130\u00e7in Ki\u015fisel Verilerin Korunmas\u0131na Ve Gizlili\u011fe \u0130li\u015fkin Taahh\u00fctname<\/a><\/p>\n<p><a href=\"https:\/\/sudesan.com.tr\/wp-content\/uploads\/2025\/10\/Tedarikci-is-Sozlesmelerine-Eklenecek-KVKK-Maddesi.pdf\">3- Tedarik\u00e7i \u0130\u015f S\u00f6zle\u015fmelerine Eklenecek KVKK Maddesi\u00a0<\/a><\/p>\n<p><a href=\"https:\/\/sudesan.com.tr\/wp-content\/uploads\/2025\/10\/Tedarikciler-icin-Gizlilik-Sozlesmesi.pdf\">4- Tedarik\u00e7iler \u0130\u00e7in Gizlilik S\u00f6zle\u015fmesi<\/a><\/p><\/div>\n\t\t\t\t<\/div>\n\t\t\t\t\t\t\t<div class=\"elementor-toggle-item\">\n\t\t\t\t\t<div id=\"elementor-tab-title-1197\" class=\"elementor-tab-title\" data-tab=\"7\" role=\"button\" aria-controls=\"elementor-tab-content-1197\" aria-expanded=\"false\">\n\t\t\t\t\t\t\t\t\t\t\t\t<span class=\"elementor-toggle-icon elementor-toggle-icon-left\" aria-hidden=\"true\">\n\t\t\t\t\t\t\t\t\t\t\t\t\t\t\t<span class=\"elementor-toggle-icon-closed\"><svg class=\"e-font-icon-svg e-fas-caret-right\" viewbox=\"0 0 192 512\" xmlns=\"http:\/\/www.w3.org\/2000\/svg\"><path d=\"M0 384.662V127.338c0-17.818 21.543-26.741 34.142-14.142l128.662 128.662c7.81 7.81 7.81 20.474 0 28.284L34.142 398.804C21.543 411.404 0 402.48 0 384.662z\"><\/path><\/svg><\/span>\n\t\t\t\t\t\t\t\t<span class=\"elementor-toggle-icon-opened\"><svg class=\"elementor-toggle-icon-opened e-font-icon-svg e-fas-caret-up\" viewbox=\"0 0 320 512\" xmlns=\"http:\/\/www.w3.org\/2000\/svg\"><path d=\"M288.662 352H31.338c-17.818 0-26.741-21.543-14.142-34.142l128.662-128.662c7.81-7.81 20.474-7.81 28.284 0l128.662 128.662c12.6 12.599 3.676 34.142-14.142 34.142z\"><\/path><\/svg><\/span>\n\t\t\t\t\t\t\t\t\t\t\t\t\t<\/span>\n\t\t\t\t\t\t\t\t\t\t\t\t<a class=\"elementor-toggle-title\" tabindex=\"0\">KVKK Ba\u015fvuru Formu<\/a>\n\t\t\t\t\t<\/div>\n\n\t\t\t\t\t<div id=\"elementor-tab-content-1197\" class=\"elementor-tab-content elementor-clearfix\" data-tab=\"7\" role=\"region\" aria-labelledby=\"elementor-tab-title-1197\"><p><a href=\"https:\/\/sudesan.com.tr\/wp-content\/uploads\/2025\/10\/veri-sahibi-kvkk-basvuru-formu.pdf\">1- Veri Sahibi KVKK Ba\u015fvuru Formu<\/a><\/p><\/div>\n\t\t\t\t<\/div>\n\t\t\t\t\t\t\t<div class=\"elementor-toggle-item\">\n\t\t\t\t\t<div id=\"elementor-tab-title-1198\" class=\"elementor-tab-title\" data-tab=\"8\" role=\"button\" aria-controls=\"elementor-tab-content-1198\" aria-expanded=\"false\">\n\t\t\t\t\t\t\t\t\t\t\t\t<span class=\"elementor-toggle-icon elementor-toggle-icon-left\" aria-hidden=\"true\">\n\t\t\t\t\t\t\t\t\t\t\t\t\t\t\t<span class=\"elementor-toggle-icon-closed\"><svg class=\"e-font-icon-svg e-fas-caret-right\" viewbox=\"0 0 192 512\" xmlns=\"http:\/\/www.w3.org\/2000\/svg\"><path d=\"M0 384.662V127.338c0-17.818 21.543-26.741 34.142-14.142l128.662 128.662c7.81 7.81 7.81 20.474 0 28.284L34.142 398.804C21.543 411.404 0 402.48 0 384.662z\"><\/path><\/svg><\/span>\n\t\t\t\t\t\t\t\t<span class=\"elementor-toggle-icon-opened\"><svg class=\"elementor-toggle-icon-opened e-font-icon-svg e-fas-caret-up\" viewbox=\"0 0 320 512\" xmlns=\"http:\/\/www.w3.org\/2000\/svg\"><path d=\"M288.662 352H31.338c-17.818 0-26.741-21.543-14.142-34.142l128.662-128.662c7.81-7.81 20.474-7.81 28.284 0l128.662 128.662c12.6 12.599 3.676 34.142-14.142 34.142z\"><\/path><\/svg><\/span>\n\t\t\t\t\t\t\t\t\t\t\t\t\t<\/span>\n\t\t\t\t\t\t\t\t\t\t\t\t<a class=\"elementor-toggle-title\" tabindex=\"0\">Telif Haklar\u0131 Uyar\u0131s\u0131<\/a>\n\t\t\t\t\t<\/div>\n\n\t\t\t\t\t<div id=\"elementor-tab-content-1198\" class=\"elementor-tab-content elementor-clearfix\" data-tab=\"8\" role=\"region\" aria-labelledby=\"elementor-tab-title-1198\"><p><a href=\"https:\/\/sudesan.com.tr\/wp-content\/uploads\/2025\/10\/sirket-Misafir-Agi-Sorumluluk-Reddi-Beyani-Talimati.pdf\">1- \u015eirket Misafir A\u011f\u0131 Sorumluluk Reddi Beyan\u0131<\/a><\/p>\n<p><a href=\"https:\/\/sudesan.com.tr\/wp-content\/uploads\/2025\/10\/misafir-agi-kullanim-gizlilik-sozlesmesi.pdf\">2- Misafir A\u011f\u0131 Kullan\u0131m Gizlilik S\u00f6zle\u015fmesi<\/a><\/p><\/div>\n\t\t\t\t<\/div>\n\t\t\t\t\t\t\t\t<\/div>\n\t\t\t\t<\/div>\n\t\t\t\t<\/div>\n\t\t\t\t\t<\/div>\n\t\t\t\t<\/div>\n\t\t\t\t<\/div>","protected":false},"excerpt":{"rendered":"<p>De\u011ferli Muhataplar\u0131m\u0131z, Ki\u015fisel verileriniz bizim i\u00e7in\u00a0de\u011ferlidir.\u00a0SUDESAN olarak, bilgi g\u00fcvenli\u011fi ve gizlili\u011finizi en \u00fcst d\u00fczeyde korumay\u0131 taahh\u00fct ediyoruz. 6698 say\u0131l\u0131 KVKK ve GDPR standartlar\u0131na uygun \u015fekilde ki\u015fisel verilerinizi yaln\u0131zca yasal ama\u00e7lar do\u011frultusunda i\u015fliyor, gerekli teknik ve idari g\u00fcvenlik \u00f6nlemlerini titizlikle uyguluyoruz.\u00a0 Bu kapsamda; T\u00fcrkiye\u2019de y\u00fcr\u00fcrl\u00fckte olan 6698 say\u0131l\u0131 Ki\u015fisel Verilerin Korunmas\u0131 Kanunu (\u201cKVKK\u201d) ile Avrupa Birli\u011fi&hellip;<\/p>","protected":false},"author":1,"featured_media":0,"parent":0,"menu_order":0,"comment_status":"closed","ping_status":"open","template":"","meta":{"footnotes":""},"class_list":["post-3","page","type-page","status-publish","hentry"],"_links":{"self":[{"href":"https:\/\/sudesan.com.tr\/en\/wp-json\/wp\/v2\/pages\/3","targetHints":{"allow":["GET"]}}],"collection":[{"href":"https:\/\/sudesan.com.tr\/en\/wp-json\/wp\/v2\/pages"}],"about":[{"href":"https:\/\/sudesan.com.tr\/en\/wp-json\/wp\/v2\/types\/page"}],"author":[{"embeddable":true,"href":"https:\/\/sudesan.com.tr\/en\/wp-json\/wp\/v2\/users\/1"}],"replies":[{"embeddable":true,"href":"https:\/\/sudesan.com.tr\/en\/wp-json\/wp\/v2\/comments?post=3"}],"version-history":[{"count":84,"href":"https:\/\/sudesan.com.tr\/en\/wp-json\/wp\/v2\/pages\/3\/revisions"}],"predecessor-version":[{"id":3623,"href":"https:\/\/sudesan.com.tr\/en\/wp-json\/wp\/v2\/pages\/3\/revisions\/3623"}],"wp:attachment":[{"href":"https:\/\/sudesan.com.tr\/en\/wp-json\/wp\/v2\/media?parent=3"}],"curies":[{"name":"wp","href":"https:\/\/api.w.org\/{rel}","templated":true}]}}