{"id":3120,"date":"2024-10-01T21:09:40","date_gmt":"2024-10-01T21:09:40","guid":{"rendered":"https:\/\/sudesan.com.tr\/?page_id=3120"},"modified":"2024-10-18T14:02:44","modified_gmt":"2024-10-18T14:02:44","slug":"relaxing-renewal","status":"publish","type":"page","link":"https:\/\/sudesan.com.tr\/en\/reanima\/reanimamoods\/relaxing-renewal\/","title":{"rendered":"Relaxing Renewal"},"content":{"rendered":"<div data-elementor-type=\"wp-page\" data-elementor-id=\"3120\" class=\"elementor elementor-3120\" data-elementor-post-type=\"page\">\n\t\t\t\t<div class=\"elementor-element elementor-element-3534f14 e-flex e-con-boxed e-con e-parent\" data-id=\"3534f14\" data-element_type=\"container\">\n\t\t\t\t\t<div class=\"e-con-inner\">\n\t\t<div class=\"elementor-element elementor-element-773a530 e-con-full e-flex e-con e-child\" data-id=\"773a530\" data-element_type=\"container\">\n\t\t\t\t<div class=\"elementor-element elementor-element-324b12e jltma-glass-effect-no elementor-widget elementor-widget-image\" data-id=\"324b12e\" data-element_type=\"widget\" data-widget_type=\"image.default\">\n\t\t\t\t<div class=\"elementor-widget-container\">\n\t\t\t<style>\/*! elementor - v3.21.0 - 22-05-2024 *\/\n.elementor-widget-image{text-align:center}.elementor-widget-image a{display:inline-block}.elementor-widget-image a img[src$=\".svg\"]{width:48px}.elementor-widget-image img{vertical-align:middle;display:inline-block}<\/style>\t\t\t\t\t\t\t\t\t\t<img fetchpriority=\"high\" decoding=\"async\" width=\"757\" height=\"490\" src=\"https:\/\/sudesan.com.tr\/wp-content\/uploads\/2024\/10\/WhatsApp-Gorsel-2024-10-01-saat-23.26.43_d0a92647.jpg\" class=\"attachment-large size-large wp-image-3229\" alt=\"\" srcset=\"https:\/\/sudesan.com.tr\/wp-content\/uploads\/2024\/10\/WhatsApp-Gorsel-2024-10-01-saat-23.26.43_d0a92647.jpg 757w, https:\/\/sudesan.com.tr\/wp-content\/uploads\/2024\/10\/WhatsApp-Gorsel-2024-10-01-saat-23.26.43_d0a92647-300x194.jpg 300w, https:\/\/sudesan.com.tr\/wp-content\/uploads\/2024\/10\/WhatsApp-Gorsel-2024-10-01-saat-23.26.43_d0a92647-18x12.jpg 18w\" sizes=\"(max-width: 757px) 100vw, 757px\" \/>\t\t\t\t\t\t\t\t\t\t\t\t\t<\/div>\n\t\t\t\t<\/div>\n\t\t\t\t<\/div>\n\t\t<div class=\"elementor-element elementor-element-53191c2 e-con-full e-flex e-con e-child\" data-id=\"53191c2\" data-element_type=\"container\">\n\t\t\t\t<div class=\"elementor-element elementor-element-cc32af5 jltma-glass-effect-no elementor-widget elementor-widget-text-editor\" data-id=\"cc32af5\" data-element_type=\"widget\" data-widget_type=\"text-editor.default\">\n\t\t\t\t<div class=\"elementor-widget-container\">\n\t\t\t<style>\/*! elementor - v3.21.0 - 22-05-2024 *\/\n.elementor-widget-text-editor.elementor-drop-cap-view-stacked .elementor-drop-cap{background-color:#69727d;color:#fff}.elementor-widget-text-editor.elementor-drop-cap-view-framed .elementor-drop-cap{color:#69727d;border:3px solid;background-color:transparent}.elementor-widget-text-editor:not(.elementor-drop-cap-view-default) .elementor-drop-cap{margin-top:8px}.elementor-widget-text-editor:not(.elementor-drop-cap-view-default) .elementor-drop-cap-letter{width:1em;height:1em}.elementor-widget-text-editor .elementor-drop-cap{float:left;text-align:center;line-height:1;font-size:50px}.elementor-widget-text-editor .elementor-drop-cap-letter{display:inline-block}<\/style>\t\t\t\t<h3><font color=\"#199ea3\">RELAXING RENEVAL SERIES<\/font><\/h3>\n<p><!-- \/wp:heading --><\/p>\n<p><!-- wp:paragraph --><\/p>\n<p>Stress can negatively impact hair health, leading to hair loss. Reanima offers special care products \nthat meet the needs of ressed hair. Our products, containing calming and soothing plant extracts, \nrelieve ress from your hair while giving you peace of mind.<\/p>\t\t\t\t\t\t<\/div>\n\t\t\t\t<\/div>\n\t\t\t\t<\/div>\n\t\t\t\t\t<\/div>\n\t\t\t\t<\/div>\n\t\t<div class=\"elementor-element elementor-element-508aca9 e-flex e-con-boxed e-con e-parent\" data-id=\"508aca9\" data-element_type=\"container\">\n\t\t\t\t\t<div class=\"e-con-inner\">\n\t\t<div class=\"elementor-element elementor-element-3df299a e-flex e-con-boxed e-con e-child\" data-id=\"3df299a\" data-element_type=\"container\">\n\t\t\t\t\t<div class=\"e-con-inner\">\n\t\t<div class=\"elementor-element elementor-element-084d850 e-con-full e-flex e-con e-child\" data-id=\"084d850\" data-element_type=\"container\">\n\t\t\t\t<div class=\"elementor-element elementor-element-6ab84eb jltma-glass-effect-no elementor-widget elementor-widget-image\" data-id=\"6ab84eb\" data-element_type=\"widget\" data-widget_type=\"image.default\">\n\t\t\t\t<div class=\"elementor-widget-container\">\n\t\t\t\t\t\t\t\t\t\t\t\t\t<img decoding=\"async\" width=\"730\" height=\"460\" src=\"https:\/\/sudesan.com.tr\/wp-content\/uploads\/2024\/10\/Relaxing-renewal-shampoo.png\" class=\"attachment-full size-full wp-image-3311\" alt=\"\" srcset=\"https:\/\/sudesan.com.tr\/wp-content\/uploads\/2024\/10\/Relaxing-renewal-shampoo.png 730w, https:\/\/sudesan.com.tr\/wp-content\/uploads\/2024\/10\/Relaxing-renewal-shampoo-300x189.png 300w, https:\/\/sudesan.com.tr\/wp-content\/uploads\/2024\/10\/Relaxing-renewal-shampoo-18x12.png 18w\" sizes=\"(max-width: 730px) 100vw, 730px\" \/>\t\t\t\t\t\t\t\t\t\t\t\t\t<\/div>\n\t\t\t\t<\/div>\n\t\t\t\t<\/div>\n\t\t<div class=\"elementor-element elementor-element-9744cde e-con-full e-flex e-con e-child\" data-id=\"9744cde\" data-element_type=\"container\">\n\t\t\t\t<div class=\"elementor-element elementor-element-c0f7387 jltma-glass-effect-no elementor-widget elementor-widget-text-editor\" data-id=\"c0f7387\" data-element_type=\"widget\" data-widget_type=\"text-editor.default\">\n\t\t\t\t<div class=\"elementor-widget-container\">\n\t\t\t\t\t\t\t<h3><mark class=\"has-inline-color\" style=\"background-color: rgba(0, 0, 0, 0); color: #199ea3;\">Shampoo<\/mark><\/h3>\n<p><!-- \/wp:heading --><\/p>\n<p><!-- wp:paragraph --><\/p>\n<p>Hair Type: All Hair Type<\/p>\n<p>Kimler i\u00e7in: Stresli ya\u015fam tarz\u0131ndan \u015fikayet\u00e7i olan sa\u00e7 d\u00f6k\u00fclmesine yatk\u0131nl\u0131\u011f\u0131 bulunan kad\u0131nlar<\/p>\n<p>\u00d6zellik: Stresten kaynaklanan sa\u00e7 d\u00f6k\u00fclmesine kar\u015f\u0131 sava\u015f\u0131r.<\/p>\n<p class=\" translation-block\">Benefit: Nourishing the hair with a vitamin complex, giving it a healthy and shiny appearance.<\/p>\n<p>Additional Benefit: Reduces ress at the hair root, supports healthy cell regeneration, and prevents hair loss.<\/p>\t\t\t\t\t\t<\/div>\n\t\t\t\t<\/div>\n\t\t\t\t<\/div>\n\t\t\t\t\t<\/div>\n\t\t\t\t<\/div>\n\t\t\t\t\t<\/div>\n\t\t\t\t<\/div>\n\t\t<div class=\"elementor-element elementor-element-01ec27e e-flex e-con-boxed e-con e-parent\" data-id=\"01ec27e\" data-element_type=\"container\">\n\t\t\t\t\t<div class=\"e-con-inner\">\n\t\t<div class=\"elementor-element elementor-element-1c0415c e-flex e-con-boxed e-con e-child\" data-id=\"1c0415c\" data-element_type=\"container\">\n\t\t\t\t\t<div class=\"e-con-inner\">\n\t\t<div class=\"elementor-element elementor-element-bf6d9b4 e-con-full e-flex e-con e-child\" data-id=\"bf6d9b4\" data-element_type=\"container\">\n\t\t\t\t<div class=\"elementor-element elementor-element-2b27da2 jltma-glass-effect-no elementor-widget elementor-widget-image\" data-id=\"2b27da2\" data-element_type=\"widget\" data-widget_type=\"image.default\">\n\t\t\t\t<div class=\"elementor-widget-container\">\n\t\t\t\t\t\t\t\t\t\t\t\t\t<img decoding=\"async\" width=\"730\" height=\"460\" src=\"https:\/\/sudesan.com.tr\/wp-content\/uploads\/2024\/10\/Relaxing-renewal-conditioner.png\" class=\"attachment-large size-large wp-image-3312\" alt=\"\" srcset=\"https:\/\/sudesan.com.tr\/wp-content\/uploads\/2024\/10\/Relaxing-renewal-conditioner.png 730w, https:\/\/sudesan.com.tr\/wp-content\/uploads\/2024\/10\/Relaxing-renewal-conditioner-300x189.png 300w, https:\/\/sudesan.com.tr\/wp-content\/uploads\/2024\/10\/Relaxing-renewal-conditioner-18x12.png 18w\" sizes=\"(max-width: 730px) 100vw, 730px\" \/>\t\t\t\t\t\t\t\t\t\t\t\t\t<\/div>\n\t\t\t\t<\/div>\n\t\t\t\t<\/div>\n\t\t<div class=\"elementor-element elementor-element-81bedf0 e-con-full e-flex e-con e-child\" data-id=\"81bedf0\" data-element_type=\"container\">\n\t\t\t\t<div class=\"elementor-element elementor-element-bcdef03 jltma-glass-effect-no elementor-widget elementor-widget-text-editor\" data-id=\"bcdef03\" data-element_type=\"widget\" data-widget_type=\"text-editor.default\">\n\t\t\t\t<div class=\"elementor-widget-container\">\n\t\t\t\t\t\t\t<h3 style=\"text-align: left;\"><mark class=\"has-inline-color\" style=\"background-color: rgba(0, 0, 0, 0); color: #199ea3;\">Conditioner<\/mark><\/h3>\n<p style=\"font-weight: 400; text-align: left;\">Hair Type: All Hair Types.<\/p>\n<p style=\"font-weight: 400; text-align: left;\" class=\" translation-block\">For Whom: Women prone to hair loss, suffering from stressful life style<\/p>\n<p style=\"font-weight: 400; text-align: left;\">Feature: Fights unhealthy rands caused by stress.<\/p>\n<p style=\"font-weight: 400; text-align: left;\">Benefit: It supports rands health.<\/p>\n<p style=\"font-weight: 400; text-align: left;\">Additional Benefit: Makes hair easier to comb.<\/p>\n<p><!-- \/wp:heading --><\/p>\n<p><!-- wp:paragraph --><\/p>\t\t\t\t\t\t<\/div>\n\t\t\t\t<\/div>\n\t\t\t\t<\/div>\n\t\t\t\t\t<\/div>\n\t\t\t\t<\/div>\n\t\t\t\t\t<\/div>\n\t\t\t\t<\/div>\n\t\t<div class=\"elementor-element elementor-element-dee78ac e-flex e-con-boxed e-con e-parent\" data-id=\"dee78ac\" data-element_type=\"container\">\n\t\t\t\t\t<div class=\"e-con-inner\">\n\t\t<div class=\"elementor-element elementor-element-399b02a e-flex e-con-boxed e-con e-child\" data-id=\"399b02a\" data-element_type=\"container\">\n\t\t\t\t\t<div class=\"e-con-inner\">\n\t\t<div class=\"elementor-element elementor-element-6db2331 e-con-full e-flex e-con e-child\" data-id=\"6db2331\" data-element_type=\"container\">\n\t\t\t\t<div class=\"elementor-element elementor-element-3e95e8d jltma-glass-effect-no elementor-widget elementor-widget-image\" data-id=\"3e95e8d\" data-element_type=\"widget\" data-widget_type=\"image.default\">\n\t\t\t\t<div class=\"elementor-widget-container\">\n\t\t\t\t\t\t\t\t\t\t\t\t\t<img loading=\"lazy\" decoding=\"async\" width=\"730\" height=\"460\" src=\"https:\/\/sudesan.com.tr\/wp-content\/uploads\/2024\/10\/Relaxing-Renewal-Tonic.png\" class=\"attachment-large size-large wp-image-3313\" alt=\"\" srcset=\"https:\/\/sudesan.com.tr\/wp-content\/uploads\/2024\/10\/Relaxing-Renewal-Tonic.png 730w, https:\/\/sudesan.com.tr\/wp-content\/uploads\/2024\/10\/Relaxing-Renewal-Tonic-300x189.png 300w, https:\/\/sudesan.com.tr\/wp-content\/uploads\/2024\/10\/Relaxing-Renewal-Tonic-18x12.png 18w\" sizes=\"(max-width: 730px) 100vw, 730px\" \/>\t\t\t\t\t\t\t\t\t\t\t\t\t<\/div>\n\t\t\t\t<\/div>\n\t\t\t\t<\/div>\n\t\t<div class=\"elementor-element elementor-element-b56ae3c e-con-full e-flex e-con e-child\" data-id=\"b56ae3c\" data-element_type=\"container\">\n\t\t\t\t<div class=\"elementor-element elementor-element-cf1e828 jltma-glass-effect-no elementor-widget elementor-widget-text-editor\" data-id=\"cf1e828\" data-element_type=\"widget\" data-widget_type=\"text-editor.default\">\n\t\t\t\t<div class=\"elementor-widget-container\">\n\t\t\t\t\t\t\t<h3><mark class=\"has-inline-color\" style=\"background-color: rgba(0, 0, 0, 0); color: #199ea3;\">Hair Tonic<\/mark><\/h3>\n<p><!-- \/wp:heading --><\/p>\n<p><!-- wp:paragraph --><\/p>\n<p>Hair Type: All Hair Type<\/p>\n<p class=\" translation-block\">For Whom: Women prone to hair loss, suffering from stressful life style<\/p>\n<p>Feature: Fights unhealthy strands caused by stress.<\/p>\n<p>Benefit: Prevents hair loss caused by stress<\/p>\n<p>Additional Benefit:  Reduces ress at the hair root, supports healthy cell regeneration.<\/p>\t\t\t\t\t\t<\/div>\n\t\t\t\t<\/div>\n\t\t\t\t<\/div>\n\t\t\t\t\t<\/div>\n\t\t\t\t<\/div>\n\t\t\t\t\t<\/div>\n\t\t\t\t<\/div>\n\t\t<div class=\"elementor-element elementor-element-a29fe7f e-flex e-con-boxed e-con e-parent\" data-id=\"a29fe7f\" data-element_type=\"container\">\n\t\t\t\t\t<div class=\"e-con-inner\">\n\t\t<div class=\"elementor-element elementor-element-deae51c e-flex e-con-boxed e-con e-child\" data-id=\"deae51c\" data-element_type=\"container\">\n\t\t\t\t\t<div class=\"e-con-inner\">\n\t\t<div class=\"elementor-element elementor-element-51cbde5 e-con-full e-flex e-con e-child\" data-id=\"51cbde5\" data-element_type=\"container\">\n\t\t\t\t<div class=\"elementor-element elementor-element-962b163 jltma-glass-effect-no elementor-widget elementor-widget-image\" data-id=\"962b163\" data-element_type=\"widget\" data-widget_type=\"image.default\">\n\t\t\t\t<div class=\"elementor-widget-container\">\n\t\t\t\t\t\t\t\t\t\t\t\t\t<img loading=\"lazy\" decoding=\"async\" width=\"730\" height=\"460\" src=\"https:\/\/sudesan.com.tr\/wp-content\/uploads\/2024\/10\/Grup-1-kopya-23.png\" class=\"attachment-large size-large wp-image-3326\" alt=\"\" srcset=\"https:\/\/sudesan.com.tr\/wp-content\/uploads\/2024\/10\/Grup-1-kopya-23.png 730w, https:\/\/sudesan.com.tr\/wp-content\/uploads\/2024\/10\/Grup-1-kopya-23-300x189.png 300w, https:\/\/sudesan.com.tr\/wp-content\/uploads\/2024\/10\/Grup-1-kopya-23-18x12.png 18w\" sizes=\"(max-width: 730px) 100vw, 730px\" \/>\t\t\t\t\t\t\t\t\t\t\t\t\t<\/div>\n\t\t\t\t<\/div>\n\t\t\t\t<\/div>\n\t\t<div class=\"elementor-element elementor-element-ccecee1 e-con-full e-flex e-con e-child\" data-id=\"ccecee1\" data-element_type=\"container\">\n\t\t\t\t<div class=\"elementor-element elementor-element-5ae68e0 jltma-glass-effect-no elementor-widget elementor-widget-text-editor\" data-id=\"5ae68e0\" data-element_type=\"widget\" data-widget_type=\"text-editor.default\">\n\t\t\t\t<div class=\"elementor-widget-container\">\n\t\t\t\t\t\t\t<h3 style=\"text-align: left;\"><mark class=\"has-inline-color\" style=\"background-color: rgba(0, 0, 0, 0); color: #199ea3;\"><span class=\"\" lang=\"TR\">Dry Shampoo<\/span><\/mark><\/h3>\n<p style=\"text-align: left;\"><!-- \/wp:heading --><\/p>\n<p style=\"text-align: left;\"><!-- wp:paragraph --><\/p>\n<p style=\"text-align: left;\">Hair Type: All Hair Type<\/p>\n<p style=\"text-align: left;\">For Whom: Women prone to hair loss, suffering from ressful life style<\/p>\n<p style=\"text-align: left;\">Feature: Fights hair loss causing by stress<\/p>\n<p style=\"text-align: left;\" class=\" translation-block\">Benefit: Nourishing the hair with a vitamin complex, giving it a healthy and shiny appearance.<\/p>\n<p style=\"text-align: left;\">Additional Benefit: Reduces stress at the hair root, supports healthy cell regeneration, and prevents hair loss.<\/p>\t\t\t\t\t\t<\/div>\n\t\t\t\t<\/div>\n\t\t\t\t<\/div>\n\t\t\t\t\t<\/div>\n\t\t\t\t<\/div>\n\t\t\t\t\t<\/div>\n\t\t\t\t<\/div>\n\t\t<div class=\"elementor-element elementor-element-e0bafef e-flex e-con-boxed e-con e-parent\" data-id=\"e0bafef\" data-element_type=\"container\">\n\t\t\t\t\t<div class=\"e-con-inner\">\n\t\t\t\t<div class=\"elementor-element elementor-element-f41f39c jltma-glass-effect-no elementor-widget elementor-widget-text-editor\" data-id=\"f41f39c\" data-element_type=\"widget\" data-widget_type=\"text-editor.default\">\n\t\t\t\t<div class=\"elementor-widget-container\">\n\t\t\t\t\t\t\t<p class=\" translation-block\"><span style=\"color: #54595f\">\u00a0 \u00a0 \u00a0 \u00a0 \u00a0 \u00a0 \u00a0 \u00a0 \u00a0 \u00a0 \u00a0 \u00a0 \u00a0 \u00a0 \u00a0 \u00a0 \u00a0 \u00a0 \u00a0 \u00a0 \u00a0 \u00a0 \u00a0 \u00a0 \u00a0 \u00a0 \u00a0 \u00a0 \u00a0 \u00a0 \u00a0 \u00a0 \u00a0<\/span><span style=\"color: #54595f\">You can visit;<\/span><a target=\"_blank\" href=\"https:\/\/reanima.com.tr\/\"><strong><span style=\"color: #7fcdc6\">\u00a0www.reanima.com.tr<\/span><\/strong>\u00a0<\/a><span style=\"color: #54595f\"> for further information.<\/span><\/p>\t\t\t\t\t\t<\/div>\n\t\t\t\t<\/div>\n\t\t\t\t\t<\/div>\n\t\t\t\t<\/div>\n\t\t<div class=\"elementor-element elementor-element-b5b656f e-flex e-con-boxed e-con e-parent\" data-id=\"b5b656f\" data-element_type=\"container\">\n\t\t\t\t\t<div class=\"e-con-inner\">\n\t\t\t\t<div class=\"elementor-element elementor-element-94dbaac elementor-icon-list--layout-inline elementor-align-center elementor-list-item-link-full_width jltma-glass-effect-no elementor-widget elementor-widget-icon-list\" data-id=\"94dbaac\" data-element_type=\"widget\" data-widget_type=\"icon-list.default\">\n\t\t\t\t<div class=\"elementor-widget-container\">\n\t\t\t<link rel=\"stylesheet\" href=\"https:\/\/sudesan.com.tr\/wp-content\/plugins\/elementor\/assets\/css\/widget-icon-list.min.css\">\t\t<ul class=\"elementor-icon-list-items elementor-inline-items\">\n\t\t\t\t\t\t\t<li class=\"elementor-icon-list-item elementor-inline-item\">\n\t\t\t\t\t\t\t\t\t\t\t<a href=\"https:\/\/drive.google.com\/file\/d\/1wK9IhyddY8LbtA12iNQbAsVFQsbymgHy\/view\" target=\"_blank\">\n\n\t\t\t\t\t\t\t\t\t\t\t\t<span class=\"elementor-icon-list-icon\">\n\t\t\t\t\t\t\t<svg aria-hidden=\"true\" class=\"e-font-icon-svg e-fas-external-link-alt\" viewbox=\"0 0 512 512\" xmlns=\"http:\/\/www.w3.org\/2000\/svg\"><path d=\"M432,320H400a16,16,0,0,0-16,16V448H64V128H208a16,16,0,0,0,16-16V80a16,16,0,0,0-16-16H48A48,48,0,0,0,0,112V464a48,48,0,0,0,48,48H400a48,48,0,0,0,48-48V336A16,16,0,0,0,432,320ZM488,0h-128c-21.37,0-32.05,25.91-17,41l35.73,35.73L135,320.37a24,24,0,0,0,0,34L157.67,377a24,24,0,0,0,34,0L435.28,133.32,471,169c15,15,41,4.5,41-17V24A24,24,0,0,0,488,0Z\"><\/path><\/svg>\t\t\t\t\t\t<\/span>\n\t\t\t\t\t\t\t\t\t\t<span class=\"elementor-icon-list-text\">Reanima Catalog<\/span>\n\t\t\t\t\t\t\t\t\t\t\t<\/a>\n\t\t\t\t\t\t\t\t\t<\/li>\n\t\t\t\t\t\t<\/ul>\n\t\t\t\t<\/div>\n\t\t\t\t<\/div>\n\t\t\t\t\t<\/div>\n\t\t\t\t<\/div>\n\t\t\t\t<\/div>","protected":false},"excerpt":{"rendered":"<p>RELAXING RENEVAL SER\u0130S\u0130 Stres sa\u00e7 sa\u011fl\u0131\u011f\u0131n\u0131 olumsuz etkileyerek sa\u00e7 d\u00f6k\u00fclmesine neden olabilir. Reanima, y\u0131pranm\u0131\u015f sa\u00e7lar\u0131n ihtiya\u00e7lar\u0131n\u0131 kar\u015f\u0131layan \u00f6zel bak\u0131m \u00fcr\u00fcnleri sunmaktad\u0131r. Sakinle\u015ftirici ve rahatlat\u0131c\u0131 bitki \u00f6zleri i\u00e7eren \u00fcr\u00fcnlerimiz sa\u00e7\u0131n\u0131zdaki stresi azalt\u0131rken, size de huzur vererek stresten uzakla\u015ft\u0131r\u0131r. \u015eampuan Sa\u00e7 Tipi: T\u00fcm sa\u00e7 tipleri Kimler i\u00e7in: Stresli ya\u015fam tarz\u0131ndan \u015fikayet\u00e7i olan sa\u00e7 d\u00f6k\u00fclmesine yatk\u0131nl\u0131\u011f\u0131 bulunan kad\u0131nlar&hellip;<\/p>","protected":false},"author":1,"featured_media":0,"parent":3092,"menu_order":0,"comment_status":"closed","ping_status":"closed","template":"","meta":{"footnotes":""},"class_list":["post-3120","page","type-page","status-publish","hentry"],"_links":{"self":[{"href":"https:\/\/sudesan.com.tr\/en\/wp-json\/wp\/v2\/pages\/3120","targetHints":{"allow":["GET"]}}],"collection":[{"href":"https:\/\/sudesan.com.tr\/en\/wp-json\/wp\/v2\/pages"}],"about":[{"href":"https:\/\/sudesan.com.tr\/en\/wp-json\/wp\/v2\/types\/page"}],"author":[{"embeddable":true,"href":"https:\/\/sudesan.com.tr\/en\/wp-json\/wp\/v2\/users\/1"}],"replies":[{"embeddable":true,"href":"https:\/\/sudesan.com.tr\/en\/wp-json\/wp\/v2\/comments?post=3120"}],"version-history":[{"count":46,"href":"https:\/\/sudesan.com.tr\/en\/wp-json\/wp\/v2\/pages\/3120\/revisions"}],"predecessor-version":[{"id":3388,"href":"https:\/\/sudesan.com.tr\/en\/wp-json\/wp\/v2\/pages\/3120\/revisions\/3388"}],"up":[{"embeddable":true,"href":"https:\/\/sudesan.com.tr\/en\/wp-json\/wp\/v2\/pages\/3092"}],"wp:attachment":[{"href":"https:\/\/sudesan.com.tr\/en\/wp-json\/wp\/v2\/media?parent=3120"}],"curies":[{"name":"wp","href":"https:\/\/api.w.org\/{rel}","templated":true}]}}