{"id":3143,"date":"2024-10-01T21:14:23","date_gmt":"2024-10-01T21:14:23","guid":{"rendered":"https:\/\/sudesan.com.tr\/?page_id=3143"},"modified":"2024-10-18T14:02:38","modified_gmt":"2024-10-18T14:02:38","slug":"sporty-recharge","status":"publish","type":"page","link":"https:\/\/sudesan.com.tr\/en\/reanima\/reanimamoods\/sporty-recharge\/","title":{"rendered":"Sporty Recharge"},"content":{"rendered":"<div data-elementor-type=\"wp-page\" data-elementor-id=\"3143\" class=\"elementor elementor-3143\" data-elementor-post-type=\"page\">\n\t\t\t\t<div class=\"elementor-element elementor-element-4a82b2b e-flex e-con-boxed e-con e-parent\" data-id=\"4a82b2b\" data-element_type=\"container\">\n\t\t\t\t\t<div class=\"e-con-inner\">\n\t\t<div class=\"elementor-element elementor-element-b534f90 e-con-full e-flex e-con e-child\" data-id=\"b534f90\" data-element_type=\"container\">\n\t\t\t\t<div class=\"elementor-element elementor-element-de5e064 jltma-glass-effect-no elementor-widget elementor-widget-image\" data-id=\"de5e064\" data-element_type=\"widget\" data-widget_type=\"image.default\">\n\t\t\t\t<div class=\"elementor-widget-container\">\n\t\t\t<style>\/*! elementor - v3.21.0 - 22-05-2024 *\/\n.elementor-widget-image{text-align:center}.elementor-widget-image a{display:inline-block}.elementor-widget-image a img[src$=\".svg\"]{width:48px}.elementor-widget-image img{vertical-align:middle;display:inline-block}<\/style>\t\t\t\t\t\t\t\t\t\t<img fetchpriority=\"high\" decoding=\"async\" width=\"757\" height=\"490\" src=\"https:\/\/sudesan.com.tr\/wp-content\/uploads\/2024\/10\/WhatsApp-Gorsel-2024-10-01-saat-23.26.43_49fc1397.jpg\" class=\"attachment-large size-large wp-image-3233\" alt=\"\" srcset=\"https:\/\/sudesan.com.tr\/wp-content\/uploads\/2024\/10\/WhatsApp-Gorsel-2024-10-01-saat-23.26.43_49fc1397.jpg 757w, https:\/\/sudesan.com.tr\/wp-content\/uploads\/2024\/10\/WhatsApp-Gorsel-2024-10-01-saat-23.26.43_49fc1397-300x194.jpg 300w, https:\/\/sudesan.com.tr\/wp-content\/uploads\/2024\/10\/WhatsApp-Gorsel-2024-10-01-saat-23.26.43_49fc1397-18x12.jpg 18w\" sizes=\"(max-width: 757px) 100vw, 757px\" \/>\t\t\t\t\t\t\t\t\t\t\t\t\t<\/div>\n\t\t\t\t<\/div>\n\t\t\t\t<\/div>\n\t\t<div class=\"elementor-element elementor-element-ff56ed2 e-con-full e-flex e-con e-child\" data-id=\"ff56ed2\" data-element_type=\"container\">\n\t\t\t\t<div class=\"elementor-element elementor-element-ed88479 jltma-glass-effect-no elementor-widget elementor-widget-text-editor\" data-id=\"ed88479\" data-element_type=\"widget\" data-widget_type=\"text-editor.default\">\n\t\t\t\t<div class=\"elementor-widget-container\">\n\t\t\t<style>\/*! elementor - v3.21.0 - 22-05-2024 *\/\n.elementor-widget-text-editor.elementor-drop-cap-view-stacked .elementor-drop-cap{background-color:#69727d;color:#fff}.elementor-widget-text-editor.elementor-drop-cap-view-framed .elementor-drop-cap{color:#69727d;border:3px solid;background-color:transparent}.elementor-widget-text-editor:not(.elementor-drop-cap-view-default) .elementor-drop-cap{margin-top:8px}.elementor-widget-text-editor:not(.elementor-drop-cap-view-default) .elementor-drop-cap-letter{width:1em;height:1em}.elementor-widget-text-editor .elementor-drop-cap{float:left;text-align:center;line-height:1;font-size:50px}.elementor-widget-text-editor .elementor-drop-cap-letter{display:inline-block}<\/style>\t\t\t\t<h3><span style=\"color: #199ea3;\">SPORTY RECHARGE SERIES<\/span><\/h3>\n<p><!-- \/wp:heading --><\/p>\n<p><!-- wp:paragraph --><\/p>\n<p>Women who engage in intense workouts may face issues such as hair damage and dryness. Our high-performance, natural ingredient-based series, which is suitable for frequent application, keeps hair healthy and rong. Considering the working women who need to be ready for a busy workday after sports, we also provide a volumizing dry shampoo to help you get ready quickly.<\/p>\t\t\t\t\t\t<\/div>\n\t\t\t\t<\/div>\n\t\t\t\t<\/div>\n\t\t\t\t\t<\/div>\n\t\t\t\t<\/div>\n\t\t<div class=\"elementor-element elementor-element-508aca9 e-flex e-con-boxed e-con e-parent\" data-id=\"508aca9\" data-element_type=\"container\">\n\t\t\t\t\t<div class=\"e-con-inner\">\n\t\t<div class=\"elementor-element elementor-element-3df299a e-flex e-con-boxed e-con e-child\" data-id=\"3df299a\" data-element_type=\"container\">\n\t\t\t\t\t<div class=\"e-con-inner\">\n\t\t<div class=\"elementor-element elementor-element-084d850 e-con-full e-flex e-con e-child\" data-id=\"084d850\" data-element_type=\"container\">\n\t\t\t\t<div class=\"elementor-element elementor-element-6ab84eb jltma-glass-effect-no elementor-widget elementor-widget-image\" data-id=\"6ab84eb\" data-element_type=\"widget\" data-widget_type=\"image.default\">\n\t\t\t\t<div class=\"elementor-widget-container\">\n\t\t\t\t\t\t\t\t\t\t\t\t\t<img decoding=\"async\" width=\"730\" height=\"460\" src=\"https:\/\/sudesan.com.tr\/wp-content\/uploads\/2024\/10\/Sporty-Recharge-shampoo.png\" class=\"attachment-full size-full wp-image-3307\" alt=\"\" srcset=\"https:\/\/sudesan.com.tr\/wp-content\/uploads\/2024\/10\/Sporty-Recharge-shampoo.png 730w, https:\/\/sudesan.com.tr\/wp-content\/uploads\/2024\/10\/Sporty-Recharge-shampoo-300x189.png 300w, https:\/\/sudesan.com.tr\/wp-content\/uploads\/2024\/10\/Sporty-Recharge-shampoo-18x12.png 18w\" sizes=\"(max-width: 730px) 100vw, 730px\" \/>\t\t\t\t\t\t\t\t\t\t\t\t\t<\/div>\n\t\t\t\t<\/div>\n\t\t\t\t<\/div>\n\t\t<div class=\"elementor-element elementor-element-9744cde e-con-full e-flex e-con e-child\" data-id=\"9744cde\" data-element_type=\"container\">\n\t\t\t\t<div class=\"elementor-element elementor-element-c0f7387 jltma-glass-effect-no elementor-widget elementor-widget-text-editor\" data-id=\"c0f7387\" data-element_type=\"widget\" data-widget_type=\"text-editor.default\">\n\t\t\t\t<div class=\"elementor-widget-container\">\n\t\t\t\t\t\t\t<h3><mark class=\"has-inline-color\" style=\"background-color: rgba(0, 0, 0, 0); color: #199ea3;\">Shampoo<\/mark><\/h3>\n<p><!-- \/wp:heading --><\/p>\n<p><!-- wp:paragraph --><\/p>\n<p>Hair type: All Hair Types<\/p>\n<p>For Whom: Women who wash their hair frequently<br \/>Feature: Specifically designed for women who exercise regularly, this shampoo protects hair from dryness during frequent washing.<\/p>\n<p>Benefit: It supports scalp health and helps prevent dandruff.<\/p>\n<p>Additional Benefit: Boo s energy at the hair root, and makes hair easier to comb.<\/p>\t\t\t\t\t\t<\/div>\n\t\t\t\t<\/div>\n\t\t\t\t<\/div>\n\t\t\t\t\t<\/div>\n\t\t\t\t<\/div>\n\t\t\t\t\t<\/div>\n\t\t\t\t<\/div>\n\t\t<div class=\"elementor-element elementor-element-01ec27e e-flex e-con-boxed e-con e-parent\" data-id=\"01ec27e\" data-element_type=\"container\">\n\t\t\t\t\t<div class=\"e-con-inner\">\n\t\t<div class=\"elementor-element elementor-element-1c0415c e-flex e-con-boxed e-con e-child\" data-id=\"1c0415c\" data-element_type=\"container\">\n\t\t\t\t\t<div class=\"e-con-inner\">\n\t\t<div class=\"elementor-element elementor-element-bf6d9b4 e-con-full e-flex e-con e-child\" data-id=\"bf6d9b4\" data-element_type=\"container\">\n\t\t\t\t<div class=\"elementor-element elementor-element-2b27da2 jltma-glass-effect-no elementor-widget elementor-widget-image\" data-id=\"2b27da2\" data-element_type=\"widget\" data-widget_type=\"image.default\">\n\t\t\t\t<div class=\"elementor-widget-container\">\n\t\t\t\t\t\t\t\t\t\t\t\t\t<img decoding=\"async\" width=\"730\" height=\"460\" src=\"https:\/\/sudesan.com.tr\/wp-content\/uploads\/2024\/10\/Sporty-Recharge-Liquid-Conditioner.png\" class=\"attachment-large size-large wp-image-3303\" alt=\"\" srcset=\"https:\/\/sudesan.com.tr\/wp-content\/uploads\/2024\/10\/Sporty-Recharge-Liquid-Conditioner.png 730w, https:\/\/sudesan.com.tr\/wp-content\/uploads\/2024\/10\/Sporty-Recharge-Liquid-Conditioner-300x189.png 300w, https:\/\/sudesan.com.tr\/wp-content\/uploads\/2024\/10\/Sporty-Recharge-Liquid-Conditioner-18x12.png 18w\" sizes=\"(max-width: 730px) 100vw, 730px\" \/>\t\t\t\t\t\t\t\t\t\t\t\t\t<\/div>\n\t\t\t\t<\/div>\n\t\t\t\t<\/div>\n\t\t<div class=\"elementor-element elementor-element-81bedf0 e-con-full e-flex e-con e-child\" data-id=\"81bedf0\" data-element_type=\"container\">\n\t\t\t\t<div class=\"elementor-element elementor-element-bcdef03 jltma-glass-effect-no elementor-widget elementor-widget-text-editor\" data-id=\"bcdef03\" data-element_type=\"widget\" data-widget_type=\"text-editor.default\">\n\t\t\t\t<div class=\"elementor-widget-container\">\n\t\t\t\t\t\t\t<h3 style=\"text-align: left;\"><mark class=\"has-inline-color\" style=\"background-color: rgba(0, 0, 0, 0); color: #199ea3;\">Liquid Conditioner<\/mark><\/h3>\n<p style=\"font-weight: 400; text-align: left;\"><span style=\"letter-spacing: 0px;\">Hair Type: All Hair Type<\/span><\/p>\n<p style=\"font-weight: 400; text-align: left;\"><span style=\"letter-spacing: 0px;\">Kimler i\u00e7in: Sa\u00e7lar\u0131n\u0131 s\u0131k y\u0131kayan kad\u0131nlar<\/span><\/p>\n<p style=\"font-weight: 400; text-align: left;\">Feature: Specifically designed for women who exercise regularly, this conditioner supports hair again dryness during frequent shampooing.<\/p>\n<p style=\"font-weight: 400; text-align: left;\">Benefit: It supports rands health.<\/p>\n<p style=\"font-weight: 400; text-align: left;\">Additional Benefit: Makes hair easier to comb.<\/p>\n<p><!-- \/wp:heading --><\/p>\n<p><!-- wp:paragraph --><\/p>\t\t\t\t\t\t<\/div>\n\t\t\t\t<\/div>\n\t\t\t\t<\/div>\n\t\t\t\t\t<\/div>\n\t\t\t\t<\/div>\n\t\t\t\t\t<\/div>\n\t\t\t\t<\/div>\n\t\t<div class=\"elementor-element elementor-element-dee78ac e-flex e-con-boxed e-con e-parent\" data-id=\"dee78ac\" data-element_type=\"container\">\n\t\t\t\t\t<div class=\"e-con-inner\">\n\t\t<div class=\"elementor-element elementor-element-399b02a e-flex e-con-boxed e-con e-child\" data-id=\"399b02a\" data-element_type=\"container\">\n\t\t\t\t\t<div class=\"e-con-inner\">\n\t\t<div class=\"elementor-element elementor-element-6db2331 e-con-full e-flex e-con e-child\" data-id=\"6db2331\" data-element_type=\"container\">\n\t\t\t\t<div class=\"elementor-element elementor-element-3e95e8d jltma-glass-effect-no elementor-widget elementor-widget-image\" data-id=\"3e95e8d\" data-element_type=\"widget\" data-widget_type=\"image.default\">\n\t\t\t\t<div class=\"elementor-widget-container\">\n\t\t\t\t\t\t\t\t\t\t\t\t\t<img loading=\"lazy\" decoding=\"async\" width=\"730\" height=\"460\" src=\"https:\/\/sudesan.com.tr\/wp-content\/uploads\/2024\/10\/Sporty-Recharge-Liquid-Hair-Care-Stick.png\" class=\"attachment-large size-large wp-image-3304\" alt=\"\" srcset=\"https:\/\/sudesan.com.tr\/wp-content\/uploads\/2024\/10\/Sporty-Recharge-Liquid-Hair-Care-Stick.png 730w, https:\/\/sudesan.com.tr\/wp-content\/uploads\/2024\/10\/Sporty-Recharge-Liquid-Hair-Care-Stick-300x189.png 300w, https:\/\/sudesan.com.tr\/wp-content\/uploads\/2024\/10\/Sporty-Recharge-Liquid-Hair-Care-Stick-18x12.png 18w\" sizes=\"(max-width: 730px) 100vw, 730px\" \/>\t\t\t\t\t\t\t\t\t\t\t\t\t<\/div>\n\t\t\t\t<\/div>\n\t\t\t\t<\/div>\n\t\t<div class=\"elementor-element elementor-element-b56ae3c e-con-full e-flex e-con e-child\" data-id=\"b56ae3c\" data-element_type=\"container\">\n\t\t\t\t<div class=\"elementor-element elementor-element-cf1e828 jltma-glass-effect-no elementor-widget elementor-widget-text-editor\" data-id=\"cf1e828\" data-element_type=\"widget\" data-widget_type=\"text-editor.default\">\n\t\t\t\t<div class=\"elementor-widget-container\">\n\t\t\t\t\t\t\t<h3><mark class=\"has-inline-color\" style=\"background-color: rgba(0, 0, 0, 0); color: #199ea3;\">Liquid Hair Care Stick<\/mark><\/h3>\n<p><!-- \/wp:heading --><\/p>\n<p><!-- wp:paragraph --><\/p>\n<p>Hair Type: All Hair Type<\/p>\n<p>Kimler i\u00e7in: S\u0131k spor yapan kad\u0131nlar<\/p>\n<p class=\" translation-block\">Benefit: Nourishes the hair and prevents the rands from being affected by sweat and external factors.<\/p>\n<p>Additional Benefit: It rengthens the hair, prevents breakage, and promotes a healthy appearance. It helps maintain the desired hair shape for longer, \nwhile softening and adding shine to the hair<\/p>\t\t\t\t\t\t<\/div>\n\t\t\t\t<\/div>\n\t\t\t\t<\/div>\n\t\t\t\t\t<\/div>\n\t\t\t\t<\/div>\n\t\t\t\t\t<\/div>\n\t\t\t\t<\/div>\n\t\t<div class=\"elementor-element elementor-element-a29fe7f e-flex e-con-boxed e-con e-parent\" data-id=\"a29fe7f\" data-element_type=\"container\">\n\t\t\t\t\t<div class=\"e-con-inner\">\n\t\t<div class=\"elementor-element elementor-element-deae51c e-flex e-con-boxed e-con e-child\" data-id=\"deae51c\" data-element_type=\"container\">\n\t\t\t\t\t<div class=\"e-con-inner\">\n\t\t<div class=\"elementor-element elementor-element-51cbde5 e-con-full e-flex e-con e-child\" data-id=\"51cbde5\" data-element_type=\"container\">\n\t\t\t\t<div class=\"elementor-element elementor-element-962b163 jltma-glass-effect-no elementor-widget elementor-widget-image\" data-id=\"962b163\" data-element_type=\"widget\" data-widget_type=\"image.default\">\n\t\t\t\t<div class=\"elementor-widget-container\">\n\t\t\t\t\t\t\t\t\t\t\t\t\t<img loading=\"lazy\" decoding=\"async\" width=\"730\" height=\"460\" src=\"https:\/\/sudesan.com.tr\/wp-content\/uploads\/2024\/10\/Grup-1-kopya-20.png\" class=\"attachment-large size-large wp-image-3322\" alt=\"\" srcset=\"https:\/\/sudesan.com.tr\/wp-content\/uploads\/2024\/10\/Grup-1-kopya-20.png 730w, https:\/\/sudesan.com.tr\/wp-content\/uploads\/2024\/10\/Grup-1-kopya-20-300x189.png 300w, https:\/\/sudesan.com.tr\/wp-content\/uploads\/2024\/10\/Grup-1-kopya-20-18x12.png 18w\" sizes=\"(max-width: 730px) 100vw, 730px\" \/>\t\t\t\t\t\t\t\t\t\t\t\t\t<\/div>\n\t\t\t\t<\/div>\n\t\t\t\t<\/div>\n\t\t<div class=\"elementor-element elementor-element-ccecee1 e-con-full e-flex e-con e-child\" data-id=\"ccecee1\" data-element_type=\"container\">\n\t\t\t\t<div class=\"elementor-element elementor-element-5ae68e0 jltma-glass-effect-no elementor-widget elementor-widget-text-editor\" data-id=\"5ae68e0\" data-element_type=\"widget\" data-widget_type=\"text-editor.default\">\n\t\t\t\t<div class=\"elementor-widget-container\">\n\t\t\t\t\t\t\t<h3 style=\"text-align: left;\"><mark class=\"has-inline-color\" style=\"background-color: rgba(0, 0, 0, 0); color: #199ea3;\"><span class=\"\" lang=\"TR\">Dry Shampoo<\/span><\/mark><\/h3>\n<p style=\"text-align: left;\"><!-- \/wp:heading --><\/p>\n<p style=\"text-align: left;\"><!-- wp:paragraph --><\/p>\n<p style=\"text-align: left;\">Hair type: All Hair Types<\/p>\n<p style=\"text-align: left;\">Kimler i\u00e7in: Sa\u00e7lar\u0131n\u0131 s\u0131k y\u0131kayan kad\u0131nlar<\/p>\n<p style=\"text-align: left;\">Feature: Specifically designed for women who exercise regularly, this shampoo protects hair from dryness during frequent washing.<\/p>\n<p style=\"text-align: left;\">Benefit: It supports scalp health and helps prevent dandruff.<\/p>\n<p style=\"text-align: left;\">Additional Benefit: Boo s energy at the hair root, and makes hair easier to comb.<\/p>\t\t\t\t\t\t<\/div>\n\t\t\t\t<\/div>\n\t\t\t\t<\/div>\n\t\t\t\t\t<\/div>\n\t\t\t\t<\/div>\n\t\t\t\t\t<\/div>\n\t\t\t\t<\/div>\n\t\t<div class=\"elementor-element elementor-element-e0bafef e-flex e-con-boxed e-con e-parent\" data-id=\"e0bafef\" data-element_type=\"container\">\n\t\t\t\t\t<div class=\"e-con-inner\">\n\t\t\t\t<div class=\"elementor-element elementor-element-f41f39c jltma-glass-effect-no elementor-widget elementor-widget-text-editor\" data-id=\"f41f39c\" data-element_type=\"widget\" data-widget_type=\"text-editor.default\">\n\t\t\t\t<div class=\"elementor-widget-container\">\n\t\t\t\t\t\t\t<p class=\" translation-block\"><span style=\"color: #54595f\">\u00a0 \u00a0 \u00a0 \u00a0 \u00a0 \u00a0 \u00a0 \u00a0 \u00a0 \u00a0 \u00a0 \u00a0 \u00a0 \u00a0 \u00a0 \u00a0 \u00a0 \u00a0 \u00a0 \u00a0 \u00a0 \u00a0 \u00a0 \u00a0 \u00a0 \u00a0 \u00a0 \u00a0 \u00a0 \u00a0 \u00a0 \u00a0 \u00a0<\/span><span style=\"color: #54595f\">You can visit;<\/span><a target=\"_blank\" href=\"https:\/\/reanima.com.tr\/\"><strong><span style=\"color: #7fcdc6\">\u00a0www.reanima.com.tr<\/span><\/strong>\u00a0<\/a><span style=\"color: #54595f\"> for further information.<\/span><\/p>\t\t\t\t\t\t<\/div>\n\t\t\t\t<\/div>\n\t\t\t\t\t<\/div>\n\t\t\t\t<\/div>\n\t\t<div class=\"elementor-element elementor-element-b5b656f e-flex e-con-boxed e-con e-parent\" data-id=\"b5b656f\" data-element_type=\"container\">\n\t\t\t\t\t<div class=\"e-con-inner\">\n\t\t\t\t<div class=\"elementor-element elementor-element-94dbaac elementor-icon-list--layout-inline elementor-align-center elementor-list-item-link-full_width jltma-glass-effect-no elementor-widget elementor-widget-icon-list\" data-id=\"94dbaac\" data-element_type=\"widget\" data-widget_type=\"icon-list.default\">\n\t\t\t\t<div class=\"elementor-widget-container\">\n\t\t\t<link rel=\"stylesheet\" href=\"https:\/\/sudesan.com.tr\/wp-content\/plugins\/elementor\/assets\/css\/widget-icon-list.min.css\">\t\t<ul class=\"elementor-icon-list-items elementor-inline-items\">\n\t\t\t\t\t\t\t<li class=\"elementor-icon-list-item elementor-inline-item\">\n\t\t\t\t\t\t\t\t\t\t\t<a href=\"https:\/\/drive.google.com\/file\/d\/1wK9IhyddY8LbtA12iNQbAsVFQsbymgHy\/view\" target=\"_blank\">\n\n\t\t\t\t\t\t\t\t\t\t\t\t<span class=\"elementor-icon-list-icon\">\n\t\t\t\t\t\t\t<svg aria-hidden=\"true\" class=\"e-font-icon-svg e-fas-external-link-alt\" viewbox=\"0 0 512 512\" xmlns=\"http:\/\/www.w3.org\/2000\/svg\"><path d=\"M432,320H400a16,16,0,0,0-16,16V448H64V128H208a16,16,0,0,0,16-16V80a16,16,0,0,0-16-16H48A48,48,0,0,0,0,112V464a48,48,0,0,0,48,48H400a48,48,0,0,0,48-48V336A16,16,0,0,0,432,320ZM488,0h-128c-21.37,0-32.05,25.91-17,41l35.73,35.73L135,320.37a24,24,0,0,0,0,34L157.67,377a24,24,0,0,0,34,0L435.28,133.32,471,169c15,15,41,4.5,41-17V24A24,24,0,0,0,488,0Z\"><\/path><\/svg>\t\t\t\t\t\t<\/span>\n\t\t\t\t\t\t\t\t\t\t<span class=\"elementor-icon-list-text\">Reanima Catalog<\/span>\n\t\t\t\t\t\t\t\t\t\t\t<\/a>\n\t\t\t\t\t\t\t\t\t<\/li>\n\t\t\t\t\t\t<\/ul>\n\t\t\t\t<\/div>\n\t\t\t\t<\/div>\n\t\t\t\t\t<\/div>\n\t\t\t\t<\/div>\n\t\t\t\t<\/div>","protected":false},"excerpt":{"rendered":"<p>SPORTY RECHARGE SER\u0130S\u0130 Yo\u011fun egzersiz yapan kad\u0131nlarda sa\u00e7lar\u0131n y\u0131pranmas\u0131, kurumas\u0131 gibi sorunlarla kar\u015f\u0131la\u015f\u0131labilir. S\u0131k kullan\u0131ma uygun, y\u00fcksek performansl\u0131, do\u011fal i\u00e7erikli serimiz sa\u00e7lar\u0131n sa\u011fl\u0131kl\u0131 ve g\u00fc\u00e7l\u00fc kalmas\u0131n\u0131 sa\u011flar. Spor sonras\u0131 yo\u011fun bir i\u015f g\u00fcn\u00fcne haz\u0131r olmas\u0131 gereken \u00e7al\u0131\u015fan kad\u0131nlar\u0131 da g\u00f6z \u00f6n\u00fcnde bulundurarak, h\u0131zl\u0131 bir \u015fekilde haz\u0131rlanman\u0131za yard\u0131mc\u0131 olacak hacim veren bir kuru \u015fampuan da sunuyoruz.&hellip;<\/p>","protected":false},"author":1,"featured_media":0,"parent":3092,"menu_order":0,"comment_status":"closed","ping_status":"closed","template":"","meta":{"footnotes":""},"class_list":["post-3143","page","type-page","status-publish","hentry"],"_links":{"self":[{"href":"https:\/\/sudesan.com.tr\/en\/wp-json\/wp\/v2\/pages\/3143","targetHints":{"allow":["GET"]}}],"collection":[{"href":"https:\/\/sudesan.com.tr\/en\/wp-json\/wp\/v2\/pages"}],"about":[{"href":"https:\/\/sudesan.com.tr\/en\/wp-json\/wp\/v2\/types\/page"}],"author":[{"embeddable":true,"href":"https:\/\/sudesan.com.tr\/en\/wp-json\/wp\/v2\/users\/1"}],"replies":[{"embeddable":true,"href":"https:\/\/sudesan.com.tr\/en\/wp-json\/wp\/v2\/comments?post=3143"}],"version-history":[{"count":28,"href":"https:\/\/sudesan.com.tr\/en\/wp-json\/wp\/v2\/pages\/3143\/revisions"}],"predecessor-version":[{"id":3385,"href":"https:\/\/sudesan.com.tr\/en\/wp-json\/wp\/v2\/pages\/3143\/revisions\/3385"}],"up":[{"embeddable":true,"href":"https:\/\/sudesan.com.tr\/en\/wp-json\/wp\/v2\/pages\/3092"}],"wp:attachment":[{"href":"https:\/\/sudesan.com.tr\/en\/wp-json\/wp\/v2\/media?parent=3143"}],"curies":[{"name":"wp","href":"https:\/\/api.w.org\/{rel}","templated":true}]}}