{"id":3174,"date":"2024-10-01T21:29:08","date_gmt":"2024-10-01T21:29:08","guid":{"rendered":"https:\/\/sudesan.com.tr\/?page_id=3174"},"modified":"2024-10-18T14:00:54","modified_gmt":"2024-10-18T14:00:54","slug":"strand-protection","status":"publish","type":"page","link":"https:\/\/sudesan.com.tr\/en\/reanima\/professional-series\/strand-protection\/","title":{"rendered":"Strand Protection"},"content":{"rendered":"<div data-elementor-type=\"wp-page\" data-elementor-id=\"3174\" class=\"elementor elementor-3174\" data-elementor-post-type=\"page\">\n\t\t\t\t<div class=\"elementor-element elementor-element-53aedcc e-flex e-con-boxed e-con e-parent\" data-id=\"53aedcc\" data-element_type=\"container\">\n\t\t\t\t\t<div class=\"e-con-inner\">\n\t\t<div class=\"elementor-element elementor-element-f0de7a6 e-con-full e-flex e-con e-child\" data-id=\"f0de7a6\" data-element_type=\"container\">\n\t\t\t\t<div class=\"elementor-element elementor-element-a1f0680 jltma-glass-effect-no elementor-widget elementor-widget-image\" data-id=\"a1f0680\" data-element_type=\"widget\" data-widget_type=\"image.default\">\n\t\t\t\t<div class=\"elementor-widget-container\">\n\t\t\t<style>\/*! elementor - v3.21.0 - 22-05-2024 *\/\n.elementor-widget-image{text-align:center}.elementor-widget-image a{display:inline-block}.elementor-widget-image a img[src$=\".svg\"]{width:48px}.elementor-widget-image img{vertical-align:middle;display:inline-block}<\/style>\t\t\t\t\t\t\t\t\t\t<img fetchpriority=\"high\" decoding=\"async\" width=\"757\" height=\"490\" src=\"https:\/\/sudesan.com.tr\/wp-content\/uploads\/2024\/10\/WhatsApp-Gorsel-2024-10-01-saat-23.26.44_78f3976d.jpg\" class=\"attachment-large size-large wp-image-3237\" alt=\"\" srcset=\"https:\/\/sudesan.com.tr\/wp-content\/uploads\/2024\/10\/WhatsApp-Gorsel-2024-10-01-saat-23.26.44_78f3976d.jpg 757w, https:\/\/sudesan.com.tr\/wp-content\/uploads\/2024\/10\/WhatsApp-Gorsel-2024-10-01-saat-23.26.44_78f3976d-300x194.jpg 300w, https:\/\/sudesan.com.tr\/wp-content\/uploads\/2024\/10\/WhatsApp-Gorsel-2024-10-01-saat-23.26.44_78f3976d-18x12.jpg 18w\" sizes=\"(max-width: 757px) 100vw, 757px\" \/>\t\t\t\t\t\t\t\t\t\t\t\t\t<\/div>\n\t\t\t\t<\/div>\n\t\t\t\t<\/div>\n\t\t<div class=\"elementor-element elementor-element-d0122b0 e-con-full e-flex e-con e-child\" data-id=\"d0122b0\" data-element_type=\"container\">\n\t\t\t\t<div class=\"elementor-element elementor-element-1787c0c jltma-glass-effect-no elementor-widget elementor-widget-text-editor\" data-id=\"1787c0c\" data-element_type=\"widget\" data-widget_type=\"text-editor.default\">\n\t\t\t\t<div class=\"elementor-widget-container\">\n\t\t\t<style>\/*! elementor - v3.21.0 - 22-05-2024 *\/\n.elementor-widget-text-editor.elementor-drop-cap-view-stacked .elementor-drop-cap{background-color:#69727d;color:#fff}.elementor-widget-text-editor.elementor-drop-cap-view-framed .elementor-drop-cap{color:#69727d;border:3px solid;background-color:transparent}.elementor-widget-text-editor:not(.elementor-drop-cap-view-default) .elementor-drop-cap{margin-top:8px}.elementor-widget-text-editor:not(.elementor-drop-cap-view-default) .elementor-drop-cap-letter{width:1em;height:1em}.elementor-widget-text-editor .elementor-drop-cap{float:left;text-align:center;line-height:1;font-size:50px}.elementor-widget-text-editor .elementor-drop-cap-letter{display:inline-block}<\/style>\t\t\t\t<h3><span style=\"color: #199ea3;\">STRAND PROTECTION SERIES<\/span><\/h3>\n<p><!-- \/wp:heading --><\/p>\n<p><!-- wp:paragraph --><\/p>\n<p>It helps reduce hair loss, nourish the scalp and maintain healthy hair growth during the growth period. It provides intensive care for the scalp with its powerful amino acid and vitamin complex and balances sebum secretion.<\/p>\t\t\t\t\t\t<\/div>\n\t\t\t\t<\/div>\n\t\t\t\t<\/div>\n\t\t\t\t\t<\/div>\n\t\t\t\t<\/div>\n\t\t<div class=\"elementor-element elementor-element-508aca9 e-flex e-con-boxed e-con e-parent\" data-id=\"508aca9\" data-element_type=\"container\">\n\t\t\t\t\t<div class=\"e-con-inner\">\n\t\t<div class=\"elementor-element elementor-element-3df299a e-flex e-con-boxed e-con e-child\" data-id=\"3df299a\" data-element_type=\"container\">\n\t\t\t\t\t<div class=\"e-con-inner\">\n\t\t<div class=\"elementor-element elementor-element-084d850 e-con-full e-flex e-con e-child\" data-id=\"084d850\" data-element_type=\"container\">\n\t\t\t\t<div class=\"elementor-element elementor-element-6ab84eb jltma-glass-effect-no elementor-widget elementor-widget-image\" data-id=\"6ab84eb\" data-element_type=\"widget\" data-widget_type=\"image.default\">\n\t\t\t\t<div class=\"elementor-widget-container\">\n\t\t\t\t\t\t\t\t\t\t\t\t\t<img decoding=\"async\" width=\"730\" height=\"460\" src=\"https:\/\/sudesan.com.tr\/wp-content\/uploads\/2024\/10\/Strand-Protection-shampoo.png\" class=\"attachment-full size-full wp-image-3275\" alt=\"\" srcset=\"https:\/\/sudesan.com.tr\/wp-content\/uploads\/2024\/10\/Strand-Protection-shampoo.png 730w, https:\/\/sudesan.com.tr\/wp-content\/uploads\/2024\/10\/Strand-Protection-shampoo-300x189.png 300w, https:\/\/sudesan.com.tr\/wp-content\/uploads\/2024\/10\/Strand-Protection-shampoo-18x12.png 18w\" sizes=\"(max-width: 730px) 100vw, 730px\" \/>\t\t\t\t\t\t\t\t\t\t\t\t\t<\/div>\n\t\t\t\t<\/div>\n\t\t\t\t<\/div>\n\t\t<div class=\"elementor-element elementor-element-9744cde e-con-full e-flex e-con e-child\" data-id=\"9744cde\" data-element_type=\"container\">\n\t\t\t\t<div class=\"elementor-element elementor-element-c0f7387 jltma-glass-effect-no elementor-widget elementor-widget-text-editor\" data-id=\"c0f7387\" data-element_type=\"widget\" data-widget_type=\"text-editor.default\">\n\t\t\t\t<div class=\"elementor-widget-container\">\n\t\t\t\t\t\t\t<h3><mark class=\"has-inline-color\" style=\"background-color: rgba(0, 0, 0, 0); color: #199ea3;\">Shampoo<\/mark><\/h3>\n<p><!-- \/wp:heading --><\/p>\n<p><!-- wp:paragraph --><\/p>\n<p>Hair Type: All Hair Type<\/p>\n<p>Women who are prone to hair loss<\/p>\n<p class=\" translation-block\">Feature: Deep cleansing of scalp fragile hair rands<\/p>\n<p class=\" translation-block\">Benefit: Strengthens, protects and revitalizes the hair root. Its high content of active ingredients stimulates the hair growth phase, helps regulate excess oil and activates oxygenation and capillary circulation.<\/p>\n<p class=\" translation-block\">Additional Benefit: Stimulates the hair growth phase. Regulates excess oil in the scalp. Increases hair density. Does not leave hair \ngreasy. Enriched with Herbal Keratin which helps to provide shine and softness by protecting the structure of the hair.<\/p>\t\t\t\t\t\t<\/div>\n\t\t\t\t<\/div>\n\t\t\t\t<\/div>\n\t\t\t\t\t<\/div>\n\t\t\t\t<\/div>\n\t\t\t\t\t<\/div>\n\t\t\t\t<\/div>\n\t\t<div class=\"elementor-element elementor-element-01ec27e e-flex e-con-boxed e-con e-parent\" data-id=\"01ec27e\" data-element_type=\"container\">\n\t\t\t\t\t<div class=\"e-con-inner\">\n\t\t<div class=\"elementor-element elementor-element-1c0415c e-flex e-con-boxed e-con e-child\" data-id=\"1c0415c\" data-element_type=\"container\">\n\t\t\t\t\t<div class=\"e-con-inner\">\n\t\t<div class=\"elementor-element elementor-element-bf6d9b4 e-con-full e-flex e-con e-child\" data-id=\"bf6d9b4\" data-element_type=\"container\">\n\t\t\t\t<div class=\"elementor-element elementor-element-2b27da2 jltma-glass-effect-no elementor-widget elementor-widget-image\" data-id=\"2b27da2\" data-element_type=\"widget\" data-widget_type=\"image.default\">\n\t\t\t\t<div class=\"elementor-widget-container\">\n\t\t\t\t\t\t\t\t\t\t\t\t\t<img decoding=\"async\" width=\"730\" height=\"460\" src=\"https:\/\/sudesan.com.tr\/wp-content\/uploads\/2024\/10\/Strand-Protection-conditioner.png\" class=\"attachment-large size-large wp-image-3276\" alt=\"\" srcset=\"https:\/\/sudesan.com.tr\/wp-content\/uploads\/2024\/10\/Strand-Protection-conditioner.png 730w, https:\/\/sudesan.com.tr\/wp-content\/uploads\/2024\/10\/Strand-Protection-conditioner-300x189.png 300w, https:\/\/sudesan.com.tr\/wp-content\/uploads\/2024\/10\/Strand-Protection-conditioner-18x12.png 18w\" sizes=\"(max-width: 730px) 100vw, 730px\" \/>\t\t\t\t\t\t\t\t\t\t\t\t\t<\/div>\n\t\t\t\t<\/div>\n\t\t\t\t<\/div>\n\t\t<div class=\"elementor-element elementor-element-81bedf0 e-con-full e-flex e-con e-child\" data-id=\"81bedf0\" data-element_type=\"container\">\n\t\t\t\t<div class=\"elementor-element elementor-element-bcdef03 jltma-glass-effect-no elementor-widget elementor-widget-text-editor\" data-id=\"bcdef03\" data-element_type=\"widget\" data-widget_type=\"text-editor.default\">\n\t\t\t\t<div class=\"elementor-widget-container\">\n\t\t\t\t\t\t\t<h3 style=\"text-align: left;\"><mark class=\"has-inline-color\" style=\"background-color: rgba(0, 0, 0, 0); color: #199ea3;\">Conditioner<\/mark><\/h3>\n<p style=\"font-weight: 400; text-align: left;\">Hair Type: All Hair Type<\/p>\n<p style=\"font-weight: 400; text-align: left;\">Women who are prone to hair loss<\/p>\n<p style=\"font-weight: 400; text-align: left;\">Feature: Nourishes, detangles and reinforces hair to reduce the risk of hair fall due to breakage.<\/p>\n<p style=\"font-weight: 400; text-align: left;\">Benefit: Nourishes and rengthens the hair. Reduces frizzy hair. Prevents dehydration. Reduces hair loss. Stimulates hair growth. Contributes to full, soft and shiny hair.<\/p>\n<p style=\"font-weight: 400; text-align: left;\" class=\" translation-block\">Additional Benefit: Helps to protect hair rands.\nA new hair consists of 10-12 protective layers, but these become less over time, making hair more and more vulnerable. Regular use of the conditioner maintains these protective layers, allowing hair to grow longer and healthier.<\/p>\n<p style=\"text-align: left;\">\u00a0<\/p>\n<p><!-- \/wp:heading --><\/p>\n<p><!-- wp:paragraph --><\/p>\t\t\t\t\t\t<\/div>\n\t\t\t\t<\/div>\n\t\t\t\t<\/div>\n\t\t\t\t\t<\/div>\n\t\t\t\t<\/div>\n\t\t\t\t\t<\/div>\n\t\t\t\t<\/div>\n\t\t<div class=\"elementor-element elementor-element-dee78ac e-flex e-con-boxed e-con e-parent\" data-id=\"dee78ac\" data-element_type=\"container\">\n\t\t\t\t\t<div class=\"e-con-inner\">\n\t\t<div class=\"elementor-element elementor-element-399b02a e-flex e-con-boxed e-con e-child\" data-id=\"399b02a\" data-element_type=\"container\">\n\t\t\t\t\t<div class=\"e-con-inner\">\n\t\t<div class=\"elementor-element elementor-element-6db2331 e-con-full e-flex e-con e-child\" data-id=\"6db2331\" data-element_type=\"container\">\n\t\t\t\t<div class=\"elementor-element elementor-element-3e95e8d jltma-glass-effect-no elementor-widget elementor-widget-image\" data-id=\"3e95e8d\" data-element_type=\"widget\" data-widget_type=\"image.default\">\n\t\t\t\t<div class=\"elementor-widget-container\">\n\t\t\t\t\t\t\t\t\t\t\t\t\t<img loading=\"lazy\" decoding=\"async\" width=\"730\" height=\"460\" src=\"https:\/\/sudesan.com.tr\/wp-content\/uploads\/2024\/10\/Strand-Protection-Tonic.png\" class=\"attachment-large size-large wp-image-3277\" alt=\"\" srcset=\"https:\/\/sudesan.com.tr\/wp-content\/uploads\/2024\/10\/Strand-Protection-Tonic.png 730w, https:\/\/sudesan.com.tr\/wp-content\/uploads\/2024\/10\/Strand-Protection-Tonic-300x189.png 300w, https:\/\/sudesan.com.tr\/wp-content\/uploads\/2024\/10\/Strand-Protection-Tonic-18x12.png 18w\" sizes=\"(max-width: 730px) 100vw, 730px\" \/>\t\t\t\t\t\t\t\t\t\t\t\t\t<\/div>\n\t\t\t\t<\/div>\n\t\t\t\t<\/div>\n\t\t<div class=\"elementor-element elementor-element-b56ae3c e-con-full e-flex e-con e-child\" data-id=\"b56ae3c\" data-element_type=\"container\">\n\t\t\t\t<div class=\"elementor-element elementor-element-cf1e828 jltma-glass-effect-no elementor-widget elementor-widget-text-editor\" data-id=\"cf1e828\" data-element_type=\"widget\" data-widget_type=\"text-editor.default\">\n\t\t\t\t<div class=\"elementor-widget-container\">\n\t\t\t\t\t\t\t<h3><mark class=\"has-inline-color\" style=\"background-color: rgba(0, 0, 0, 0); color: #199ea3;\">Hair Tonic<\/mark><\/h3>\n<p><!-- \/wp:heading --><\/p>\n<p><!-- wp:paragraph --><\/p>\n<p>Hair Type: All Hair\u00a0Types<\/p>\n<p>Women who are prone to hair loss<\/p>\n<p>Feature: Helps to reduce hair loss and helps healthy hair growth.<\/p>\n<p>Benefit: Helps to reduce hair loss, nourish the scalp, and ensure healthy hair growth during the growth period. With its powerful amino acid and vitamin complex, it provides intensive care to the scalp and balances sebum secretion.<\/p>\n<p>Additional Benefit: Panax Ginseng Extract helps prevent hair loss  (shedding) and revitalize weakened hair follicles with the ingredients it contains.<\/p>\t\t\t\t\t\t<\/div>\n\t\t\t\t<\/div>\n\t\t\t\t<\/div>\n\t\t\t\t\t<\/div>\n\t\t\t\t<\/div>\n\t\t\t\t\t<\/div>\n\t\t\t\t<\/div>\n\t\t<div class=\"elementor-element elementor-element-e0bafef e-flex e-con-boxed e-con e-parent\" data-id=\"e0bafef\" data-element_type=\"container\">\n\t\t\t\t\t<div class=\"e-con-inner\">\n\t\t\t\t<div class=\"elementor-element elementor-element-f41f39c jltma-glass-effect-no elementor-widget elementor-widget-text-editor\" data-id=\"f41f39c\" data-element_type=\"widget\" data-widget_type=\"text-editor.default\">\n\t\t\t\t<div class=\"elementor-widget-container\">\n\t\t\t\t\t\t\t<p class=\" translation-block\"><span style=\"color: #54595f\">\u00a0 \u00a0 \u00a0 \u00a0 \u00a0 \u00a0 \u00a0 \u00a0 \u00a0 \u00a0 \u00a0 \u00a0 \u00a0 \u00a0 \u00a0 \u00a0 \u00a0 \u00a0 \u00a0 \u00a0 \u00a0 \u00a0 \u00a0 \u00a0 \u00a0 \u00a0 \u00a0 \u00a0 \u00a0 \u00a0 \u00a0 \u00a0 \u00a0<\/span><span style=\"color: #54595f\">You can visit;<\/span><a target=\"_blank\" href=\"https:\/\/reanima.com.tr\/\"><strong><span style=\"color: #7fcdc6\">\u00a0www.reanima.com.tr<\/span><\/strong>\u00a0<\/a><span style=\"color: #54595f\"> for further information.<\/span><\/p>\t\t\t\t\t\t<\/div>\n\t\t\t\t<\/div>\n\t\t\t\t\t<\/div>\n\t\t\t\t<\/div>\n\t\t<div class=\"elementor-element elementor-element-b5b656f e-flex e-con-boxed e-con e-parent\" data-id=\"b5b656f\" data-element_type=\"container\">\n\t\t\t\t\t<div class=\"e-con-inner\">\n\t\t\t\t<div class=\"elementor-element elementor-element-94dbaac elementor-icon-list--layout-inline elementor-align-center elementor-list-item-link-full_width jltma-glass-effect-no elementor-widget elementor-widget-icon-list\" data-id=\"94dbaac\" data-element_type=\"widget\" data-widget_type=\"icon-list.default\">\n\t\t\t\t<div class=\"elementor-widget-container\">\n\t\t\t<link rel=\"stylesheet\" href=\"https:\/\/sudesan.com.tr\/wp-content\/plugins\/elementor\/assets\/css\/widget-icon-list.min.css\">\t\t<ul class=\"elementor-icon-list-items elementor-inline-items\">\n\t\t\t\t\t\t\t<li class=\"elementor-icon-list-item elementor-inline-item\">\n\t\t\t\t\t\t\t\t\t\t\t<a href=\"https:\/\/drive.google.com\/file\/d\/1wK9IhyddY8LbtA12iNQbAsVFQsbymgHy\/view\" target=\"_blank\">\n\n\t\t\t\t\t\t\t\t\t\t\t\t<span class=\"elementor-icon-list-icon\">\n\t\t\t\t\t\t\t<svg aria-hidden=\"true\" class=\"e-font-icon-svg e-fas-external-link-alt\" viewbox=\"0 0 512 512\" xmlns=\"http:\/\/www.w3.org\/2000\/svg\"><path d=\"M432,320H400a16,16,0,0,0-16,16V448H64V128H208a16,16,0,0,0,16-16V80a16,16,0,0,0-16-16H48A48,48,0,0,0,0,112V464a48,48,0,0,0,48,48H400a48,48,0,0,0,48-48V336A16,16,0,0,0,432,320ZM488,0h-128c-21.37,0-32.05,25.91-17,41l35.73,35.73L135,320.37a24,24,0,0,0,0,34L157.67,377a24,24,0,0,0,34,0L435.28,133.32,471,169c15,15,41,4.5,41-17V24A24,24,0,0,0,488,0Z\"><\/path><\/svg>\t\t\t\t\t\t<\/span>\n\t\t\t\t\t\t\t\t\t\t<span class=\"elementor-icon-list-text\">Reanima Catalog<\/span>\n\t\t\t\t\t\t\t\t\t\t\t<\/a>\n\t\t\t\t\t\t\t\t\t<\/li>\n\t\t\t\t\t\t<\/ul>\n\t\t\t\t<\/div>\n\t\t\t\t<\/div>\n\t\t\t\t\t<\/div>\n\t\t\t\t<\/div>\n\t\t\t\t<\/div>","protected":false},"excerpt":{"rendered":"<p>STRAND PROTECTION SER\u0130S\u0130 Sa\u00e7 d\u00f6k\u00fclmesinin azalt\u0131lmas\u0131na, sa\u00e7 derisinin beslenmesine ve b\u00fcy\u00fcme d\u00f6neminde sa\u011fl\u0131kl\u0131 sa\u00e7 uzamas\u0131n\u0131n sa\u011flanmas\u0131na yard\u0131mc\u0131 olur. G\u00fc\u00e7l\u00fc amino asit ve vitamin kompleksi ile sa\u00e7 derisine yo\u011fun bak\u0131m sa\u011flar ve sebum salg\u0131s\u0131n\u0131 dengeler. \u015eampuan Sa\u00e7 Tipi: T\u00fcm sa\u00e7 tipleri Kimler i\u00e7in: Sa\u00e7 d\u00f6k\u00fclmesine yatk\u0131nl\u0131\u011f\u0131 olan kad\u0131nlar \u00d6zellik: Sa\u00e7 derisinin k\u0131r\u0131lgan sa\u00e7 tellerinin derinlemesinetemizlenmesini sa\u011flar.&hellip;<\/p>","protected":false},"author":1,"featured_media":0,"parent":3172,"menu_order":0,"comment_status":"closed","ping_status":"closed","template":"","meta":{"footnotes":""},"class_list":["post-3174","page","type-page","status-publish","hentry"],"_links":{"self":[{"href":"https:\/\/sudesan.com.tr\/en\/wp-json\/wp\/v2\/pages\/3174","targetHints":{"allow":["GET"]}}],"collection":[{"href":"https:\/\/sudesan.com.tr\/en\/wp-json\/wp\/v2\/pages"}],"about":[{"href":"https:\/\/sudesan.com.tr\/en\/wp-json\/wp\/v2\/types\/page"}],"author":[{"embeddable":true,"href":"https:\/\/sudesan.com.tr\/en\/wp-json\/wp\/v2\/users\/1"}],"replies":[{"embeddable":true,"href":"https:\/\/sudesan.com.tr\/en\/wp-json\/wp\/v2\/comments?post=3174"}],"version-history":[{"count":31,"href":"https:\/\/sudesan.com.tr\/en\/wp-json\/wp\/v2\/pages\/3174\/revisions"}],"predecessor-version":[{"id":3379,"href":"https:\/\/sudesan.com.tr\/en\/wp-json\/wp\/v2\/pages\/3174\/revisions\/3379"}],"up":[{"embeddable":true,"href":"https:\/\/sudesan.com.tr\/en\/wp-json\/wp\/v2\/pages\/3172"}],"wp:attachment":[{"href":"https:\/\/sudesan.com.tr\/en\/wp-json\/wp\/v2\/media?parent=3174"}],"curies":[{"name":"wp","href":"https:\/\/api.w.org\/{rel}","templated":true}]}}