{"id":3182,"date":"2024-10-01T21:35:22","date_gmt":"2024-10-01T21:35:22","guid":{"rendered":"https:\/\/sudesan.com.tr\/?page_id=3182"},"modified":"2024-10-18T14:00:13","modified_gmt":"2024-10-18T14:00:13","slug":"voluminous-recharge","status":"publish","type":"page","link":"https:\/\/sudesan.com.tr\/en\/reanima\/professional-series\/voluminous-recharge\/","title":{"rendered":"Voluminous Recharge"},"content":{"rendered":"<div data-elementor-type=\"wp-page\" data-elementor-id=\"3182\" class=\"elementor elementor-3182\" data-elementor-post-type=\"page\">\n\t\t\t\t<div class=\"elementor-element elementor-element-8c757ca e-flex e-con-boxed e-con e-parent\" data-id=\"8c757ca\" data-element_type=\"container\">\n\t\t\t\t\t<div class=\"e-con-inner\">\n\t\t<div class=\"elementor-element elementor-element-61a818c e-con-full e-flex e-con e-child\" data-id=\"61a818c\" data-element_type=\"container\">\n\t\t\t\t<div class=\"elementor-element elementor-element-828ba6d jltma-glass-effect-no elementor-widget elementor-widget-image\" data-id=\"828ba6d\" data-element_type=\"widget\" data-widget_type=\"image.default\">\n\t\t\t\t<div class=\"elementor-widget-container\">\n\t\t\t<style>\/*! elementor - v3.21.0 - 22-05-2024 *\/\n.elementor-widget-image{text-align:center}.elementor-widget-image a{display:inline-block}.elementor-widget-image a img[src$=\".svg\"]{width:48px}.elementor-widget-image img{vertical-align:middle;display:inline-block}<\/style>\t\t\t\t\t\t\t\t\t\t<img fetchpriority=\"high\" decoding=\"async\" width=\"757\" height=\"490\" src=\"https:\/\/sudesan.com.tr\/wp-content\/uploads\/2024\/10\/WhatsApp-Gorsel-2024-10-01-saat-23.26.43_c63864fb.jpg\" class=\"attachment-large size-large wp-image-3239\" alt=\"\" srcset=\"https:\/\/sudesan.com.tr\/wp-content\/uploads\/2024\/10\/WhatsApp-Gorsel-2024-10-01-saat-23.26.43_c63864fb.jpg 757w, https:\/\/sudesan.com.tr\/wp-content\/uploads\/2024\/10\/WhatsApp-Gorsel-2024-10-01-saat-23.26.43_c63864fb-300x194.jpg 300w, https:\/\/sudesan.com.tr\/wp-content\/uploads\/2024\/10\/WhatsApp-Gorsel-2024-10-01-saat-23.26.43_c63864fb-18x12.jpg 18w\" sizes=\"(max-width: 757px) 100vw, 757px\" \/>\t\t\t\t\t\t\t\t\t\t\t\t\t<\/div>\n\t\t\t\t<\/div>\n\t\t\t\t<\/div>\n\t\t<div class=\"elementor-element elementor-element-8e00d4d e-con-full e-flex e-con e-child\" data-id=\"8e00d4d\" data-element_type=\"container\">\n\t\t\t\t<div class=\"elementor-element elementor-element-b296997 jltma-glass-effect-no elementor-widget elementor-widget-text-editor\" data-id=\"b296997\" data-element_type=\"widget\" data-widget_type=\"text-editor.default\">\n\t\t\t\t<div class=\"elementor-widget-container\">\n\t\t\t<style>\/*! elementor - v3.21.0 - 22-05-2024 *\/\n.elementor-widget-text-editor.elementor-drop-cap-view-stacked .elementor-drop-cap{background-color:#69727d;color:#fff}.elementor-widget-text-editor.elementor-drop-cap-view-framed .elementor-drop-cap{color:#69727d;border:3px solid;background-color:transparent}.elementor-widget-text-editor:not(.elementor-drop-cap-view-default) .elementor-drop-cap{margin-top:8px}.elementor-widget-text-editor:not(.elementor-drop-cap-view-default) .elementor-drop-cap-letter{width:1em;height:1em}.elementor-widget-text-editor .elementor-drop-cap{float:left;text-align:center;line-height:1;font-size:50px}.elementor-widget-text-editor .elementor-drop-cap-letter{display:inline-block}<\/style>\t\t\t\t<h3><span style=\"color: #199ea3;\">VOLUMINOUS RECHARGE SERIES<\/span><\/h3>\n<p><!-- \/wp:heading --><\/p>\n<p><!-- wp:paragraph --><\/p>\n<p>Creates healthy-looking volume in thin, lifeless hair. Formulated for thin and lifeless hair, adds \nvolume from root to tip and help prevent split ends. The peptides contained in quinoa seeds \nbind to the hair rands and help increase the density of the hair without weighing it down. \nHelps nourish the hair and support hair growth.<\/p>\t\t\t\t\t\t<\/div>\n\t\t\t\t<\/div>\n\t\t\t\t<\/div>\n\t\t\t\t\t<\/div>\n\t\t\t\t<\/div>\n\t\t<div class=\"elementor-element elementor-element-508aca9 e-flex e-con-boxed e-con e-parent\" data-id=\"508aca9\" data-element_type=\"container\">\n\t\t\t\t\t<div class=\"e-con-inner\">\n\t\t<div class=\"elementor-element elementor-element-3df299a e-flex e-con-boxed e-con e-child\" data-id=\"3df299a\" data-element_type=\"container\">\n\t\t\t\t\t<div class=\"e-con-inner\">\n\t\t<div class=\"elementor-element elementor-element-084d850 e-con-full e-flex e-con e-child\" data-id=\"084d850\" data-element_type=\"container\">\n\t\t\t\t<div class=\"elementor-element elementor-element-6ab84eb jltma-glass-effect-no elementor-widget elementor-widget-image\" data-id=\"6ab84eb\" data-element_type=\"widget\" data-widget_type=\"image.default\">\n\t\t\t\t<div class=\"elementor-widget-container\">\n\t\t\t\t\t\t\t\t\t\t\t\t\t<img decoding=\"async\" width=\"730\" height=\"460\" src=\"https:\/\/sudesan.com.tr\/wp-content\/uploads\/2024\/10\/Voluminous-shampoo.png\" class=\"attachment-full size-full wp-image-3281\" alt=\"\" srcset=\"https:\/\/sudesan.com.tr\/wp-content\/uploads\/2024\/10\/Voluminous-shampoo.png 730w, https:\/\/sudesan.com.tr\/wp-content\/uploads\/2024\/10\/Voluminous-shampoo-300x189.png 300w, https:\/\/sudesan.com.tr\/wp-content\/uploads\/2024\/10\/Voluminous-shampoo-18x12.png 18w\" sizes=\"(max-width: 730px) 100vw, 730px\" \/>\t\t\t\t\t\t\t\t\t\t\t\t\t<\/div>\n\t\t\t\t<\/div>\n\t\t\t\t<\/div>\n\t\t<div class=\"elementor-element elementor-element-9744cde e-con-full e-flex e-con e-child\" data-id=\"9744cde\" data-element_type=\"container\">\n\t\t\t\t<div class=\"elementor-element elementor-element-c0f7387 jltma-glass-effect-no elementor-widget elementor-widget-text-editor\" data-id=\"c0f7387\" data-element_type=\"widget\" data-widget_type=\"text-editor.default\">\n\t\t\t\t<div class=\"elementor-widget-container\">\n\t\t\t\t\t\t\t<h3><mark class=\"has-inline-color\" style=\"background-color: rgba(0, 0, 0, 0); color: #199ea3;\">Shampoo<\/mark><\/h3>\n<p><!-- \/wp:heading --><\/p>\n<p><!-- wp:paragraph --><\/p>\n<p>Sa\u00e7 Tipi: \u0130nce telli sa\u00e7lar<\/p>\n<p>Kimler i\u00e7in: S\u00fcrekli olarak kuru, k\u0131v\u0131rc\u0131k sa\u00e7larla m\u00fccadele etmekten yorulan kad\u0131nlar<\/p>\n<p>\u00d6zelli\u011fi: Kuru sa\u00e7 derisinin ve kuru, k\u0131v\u0131rc\u0131k sa\u00e7 tellerinin derinlemesine temizler.<\/p>\n<p>Benefit: Dry and weakened hair becomes soft and nourished.<\/p>\n<p>Additional Benefit: Enriched with Herbal Keratin which helps to provide shine and softness by protecting the ructure of the hair.<\/p>\t\t\t\t\t\t<\/div>\n\t\t\t\t<\/div>\n\t\t\t\t<\/div>\n\t\t\t\t\t<\/div>\n\t\t\t\t<\/div>\n\t\t\t\t\t<\/div>\n\t\t\t\t<\/div>\n\t\t<div class=\"elementor-element elementor-element-01ec27e e-flex e-con-boxed e-con e-parent\" data-id=\"01ec27e\" data-element_type=\"container\">\n\t\t\t\t\t<div class=\"e-con-inner\">\n\t\t<div class=\"elementor-element elementor-element-1c0415c e-flex e-con-boxed e-con e-child\" data-id=\"1c0415c\" data-element_type=\"container\">\n\t\t\t\t\t<div class=\"e-con-inner\">\n\t\t<div class=\"elementor-element elementor-element-bf6d9b4 e-con-full e-flex e-con e-child\" data-id=\"bf6d9b4\" data-element_type=\"container\">\n\t\t\t\t<div class=\"elementor-element elementor-element-2b27da2 jltma-glass-effect-no elementor-widget elementor-widget-image\" data-id=\"2b27da2\" data-element_type=\"widget\" data-widget_type=\"image.default\">\n\t\t\t\t<div class=\"elementor-widget-container\">\n\t\t\t\t\t\t\t\t\t\t\t\t\t<img decoding=\"async\" width=\"730\" height=\"460\" src=\"https:\/\/sudesan.com.tr\/wp-content\/uploads\/2024\/10\/Vluminous-conditioner.png\" class=\"attachment-large size-large wp-image-3282\" alt=\"\" srcset=\"https:\/\/sudesan.com.tr\/wp-content\/uploads\/2024\/10\/Vluminous-conditioner.png 730w, https:\/\/sudesan.com.tr\/wp-content\/uploads\/2024\/10\/Vluminous-conditioner-300x189.png 300w, https:\/\/sudesan.com.tr\/wp-content\/uploads\/2024\/10\/Vluminous-conditioner-18x12.png 18w\" sizes=\"(max-width: 730px) 100vw, 730px\" \/>\t\t\t\t\t\t\t\t\t\t\t\t\t<\/div>\n\t\t\t\t<\/div>\n\t\t\t\t<\/div>\n\t\t<div class=\"elementor-element elementor-element-81bedf0 e-con-full e-flex e-con e-child\" data-id=\"81bedf0\" data-element_type=\"container\">\n\t\t\t\t<div class=\"elementor-element elementor-element-bcdef03 jltma-glass-effect-no elementor-widget elementor-widget-text-editor\" data-id=\"bcdef03\" data-element_type=\"widget\" data-widget_type=\"text-editor.default\">\n\t\t\t\t<div class=\"elementor-widget-container\">\n\t\t\t\t\t\t\t<h3 style=\"text-align: left;\"><mark class=\"has-inline-color\" style=\"background-color: rgba(0, 0, 0, 0); color: #199ea3;\">Conditioner<\/mark><\/h3>\n<p style=\"font-weight: 400; text-align: left;\">Sa\u00e7 Tipi: \u0130nce, d\u00fcz sa\u00e7lar<\/p>\n<p style=\"font-weight: 400; text-align: left;\">For Whom: Women who have hair from dull and flat to full and textured<\/p>\n<p style=\"font-weight: 400; text-align: left;\">Feature: Lightweight nourishment &amp; softness. Revive your fine, thin, or flat hair to a full &amp; thick look.<\/p>\n<p style=\"font-weight: 400; text-align: left;\">Benefit: No residue on the hair fibre.<\/p>\n<p style=\"font-weight: 400; text-align: left;\">Additional Benefit: Helps to moi ure the hair effectively. After using the Volumizing Conditioner, the hair is shinier, smoother, more resistant and the hair surface is less damaged.<\/p>\n<p style=\"text-align: left;\">\u00a0<\/p>\n<p><!-- \/wp:heading --><\/p>\n<p><!-- wp:paragraph --><\/p>\t\t\t\t\t\t<\/div>\n\t\t\t\t<\/div>\n\t\t\t\t<\/div>\n\t\t\t\t\t<\/div>\n\t\t\t\t<\/div>\n\t\t\t\t\t<\/div>\n\t\t\t\t<\/div>\n\t\t<div class=\"elementor-element elementor-element-dee78ac e-flex e-con-boxed e-con e-parent\" data-id=\"dee78ac\" data-element_type=\"container\">\n\t\t\t\t\t<div class=\"e-con-inner\">\n\t\t<div class=\"elementor-element elementor-element-399b02a e-flex e-con-boxed e-con e-child\" data-id=\"399b02a\" data-element_type=\"container\">\n\t\t\t\t\t<div class=\"e-con-inner\">\n\t\t<div class=\"elementor-element elementor-element-6db2331 e-con-full e-flex e-con e-child\" data-id=\"6db2331\" data-element_type=\"container\">\n\t\t\t\t<div class=\"elementor-element elementor-element-3e95e8d jltma-glass-effect-no elementor-widget elementor-widget-image\" data-id=\"3e95e8d\" data-element_type=\"widget\" data-widget_type=\"image.default\">\n\t\t\t\t<div class=\"elementor-widget-container\">\n\t\t\t\t\t\t\t\t\t\t\t\t\t<img loading=\"lazy\" decoding=\"async\" width=\"730\" height=\"460\" src=\"https:\/\/sudesan.com.tr\/wp-content\/uploads\/2024\/10\/Voluminous-sea-salt.png\" class=\"attachment-large size-large wp-image-3283\" alt=\"\" srcset=\"https:\/\/sudesan.com.tr\/wp-content\/uploads\/2024\/10\/Voluminous-sea-salt.png 730w, https:\/\/sudesan.com.tr\/wp-content\/uploads\/2024\/10\/Voluminous-sea-salt-300x189.png 300w, https:\/\/sudesan.com.tr\/wp-content\/uploads\/2024\/10\/Voluminous-sea-salt-18x12.png 18w\" sizes=\"(max-width: 730px) 100vw, 730px\" \/>\t\t\t\t\t\t\t\t\t\t\t\t\t<\/div>\n\t\t\t\t<\/div>\n\t\t\t\t<\/div>\n\t\t<div class=\"elementor-element elementor-element-b56ae3c e-con-full e-flex e-con e-child\" data-id=\"b56ae3c\" data-element_type=\"container\">\n\t\t\t\t<div class=\"elementor-element elementor-element-cf1e828 jltma-glass-effect-no elementor-widget elementor-widget-text-editor\" data-id=\"cf1e828\" data-element_type=\"widget\" data-widget_type=\"text-editor.default\">\n\t\t\t\t<div class=\"elementor-widget-container\">\n\t\t\t\t\t\t\t<h3><mark class=\"has-inline-color\" style=\"background-color: rgba(0, 0, 0, 0); color: #199ea3;\">Sea Salt Spray<\/mark><\/h3>\n<p><!-- \/wp:heading --><\/p>\n<p><!-- wp:paragraph --><\/p>\n<p>Sa\u00e7 Tipi: \u0130nce, d\u00fcz sa\u00e7lar<\/p>\n<p>For Whom: Women who have hair from dull and flat to full and textured<\/p>\n<p>Feature: Lightweight nourishment &amp; softness. Revive your fine, thin, or flat hair to a full &amp; thick look.<\/p>\n<p>Benefit: Its creamy formula nourishes the fiber while leaving it with a lightweight touch. No residue on the hair fibre.<\/p>\n<p>Additional Benefit: Helps to moi ure the hair effectively. After using the Volumizing Conditioner, the hair is shinier, smoother, more resistant and the hair surface is less damaged.<\/p>\t\t\t\t\t\t<\/div>\n\t\t\t\t<\/div>\n\t\t\t\t<\/div>\n\t\t\t\t\t<\/div>\n\t\t\t\t<\/div>\n\t\t\t\t\t<\/div>\n\t\t\t\t<\/div>\n\t\t<div class=\"elementor-element elementor-element-e0bafef e-flex e-con-boxed e-con e-parent\" data-id=\"e0bafef\" data-element_type=\"container\">\n\t\t\t\t\t<div class=\"e-con-inner\">\n\t\t\t\t<div class=\"elementor-element elementor-element-f41f39c jltma-glass-effect-no elementor-widget elementor-widget-text-editor\" data-id=\"f41f39c\" data-element_type=\"widget\" data-widget_type=\"text-editor.default\">\n\t\t\t\t<div class=\"elementor-widget-container\">\n\t\t\t\t\t\t\t<p class=\" translation-block\"><span style=\"color: #54595f\">\u00a0 \u00a0 \u00a0 \u00a0 \u00a0 \u00a0 \u00a0 \u00a0 \u00a0 \u00a0 \u00a0 \u00a0 \u00a0 \u00a0 \u00a0 \u00a0 \u00a0 \u00a0 \u00a0 \u00a0 \u00a0 \u00a0 \u00a0 \u00a0 \u00a0 \u00a0 \u00a0 \u00a0 \u00a0 \u00a0 \u00a0 \u00a0 \u00a0<\/span><span style=\"color: #54595f\">You can visit;<\/span><a target=\"_blank\" href=\"https:\/\/reanima.com.tr\/\"><strong><span style=\"color: #7fcdc6\">\u00a0www.reanima.com.tr<\/span><\/strong>\u00a0<\/a><span style=\"color: #54595f\"> for further information.<\/span><\/p>\t\t\t\t\t\t<\/div>\n\t\t\t\t<\/div>\n\t\t\t\t\t<\/div>\n\t\t\t\t<\/div>\n\t\t<div class=\"elementor-element elementor-element-b5b656f e-flex e-con-boxed e-con e-parent\" data-id=\"b5b656f\" data-element_type=\"container\">\n\t\t\t\t\t<div class=\"e-con-inner\">\n\t\t\t\t<div class=\"elementor-element elementor-element-94dbaac elementor-icon-list--layout-inline elementor-align-center elementor-list-item-link-full_width jltma-glass-effect-no elementor-widget elementor-widget-icon-list\" data-id=\"94dbaac\" data-element_type=\"widget\" data-widget_type=\"icon-list.default\">\n\t\t\t\t<div class=\"elementor-widget-container\">\n\t\t\t<link rel=\"stylesheet\" href=\"https:\/\/sudesan.com.tr\/wp-content\/plugins\/elementor\/assets\/css\/widget-icon-list.min.css\">\t\t<ul class=\"elementor-icon-list-items elementor-inline-items\">\n\t\t\t\t\t\t\t<li class=\"elementor-icon-list-item elementor-inline-item\">\n\t\t\t\t\t\t\t\t\t\t\t<a href=\"https:\/\/drive.google.com\/file\/d\/1wK9IhyddY8LbtA12iNQbAsVFQsbymgHy\/view\" target=\"_blank\">\n\n\t\t\t\t\t\t\t\t\t\t\t\t<span class=\"elementor-icon-list-icon\">\n\t\t\t\t\t\t\t<svg aria-hidden=\"true\" class=\"e-font-icon-svg e-fas-external-link-alt\" viewbox=\"0 0 512 512\" xmlns=\"http:\/\/www.w3.org\/2000\/svg\"><path d=\"M432,320H400a16,16,0,0,0-16,16V448H64V128H208a16,16,0,0,0,16-16V80a16,16,0,0,0-16-16H48A48,48,0,0,0,0,112V464a48,48,0,0,0,48,48H400a48,48,0,0,0,48-48V336A16,16,0,0,0,432,320ZM488,0h-128c-21.37,0-32.05,25.91-17,41l35.73,35.73L135,320.37a24,24,0,0,0,0,34L157.67,377a24,24,0,0,0,34,0L435.28,133.32,471,169c15,15,41,4.5,41-17V24A24,24,0,0,0,488,0Z\"><\/path><\/svg>\t\t\t\t\t\t<\/span>\n\t\t\t\t\t\t\t\t\t\t<span class=\"elementor-icon-list-text\">Reanima Catalog<\/span>\n\t\t\t\t\t\t\t\t\t\t\t<\/a>\n\t\t\t\t\t\t\t\t\t<\/li>\n\t\t\t\t\t\t<\/ul>\n\t\t\t\t<\/div>\n\t\t\t\t<\/div>\n\t\t\t\t\t<\/div>\n\t\t\t\t<\/div>\n\t\t\t\t<\/div>","protected":false},"excerpt":{"rendered":"<p>VOLUMINOUS RECHARGE SER\u0130S\u0130 \u0130nce ve cans\u0131z sa\u00e7larda sa\u011fl\u0131kl\u0131 g\u00f6r\u00fcnen hacim yarat\u0131r. \u0130nce ve cans\u0131z sa\u00e7lar i\u00e7in form\u00fcle edilmi\u015ftir, k\u00f6kten uca hacim kazand\u0131r\u0131r ve u\u00e7lar\u0131n k\u0131r\u0131lmas\u0131n\u0131 \u00f6nlemeye yard\u0131mc\u0131 olur. Kinoa tohumlar\u0131n\u0131n i\u00e7erdi\u011fi peptitler sa\u00e7 tellerine ba\u011flanarak sa\u00e7\u0131 a\u011f\u0131rla\u015ft\u0131rmadan yo\u011funlu\u011funun artmas\u0131na yard\u0131mc\u0131 olur. \u0130\u00e7eri\u011findeki Agave Ekstrakt\u0131 ve Biberiye ya\u011f\u0131 sa\u00e7\u0131 beslemeye ve sa\u00e7 uzamas\u0131n\u0131 desteklemeye yard\u0131mc\u0131 olur.&hellip;<\/p>","protected":false},"author":1,"featured_media":0,"parent":3172,"menu_order":0,"comment_status":"closed","ping_status":"closed","template":"","meta":{"footnotes":""},"class_list":["post-3182","page","type-page","status-publish","hentry"],"_links":{"self":[{"href":"https:\/\/sudesan.com.tr\/en\/wp-json\/wp\/v2\/pages\/3182","targetHints":{"allow":["GET"]}}],"collection":[{"href":"https:\/\/sudesan.com.tr\/en\/wp-json\/wp\/v2\/pages"}],"about":[{"href":"https:\/\/sudesan.com.tr\/en\/wp-json\/wp\/v2\/types\/page"}],"author":[{"embeddable":true,"href":"https:\/\/sudesan.com.tr\/en\/wp-json\/wp\/v2\/users\/1"}],"replies":[{"embeddable":true,"href":"https:\/\/sudesan.com.tr\/en\/wp-json\/wp\/v2\/comments?post=3182"}],"version-history":[{"count":22,"href":"https:\/\/sudesan.com.tr\/en\/wp-json\/wp\/v2\/pages\/3182\/revisions"}],"predecessor-version":[{"id":3373,"href":"https:\/\/sudesan.com.tr\/en\/wp-json\/wp\/v2\/pages\/3182\/revisions\/3373"}],"up":[{"embeddable":true,"href":"https:\/\/sudesan.com.tr\/en\/wp-json\/wp\/v2\/pages\/3172"}],"wp:attachment":[{"href":"https:\/\/sudesan.com.tr\/en\/wp-json\/wp\/v2\/media?parent=3182"}],"curies":[{"name":"wp","href":"https:\/\/api.w.org\/{rel}","templated":true}]}}