{"id":3187,"date":"2024-10-01T21:41:29","date_gmt":"2024-10-01T21:41:29","guid":{"rendered":"https:\/\/sudesan.com.tr\/?page_id=3187"},"modified":"2024-10-18T14:00:20","modified_gmt":"2024-10-18T14:00:20","slug":"hydrating-therapy","status":"publish","type":"page","link":"https:\/\/sudesan.com.tr\/en\/reanima\/professional-series\/hydrating-therapy\/","title":{"rendered":"Hydrating Therapy"},"content":{"rendered":"<div data-elementor-type=\"wp-page\" data-elementor-id=\"3187\" class=\"elementor elementor-3187\" data-elementor-post-type=\"page\">\n\t\t\t\t<div class=\"elementor-element elementor-element-4c60973 e-flex e-con-boxed e-con e-parent\" data-id=\"4c60973\" data-element_type=\"container\">\n\t\t\t\t\t<div class=\"e-con-inner\">\n\t\t<div class=\"elementor-element elementor-element-5261887 e-con-full e-flex e-con e-child\" data-id=\"5261887\" data-element_type=\"container\">\n\t\t\t\t<div class=\"elementor-element elementor-element-08668c2 jltma-glass-effect-no elementor-widget elementor-widget-image\" data-id=\"08668c2\" data-element_type=\"widget\" data-widget_type=\"image.default\">\n\t\t\t\t<div class=\"elementor-widget-container\">\n\t\t\t<style>\/*! elementor - v3.21.0 - 22-05-2024 *\/\n.elementor-widget-image{text-align:center}.elementor-widget-image a{display:inline-block}.elementor-widget-image a img[src$=\".svg\"]{width:48px}.elementor-widget-image img{vertical-align:middle;display:inline-block}<\/style>\t\t\t\t\t\t\t\t\t\t<img fetchpriority=\"high\" decoding=\"async\" width=\"757\" height=\"490\" src=\"https:\/\/sudesan.com.tr\/wp-content\/uploads\/2024\/10\/WhatsApp-Gorsel-2024-10-01-saat-23.26.44_72cb42ea.jpg\" class=\"attachment-large size-large wp-image-3238\" alt=\"\" srcset=\"https:\/\/sudesan.com.tr\/wp-content\/uploads\/2024\/10\/WhatsApp-Gorsel-2024-10-01-saat-23.26.44_72cb42ea.jpg 757w, https:\/\/sudesan.com.tr\/wp-content\/uploads\/2024\/10\/WhatsApp-Gorsel-2024-10-01-saat-23.26.44_72cb42ea-300x194.jpg 300w, https:\/\/sudesan.com.tr\/wp-content\/uploads\/2024\/10\/WhatsApp-Gorsel-2024-10-01-saat-23.26.44_72cb42ea-18x12.jpg 18w\" sizes=\"(max-width: 757px) 100vw, 757px\" \/>\t\t\t\t\t\t\t\t\t\t\t\t\t<\/div>\n\t\t\t\t<\/div>\n\t\t\t\t<\/div>\n\t\t<div class=\"elementor-element elementor-element-0900f6a e-con-full e-flex e-con e-child\" data-id=\"0900f6a\" data-element_type=\"container\">\n\t\t\t\t<div class=\"elementor-element elementor-element-c742698 jltma-glass-effect-no elementor-widget elementor-widget-text-editor\" data-id=\"c742698\" data-element_type=\"widget\" data-widget_type=\"text-editor.default\">\n\t\t\t\t<div class=\"elementor-widget-container\">\n\t\t\t<style>\/*! elementor - v3.21.0 - 22-05-2024 *\/\n.elementor-widget-text-editor.elementor-drop-cap-view-stacked .elementor-drop-cap{background-color:#69727d;color:#fff}.elementor-widget-text-editor.elementor-drop-cap-view-framed .elementor-drop-cap{color:#69727d;border:3px solid;background-color:transparent}.elementor-widget-text-editor:not(.elementor-drop-cap-view-default) .elementor-drop-cap{margin-top:8px}.elementor-widget-text-editor:not(.elementor-drop-cap-view-default) .elementor-drop-cap-letter{width:1em;height:1em}.elementor-widget-text-editor .elementor-drop-cap{float:left;text-align:center;line-height:1;font-size:50px}.elementor-widget-text-editor .elementor-drop-cap-letter{display:inline-block}<\/style>\t\t\t\t<h3><span style=\"color: #199ea3;\">HYDRATING THERAPY SERIES<\/span><\/h3>\n<p><!-- \/wp:heading --><\/p>\n<p><!-- wp:paragraph --><\/p>\n<p>Strong hair care collection designed to deeply moisturize and repair dry, damaged hair. Infused with nourishing natural ingredients, Hydrating Therapy Series hydrates, rengthens, and revitalizes hair from root to tip. Whether dealing with split ends, breakage, or frizz, our sulfate-free formulas re ore softness, shine, and manageability, making hair look and feel healthier. Perfect for all hair types, this collection combines the power of hydration and repair for visibly transformed, radiant hair<\/p>\t\t\t\t\t\t<\/div>\n\t\t\t\t<\/div>\n\t\t\t\t<\/div>\n\t\t\t\t\t<\/div>\n\t\t\t\t<\/div>\n\t\t<div class=\"elementor-element elementor-element-508aca9 e-flex e-con-boxed e-con e-parent\" data-id=\"508aca9\" data-element_type=\"container\">\n\t\t\t\t\t<div class=\"e-con-inner\">\n\t\t<div class=\"elementor-element elementor-element-3df299a e-flex e-con-boxed e-con e-child\" data-id=\"3df299a\" data-element_type=\"container\">\n\t\t\t\t\t<div class=\"e-con-inner\">\n\t\t<div class=\"elementor-element elementor-element-084d850 e-con-full e-flex e-con e-child\" data-id=\"084d850\" data-element_type=\"container\">\n\t\t\t\t<div class=\"elementor-element elementor-element-6ab84eb jltma-glass-effect-no elementor-widget elementor-widget-image\" data-id=\"6ab84eb\" data-element_type=\"widget\" data-widget_type=\"image.default\">\n\t\t\t\t<div class=\"elementor-widget-container\">\n\t\t\t\t\t\t\t\t\t\t\t\t\t<img decoding=\"async\" width=\"730\" height=\"460\" src=\"https:\/\/sudesan.com.tr\/wp-content\/uploads\/2024\/10\/Hydrating-therapy-shampoo.png\" class=\"attachment-full size-full wp-image-3287\" alt=\"\" srcset=\"https:\/\/sudesan.com.tr\/wp-content\/uploads\/2024\/10\/Hydrating-therapy-shampoo.png 730w, https:\/\/sudesan.com.tr\/wp-content\/uploads\/2024\/10\/Hydrating-therapy-shampoo-300x189.png 300w, https:\/\/sudesan.com.tr\/wp-content\/uploads\/2024\/10\/Hydrating-therapy-shampoo-18x12.png 18w\" sizes=\"(max-width: 730px) 100vw, 730px\" \/>\t\t\t\t\t\t\t\t\t\t\t\t\t<\/div>\n\t\t\t\t<\/div>\n\t\t\t\t<\/div>\n\t\t<div class=\"elementor-element elementor-element-9744cde e-con-full e-flex e-con e-child\" data-id=\"9744cde\" data-element_type=\"container\">\n\t\t\t\t<div class=\"elementor-element elementor-element-c0f7387 jltma-glass-effect-no elementor-widget elementor-widget-text-editor\" data-id=\"c0f7387\" data-element_type=\"widget\" data-widget_type=\"text-editor.default\">\n\t\t\t\t<div class=\"elementor-widget-container\">\n\t\t\t\t\t\t\t<h3><mark class=\"has-inline-color\" style=\"background-color: rgba(0, 0, 0, 0); color: #199ea3;\">Shampoo<\/mark><\/h3>\n<p><!-- \/wp:heading --><\/p>\n<p><!-- wp:paragraph --><\/p>\n<p>Hair Type: Damaged &amp; Dry Hair<\/p>\n<p>Kimler i\u00e7in: Sa\u00e7\u0131 kuru olan ve\/veya sa\u00e7\u0131na boya, perma, keratin botoks, sa\u00e7 beyazlatma gibi kimyasal i\u015flemler yapt\u0131ran kad\u0131nlar<\/p>\n<p>\u00d6zellik: Kurumu\u015f veya profesyonel kuaf\u00f6rl\u00fck i\u015flemlerinden zarar g\u00f6rm\u00fc\u015f sa\u00e7 derisi ve sa\u00e7 tellerinin derinlemesine temizlenmesi ve beslenmesine yard\u0131mc\u0131 olur.<\/p>\n<p>Fayda: Sa\u00e7ta artan sa\u011fl\u0131k ko\u015fullar\u0131, sa\u00e7 derisinde ve sa\u00e7 tellerinde g\u00f6zle g\u00f6r\u00fcl\u00fcr bir rahatlama ve yumu\u015famayla birlikte y\u00fcksek parlakl\u0131k ve temizlik sa\u011flar.<\/p>\n<p>Ek Fayda: Sa\u00e7 derisi sa\u011fl\u0131\u011f\u0131n\u0131 artt\u0131r\u0131r, sa\u00e7 telinde biriken a\u011f\u0131r metalleri ve zararl\u0131 maddeleri temizler.<\/p>\t\t\t\t\t\t<\/div>\n\t\t\t\t<\/div>\n\t\t\t\t<\/div>\n\t\t\t\t\t<\/div>\n\t\t\t\t<\/div>\n\t\t\t\t\t<\/div>\n\t\t\t\t<\/div>\n\t\t<div class=\"elementor-element elementor-element-01ec27e e-flex e-con-boxed e-con e-parent\" data-id=\"01ec27e\" data-element_type=\"container\">\n\t\t\t\t\t<div class=\"e-con-inner\">\n\t\t<div class=\"elementor-element elementor-element-1c0415c e-flex e-con-boxed e-con e-child\" data-id=\"1c0415c\" data-element_type=\"container\">\n\t\t\t\t\t<div class=\"e-con-inner\">\n\t\t<div class=\"elementor-element elementor-element-bf6d9b4 e-con-full e-flex e-con e-child\" data-id=\"bf6d9b4\" data-element_type=\"container\">\n\t\t\t\t<div class=\"elementor-element elementor-element-2b27da2 jltma-glass-effect-no elementor-widget elementor-widget-image\" data-id=\"2b27da2\" data-element_type=\"widget\" data-widget_type=\"image.default\">\n\t\t\t\t<div class=\"elementor-widget-container\">\n\t\t\t\t\t\t\t\t\t\t\t\t\t<img decoding=\"async\" width=\"730\" height=\"460\" src=\"https:\/\/sudesan.com.tr\/wp-content\/uploads\/2024\/10\/Hydrating-therapy-conditioner.png\" class=\"attachment-large size-large wp-image-3292\" alt=\"\" srcset=\"https:\/\/sudesan.com.tr\/wp-content\/uploads\/2024\/10\/Hydrating-therapy-conditioner.png 730w, https:\/\/sudesan.com.tr\/wp-content\/uploads\/2024\/10\/Hydrating-therapy-conditioner-300x189.png 300w, https:\/\/sudesan.com.tr\/wp-content\/uploads\/2024\/10\/Hydrating-therapy-conditioner-18x12.png 18w\" sizes=\"(max-width: 730px) 100vw, 730px\" \/>\t\t\t\t\t\t\t\t\t\t\t\t\t<\/div>\n\t\t\t\t<\/div>\n\t\t\t\t<\/div>\n\t\t<div class=\"elementor-element elementor-element-81bedf0 e-con-full e-flex e-con e-child\" data-id=\"81bedf0\" data-element_type=\"container\">\n\t\t\t\t<div class=\"elementor-element elementor-element-bcdef03 jltma-glass-effect-no elementor-widget elementor-widget-text-editor\" data-id=\"bcdef03\" data-element_type=\"widget\" data-widget_type=\"text-editor.default\">\n\t\t\t\t<div class=\"elementor-widget-container\">\n\t\t\t\t\t\t\t<h3 style=\"text-align: left;\"><mark class=\"has-inline-color\" style=\"background-color: rgba(0, 0, 0, 0); color: #199ea3;\">Conditioner<\/mark><\/h3>\n<p style=\"font-weight: 400; text-align: left;\">Hair Type: Damaged &amp; Dry Hair<\/p>\n<p style=\"font-weight: 400; text-align: left;\">Kimler i\u00e7in: Sa\u00e7\u0131 kuru olan ve\/veya sa\u00e7\u0131na boya, perma, keratin botoks, sa\u00e7 beyazlatma gibi kimyasal i\u015flemler yapt\u0131ran kad\u0131nlar<\/p>\n<p style=\"font-weight: 400; text-align: left;\">\u00d6zellik: Hasar g\u00f6rm\u00fc\u015f ve\/veya kuru sa\u00e7lar\u0131 yeniden yap\u0131land\u0131rmak i\u00e7in m\u00fckemmel bir bak\u0131m sunar.<\/p>\n<p style=\"font-weight: 400; text-align: left;\">Fayda:\u00a0<span style=\"text-align: var(--text-align); letter-spacing: 0px;\">Sa\u00e7taki hasar\u0131 etkili bir \u015fekilde gidermeye yard\u0131mc\u0131 olur.<\/span><span style=\"text-align: var(--text-align); letter-spacing: 0px;\">\u00a0<\/span><\/p>\n<p style=\"font-weight: 400; text-align: left;\">Ek Fayda: Hydrating Therapy Sa\u00e7 Kremi kullan\u0131ld\u0131ktan sonra sa\u00e7lar daha parlak, p\u00fcr\u00fczs\u00fcz, daha dayan\u0131kl\u0131 ve sa\u00e7 y\u00fczeyi daha az hasar g\u00f6rm\u00fc\u015f olur.<\/p>\n<p style=\"text-align: left;\">\u00a0<\/p>\n<p><!-- \/wp:heading --><\/p>\n<p><!-- wp:paragraph --><\/p>\t\t\t\t\t\t<\/div>\n\t\t\t\t<\/div>\n\t\t\t\t<\/div>\n\t\t\t\t\t<\/div>\n\t\t\t\t<\/div>\n\t\t\t\t\t<\/div>\n\t\t\t\t<\/div>\n\t\t<div class=\"elementor-element elementor-element-dee78ac e-flex e-con-boxed e-con e-parent\" data-id=\"dee78ac\" data-element_type=\"container\">\n\t\t\t\t\t<div class=\"e-con-inner\">\n\t\t<div class=\"elementor-element elementor-element-399b02a e-flex e-con-boxed e-con e-child\" data-id=\"399b02a\" data-element_type=\"container\">\n\t\t\t\t\t<div class=\"e-con-inner\">\n\t\t<div class=\"elementor-element elementor-element-6db2331 e-con-full e-flex e-con e-child\" data-id=\"6db2331\" data-element_type=\"container\">\n\t\t\t\t<div class=\"elementor-element elementor-element-3e95e8d jltma-glass-effect-no elementor-widget elementor-widget-image\" data-id=\"3e95e8d\" data-element_type=\"widget\" data-widget_type=\"image.default\">\n\t\t\t\t<div class=\"elementor-widget-container\">\n\t\t\t\t\t\t\t\t\t\t\t\t\t<img loading=\"lazy\" decoding=\"async\" width=\"730\" height=\"460\" src=\"https:\/\/sudesan.com.tr\/wp-content\/uploads\/2024\/10\/Hydrating-therapy-hair-mask.png\" class=\"attachment-large size-large wp-image-3289\" alt=\"\" srcset=\"https:\/\/sudesan.com.tr\/wp-content\/uploads\/2024\/10\/Hydrating-therapy-hair-mask.png 730w, https:\/\/sudesan.com.tr\/wp-content\/uploads\/2024\/10\/Hydrating-therapy-hair-mask-300x189.png 300w, https:\/\/sudesan.com.tr\/wp-content\/uploads\/2024\/10\/Hydrating-therapy-hair-mask-18x12.png 18w\" sizes=\"(max-width: 730px) 100vw, 730px\" \/>\t\t\t\t\t\t\t\t\t\t\t\t\t<\/div>\n\t\t\t\t<\/div>\n\t\t\t\t<\/div>\n\t\t<div class=\"elementor-element elementor-element-b56ae3c e-con-full e-flex e-con e-child\" data-id=\"b56ae3c\" data-element_type=\"container\">\n\t\t\t\t<div class=\"elementor-element elementor-element-cf1e828 jltma-glass-effect-no elementor-widget elementor-widget-text-editor\" data-id=\"cf1e828\" data-element_type=\"widget\" data-widget_type=\"text-editor.default\">\n\t\t\t\t<div class=\"elementor-widget-container\">\n\t\t\t\t\t\t\t<h3><mark class=\"has-inline-color\" style=\"background-color: rgba(0, 0, 0, 0); color: #199ea3;\">Hair Mask<\/mark><\/h3>\n<p><!-- \/wp:heading --><\/p>\n<p><!-- wp:paragraph --><\/p>\n<p>Hair Type: Damaged &amp; Dry Hair<\/p>\n<p><span style=\"letter-spacing: 0px; text-align: var(--text-align);\">Kimler i\u00e7in: Sa\u00e7\u0131 kuru olan ve\/veya sa\u00e7\u0131na boya, perma, keratin botoks, sa\u00e7\u00a0<\/span><span style=\"text-align: var(--text-align); letter-spacing: 0px;\">beyazlatma gibi kimyasal i\u015flemler yapt\u0131ran kad\u0131nlar<\/span><\/p>\n<p><span style=\"letter-spacing: 0px; text-align: var(--text-align);\">\u00d6zellik: Hasarl\u0131 ve kuru sa\u00e7 tiplerini hafif bir dokunu\u015fla an\u0131nda onar\u0131r.<\/span><\/p>\n<p>Benefit: Its cream-in-gel texture immediately leaves hair shinier and smooth. No residue on the hair fibre.<\/p>\n<p class=\" translation-block\">Additional Benefit:  Helps to remove out the damage effectively from the hair and hydrating actives. Thanks to the empowered active ingredients in its formula penetrating deeper into the hair rands.<\/p>\t\t\t\t\t\t<\/div>\n\t\t\t\t<\/div>\n\t\t\t\t<\/div>\n\t\t\t\t\t<\/div>\n\t\t\t\t<\/div>\n\t\t\t\t\t<\/div>\n\t\t\t\t<\/div>\n\t\t<div class=\"elementor-element elementor-element-c3c5426 e-flex e-con-boxed e-con e-parent\" data-id=\"c3c5426\" data-element_type=\"container\">\n\t\t\t\t\t<div class=\"e-con-inner\">\n\t\t<div class=\"elementor-element elementor-element-47ca9f8 e-flex e-con-boxed e-con e-child\" data-id=\"47ca9f8\" data-element_type=\"container\">\n\t\t\t\t\t<div class=\"e-con-inner\">\n\t\t<div class=\"elementor-element elementor-element-9cc3ba3 e-con-full e-flex e-con e-child\" data-id=\"9cc3ba3\" data-element_type=\"container\">\n\t\t\t\t<div class=\"elementor-element elementor-element-84f09cb jltma-glass-effect-no elementor-widget elementor-widget-image\" data-id=\"84f09cb\" data-element_type=\"widget\" data-widget_type=\"image.default\">\n\t\t\t\t<div class=\"elementor-widget-container\">\n\t\t\t\t\t\t\t\t\t\t\t\t\t<img decoding=\"async\" src=\"https:\/\/sudesan.com.tr\/wp-content\/uploads\/2024\/10\/Hydrating-Therapy-Liquid-Conditioner-1.png\" title=\"\" alt=\"\" loading=\"lazy\" \/>\t\t\t\t\t\t\t\t\t\t\t\t\t<\/div>\n\t\t\t\t<\/div>\n\t\t\t\t<\/div>\n\t\t<div class=\"elementor-element elementor-element-e43fe5f e-con-full e-flex e-con e-child\" data-id=\"e43fe5f\" data-element_type=\"container\">\n\t\t\t\t<div class=\"elementor-element elementor-element-68f3281 jltma-glass-effect-no elementor-widget elementor-widget-text-editor\" data-id=\"68f3281\" data-element_type=\"widget\" data-widget_type=\"text-editor.default\">\n\t\t\t\t<div class=\"elementor-widget-container\">\n\t\t\t\t\t\t\t<h3><mark class=\"has-inline-color\" style=\"background-color: rgba(0, 0, 0, 0); color: #199ea3;\">Liquid Conditioner<\/mark><\/h3>\n<p><!-- \/wp:heading --><\/p>\n<p><!-- wp:paragraph --><\/p>\n<p>Hair Type: Damaged &amp; Dry Hair<\/p>\n<p><span style=\"letter-spacing: 0px; text-align: var(--text-align);\">For Whom: Women who have dry hair and\/or had chemical treatments done on their hair, such as dyeing, perm, keratin botox, hair bleaching, etc.<\/span><\/p>\n<p><span style=\"text-align: var(--text-align); letter-spacing: 0px;\">\u00d6zellik: Hasar g\u00f6rm\u00fc\u015f ve\/veya kuru sa\u00e7lar\u0131 yeniden\u00a0<\/span><span style=\"text-align: var(--text-align); letter-spacing: 0px;\">yap\u0131land\u0131rmak i\u00e7in <\/span><span style=\"text-align: var(--text-align); letter-spacing: 0px;\">m\u00fckemmel bir bak\u0131md\u0131r.<\/span><\/p>\n<p class=\" translation-block\">Benefit:  While it makes it easier to yle the damaged and\/or dry hair, it aims to make the hair look healthier thanks to the special actives it \ncontains. It helps prevent the intense damage that heat treatment can cause to the hair and improves the ructure of the hair while styling it.<\/p>\n<p>Additional Benefit: Helps to remove out the damage effectively from the hair. It helps the hair retain moi ure and prevents frizz.<\/p>\t\t\t\t\t\t<\/div>\n\t\t\t\t<\/div>\n\t\t\t\t<\/div>\n\t\t\t\t\t<\/div>\n\t\t\t\t<\/div>\n\t\t\t\t\t<\/div>\n\t\t\t\t<\/div>\n\t\t<div class=\"elementor-element elementor-element-e0bafef e-flex e-con-boxed e-con e-parent\" data-id=\"e0bafef\" data-element_type=\"container\">\n\t\t\t\t\t<div class=\"e-con-inner\">\n\t\t\t\t<div class=\"elementor-element elementor-element-f41f39c jltma-glass-effect-no elementor-widget elementor-widget-text-editor\" data-id=\"f41f39c\" data-element_type=\"widget\" data-widget_type=\"text-editor.default\">\n\t\t\t\t<div class=\"elementor-widget-container\">\n\t\t\t\t\t\t\t<p class=\" translation-block\"><span style=\"color: #54595f\">\u00a0 \u00a0 \u00a0 \u00a0 \u00a0 \u00a0 \u00a0 \u00a0 \u00a0 \u00a0 \u00a0 \u00a0 \u00a0 \u00a0 \u00a0 \u00a0 \u00a0 \u00a0 \u00a0 \u00a0 \u00a0 \u00a0 \u00a0 \u00a0 \u00a0 \u00a0 \u00a0 \u00a0 \u00a0 \u00a0 \u00a0 \u00a0 \u00a0<\/span><span style=\"color: #54595f\">You can visit;<\/span><a target=\"_blank\" href=\"https:\/\/reanima.com.tr\/\"><strong><span style=\"color: #7fcdc6\">\u00a0www.reanima.com.tr<\/span><\/strong>\u00a0<\/a><span style=\"color: #54595f\"> for further information.<\/span><\/p>\t\t\t\t\t\t<\/div>\n\t\t\t\t<\/div>\n\t\t\t\t\t<\/div>\n\t\t\t\t<\/div>\n\t\t<div class=\"elementor-element elementor-element-b5b656f e-flex e-con-boxed e-con e-parent\" data-id=\"b5b656f\" data-element_type=\"container\">\n\t\t\t\t\t<div class=\"e-con-inner\">\n\t\t\t\t<div class=\"elementor-element elementor-element-94dbaac elementor-icon-list--layout-inline elementor-align-center elementor-list-item-link-full_width jltma-glass-effect-no elementor-widget elementor-widget-icon-list\" data-id=\"94dbaac\" data-element_type=\"widget\" data-widget_type=\"icon-list.default\">\n\t\t\t\t<div class=\"elementor-widget-container\">\n\t\t\t<link rel=\"stylesheet\" href=\"https:\/\/sudesan.com.tr\/wp-content\/plugins\/elementor\/assets\/css\/widget-icon-list.min.css\">\t\t<ul class=\"elementor-icon-list-items elementor-inline-items\">\n\t\t\t\t\t\t\t<li class=\"elementor-icon-list-item elementor-inline-item\">\n\t\t\t\t\t\t\t\t\t\t\t<a href=\"https:\/\/drive.google.com\/file\/d\/1wK9IhyddY8LbtA12iNQbAsVFQsbymgHy\/view\" target=\"_blank\">\n\n\t\t\t\t\t\t\t\t\t\t\t\t<span class=\"elementor-icon-list-icon\">\n\t\t\t\t\t\t\t<svg aria-hidden=\"true\" class=\"e-font-icon-svg e-fas-external-link-alt\" viewbox=\"0 0 512 512\" xmlns=\"http:\/\/www.w3.org\/2000\/svg\"><path d=\"M432,320H400a16,16,0,0,0-16,16V448H64V128H208a16,16,0,0,0,16-16V80a16,16,0,0,0-16-16H48A48,48,0,0,0,0,112V464a48,48,0,0,0,48,48H400a48,48,0,0,0,48-48V336A16,16,0,0,0,432,320ZM488,0h-128c-21.37,0-32.05,25.91-17,41l35.73,35.73L135,320.37a24,24,0,0,0,0,34L157.67,377a24,24,0,0,0,34,0L435.28,133.32,471,169c15,15,41,4.5,41-17V24A24,24,0,0,0,488,0Z\"><\/path><\/svg>\t\t\t\t\t\t<\/span>\n\t\t\t\t\t\t\t\t\t\t<span class=\"elementor-icon-list-text\">Reanima Catalog<\/span>\n\t\t\t\t\t\t\t\t\t\t\t<\/a>\n\t\t\t\t\t\t\t\t\t<\/li>\n\t\t\t\t\t\t<\/ul>\n\t\t\t\t<\/div>\n\t\t\t\t<\/div>\n\t\t\t\t\t<\/div>\n\t\t\t\t<\/div>\n\t\t\t\t<\/div>","protected":false},"excerpt":{"rendered":"<p>HYDRATING THERAPY SER\u0130S\u0130 Kuru, y\u0131pranm\u0131\u015f sa\u00e7lar\u0131 derinlemesine nemlendirmek ve onarmak i\u00e7in tasarlanm\u0131\u015f g\u00fc\u00e7l\u00fc sa\u00e7 bak\u0131m serisi. Besleyici do\u011fal bile\u015fenlerle zenginle\u015ftirilmi\u015f Hydrating Therapy Serisi, sa\u00e7lar\u0131 k\u00f6kten uca nemlendirir, g\u00fc\u00e7lendirir ve canland\u0131r\u0131r. K\u0131r\u0131k u\u00e7lar, k\u0131r\u0131lma veya elektriklenmeyle m\u00fccadele ederken, s\u00fclfats\u0131z form\u00fcllerimiz yumu\u015fakl\u0131\u011f\u0131, parlakl\u0131\u011f\u0131 ve y\u00f6netilebilirli\u011fi geri kazand\u0131rarak sa\u00e7\u0131n daha sa\u011fl\u0131kl\u0131 g\u00f6r\u00fcnmesini ve hissedilmesini sa\u011flar. Kurumu\u015f ve zarar&hellip;<\/p>","protected":false},"author":1,"featured_media":0,"parent":3172,"menu_order":0,"comment_status":"closed","ping_status":"closed","template":"","meta":{"footnotes":""},"class_list":["post-3187","page","type-page","status-publish","hentry"],"_links":{"self":[{"href":"https:\/\/sudesan.com.tr\/en\/wp-json\/wp\/v2\/pages\/3187","targetHints":{"allow":["GET"]}}],"collection":[{"href":"https:\/\/sudesan.com.tr\/en\/wp-json\/wp\/v2\/pages"}],"about":[{"href":"https:\/\/sudesan.com.tr\/en\/wp-json\/wp\/v2\/types\/page"}],"author":[{"embeddable":true,"href":"https:\/\/sudesan.com.tr\/en\/wp-json\/wp\/v2\/users\/1"}],"replies":[{"embeddable":true,"href":"https:\/\/sudesan.com.tr\/en\/wp-json\/wp\/v2\/comments?post=3187"}],"version-history":[{"count":31,"href":"https:\/\/sudesan.com.tr\/en\/wp-json\/wp\/v2\/pages\/3187\/revisions"}],"predecessor-version":[{"id":3376,"href":"https:\/\/sudesan.com.tr\/en\/wp-json\/wp\/v2\/pages\/3187\/revisions\/3376"}],"up":[{"embeddable":true,"href":"https:\/\/sudesan.com.tr\/en\/wp-json\/wp\/v2\/pages\/3172"}],"wp:attachment":[{"href":"https:\/\/sudesan.com.tr\/en\/wp-json\/wp\/v2\/media?parent=3187"}],"curies":[{"name":"wp","href":"https:\/\/api.w.org\/{rel}","templated":true}]}}