{"id":3576,"date":"2025-12-01T13:28:13","date_gmt":"2025-12-01T13:28:13","guid":{"rendered":"https:\/\/sudesan.com.tr\/?page_id=3576"},"modified":"2025-12-01T15:01:32","modified_gmt":"2025-12-01T15:01:32","slug":"sudesan-e-sirket","status":"publish","type":"page","link":"https:\/\/sudesan.com.tr\/en\/sudesan-e-sirket\/","title":{"rendered":"Sudesan E-\u015eirket"},"content":{"rendered":"<div data-elementor-type=\"wp-page\" data-elementor-id=\"3576\" class=\"elementor elementor-3576\" data-elementor-post-type=\"page\">\n\t\t\t\t<div class=\"elementor-element elementor-element-c62e688 e-flex e-con-boxed e-con e-parent\" data-id=\"c62e688\" data-element_type=\"container\">\n\t\t\t\t\t<div class=\"e-con-inner\">\n\t\t\t\t<div class=\"elementor-element elementor-element-a32c00a jltma-glass-effect-no elementor-widget elementor-widget-ma-tabs\" data-id=\"a32c00a\" data-element_type=\"widget\" data-widget_type=\"ma-tabs.default\">\n\t\t\t\t<div class=\"elementor-widget-container\">\n\t\t\t\n\n\t\t<div id=\"jltma--advance-tabs-a32c00a\" class=\"jltma--advance-tab two\" data-tab-effect=\"hover\" data-tabs>\n\n\t\t\t\n\t\t\t\t<ul class=\"jltma--advance-tab-nav\">\n\t\t\t\t\t\t\t\t\t\t\t<li class=\"\" data-tab data-tab-id=\"jltma-tab-a32c00a0\">\n\t\t\t\t\t\t\t\t\t\t\t\t\t\t\t\t\t\t\t\t\t\t<span class=\"jltma--tab-title\">\n\t\t\t\t\t\t\t\t\u015eirket\t\t\t\t\t\t\t<\/span>\n\t\t\t\t\t\t<\/li>\n\t\t\t\t\t\t\t\t\t\t\t<li class=\"\" data-tab data-tab-id=\"jltma-tab-a32c00a1\">\n\t\t\t\t\t\t\t\t\t\t\t\t\t\t\t\t\t\t\t\t\t\t<span class=\"jltma--tab-title\">\n\t\t\t\t\t\t\t\tY\u00f6netim Kurulu\t\t\t\t\t\t\t<\/span>\n\t\t\t\t\t\t<\/li>\n\t\t\t\t\t\t\t\t\t\t\t<li class=\"\" data-tab data-tab-id=\"jltma-tab-a32c00a2\">\n\t\t\t\t\t\t\t\t\t\t\t\t\t\t\t\t\t\t\t\t\t\t<span class=\"jltma--tab-title\">\n\t\t\t\t\t\t\t\tDenet\u00e7i\t\t\t\t\t\t\t<\/span>\n\t\t\t\t\t\t<\/li>\n\t\t\t\t\t\t\t\t\t<\/ul>\n\n\t\t\t\t\n\t\t\t\t<div class=\"tab-content\">\n\t\t\t\t\t\t\t\t\t\t\t<div id=\"jltma-tab-a32c00a0\" class=\"jltma--advance-tab-content tab-pane\">\n\t\t\t\t\t\t\t<table width=\"905\"><tbody><tr><td width=\"232\"><strong>\u015eirket T\u00fcr\u00fc<\/strong><\/td><td width=\"673\">ANON\u0130M \u015e\u0130RKET<\/td><\/tr><tr><td><strong>Mersis\u00a0\u00a0\u00a0\u00a0\u00a0\u00a0\u00a0\u00a0\u00a0\u00a0\u00a0\u00a0\u00a0\u00a0\u00a0\u00a0\u00a0 \u00a0\u00a0\u00a0\u00a0\u00a0\u00a0\u00a0\u00a0\u00a0\u00a0\u00a0\u00a0\u00a0\u00a0 \u00a0\u00a0\u00a0\u00a0\u00a0\u00a0\u00a0\u00a0\u00a0\u00a0\u00a0\u00a0\u00a0\u00a0\u00a0<\/strong><\/td><td>815000183800015,00<\/td><\/tr><tr><td><strong>Ticaret Sicil Memurlu\u011fu \u00a0\u00a0\u00a0\u00a0\u00a0\u00a0\u00a0\u00a0\u00a0\u00a0\u00a0\u00a0\u00a0\u00a0\u00a0<\/strong><\/td><td>\u0130TO<\/td><\/tr><tr><td><strong>Ticaret Sicil Numaras\u0131\u00a0\u00a0\u00a0\u00a0\u00a0\u00a0\u00a0\u00a0\u00a0\u00a0\u00a0\u00a0\u00a0\u00a0\u00a0\u00a0\u00a0\u00a0\u00a0<\/strong><\/td><td>126781<\/td><\/tr><tr><td><strong>Ticaret \u00dcnvan\u0131\u00a0\u00a0\u00a0\u00a0\u00a0\u00a0\u00a0\u00a0\u00a0\u00a0\u00a0\u00a0\u00a0\u00a0\u00a0\u00a0\u00a0\u00a0\u00a0\u00a0\u00a0\u00a0\u00a0\u00a0\u00a0\u00a0\u00a0\u00a0\u00a0\u00a0\u00a0\u00a0<\/strong><\/td><td>SUDESAN TEM\u0130ZL\u0130K \u00dcR\u00dcNLER\u0130 VE AMBALAJ SAN.T\u0130C.A.\u015e.<\/td><\/tr><tr><td><strong>Address\u00a0\u00a0\u00a0\u00a0\u00a0\u00a0\u00a0\u00a0\u00a0\u00a0\u00a0\u00a0\u00a0\u00a0\u00a0\u00a0\u00a0\u00a0\u00a0\u00a0\u00a0\u00a0\u00a0\u00a0\u00a0\u00a0\u00a0\u00a0\u00a0\u00a0\u00a0\u00a0\u00a0\u00a0\u00a0\u00a0\u00a0\u00a0\u00a0\u00a0\u00a0\u00a0\u00a0\u00a0\u00a0\u00a0\u00a0\u00a0\u00a0<\/strong><\/td><td>C\u0130HANG\u0130R MAH. PETROL OF\u0130S\u0130 CAD. \u015eEH\u0130T KOMANDO ONBA\u015eI U\u011eUR HANCI SK. NO:5 AVCILAR-\u0130STANBUL<\/td><\/tr><tr><td><strong>Taah\u00fct Edilen Sermaye Miktar\u0131\u00a0 \u00a0<\/strong><\/td><td>225.000.000,00 TL<\/td><\/tr><tr><td><strong>\u00d6denen Sermaye Miktar\u0131\u00a0\u00a0\u00a0\u00a0\u00a0\u00a0\u00a0\u00a0\u00a0\u00a0\u00a0\u00a0\u00a0<\/strong><\/td><td>225.000.000,00 TL<\/td><\/tr><tr><td><strong>Kay\u0131tl\u0131 Sermaye Tavan\u0131\u00a0\u00a0\u00a0\u00a0\u00a0\u00a0\u00a0\u00a0\u00a0\u00a0\u00a0\u00a0\u00a0\u00a0\u00a0\u00a0\u00a0\u00a0<\/strong><\/td><td>Bu k\u0131sm\u0131n olmas\u0131 gerekmiyor\u00a0<\/td><\/tr><tr><td><strong>\u015eirket Tescil Tarihi\u00a0\u00a0\u00a0\u00a0\u00a0\u00a0\u00a0\u00a0\u00a0\u00a0\u00a0\u00a0\u00a0\u00a0\u00a0\u00a0\u00a0\u00a0\u00a0\u00a0\u00a0\u00a0\u00a0\u00a0\u00a0<\/strong><\/td><td>4.05.1974<\/td><\/tr><tr><td><strong>Vergi Dairesi\u00a0\u00a0\u00a0\u00a0\u00a0\u00a0\u00a0\u00a0\u00a0\u00a0\u00a0\u00a0\u00a0\u00a0\u00a0\u00a0\u00a0\u00a0\u00a0\u00a0\u00a0\u00a0\u00a0\u00a0\u00a0\u00a0\u00a0\u00a0\u00a0\u00a0\u00a0\u00a0\u00a0\u00a0\u00a0\u00a0<\/strong><\/td><td>Marmara Kurumlar<\/td><\/tr><tr><td><strong>Vergi Numaras\u0131\u00a0\u00a0\u00a0\u00a0\u00a0\u00a0\u00a0\u00a0\u00a0\u00a0\u00a0\u00a0\u00a0\u00a0\u00a0\u00a0\u00a0\u00a0\u00a0\u00a0\u00a0\u00a0\u00a0\u00a0\u00a0\u00a0\u00a0\u00a0\u00a0\u00a0\u00a0<\/strong><\/td><td>8150001838<\/td><\/tr><tr><td><strong>Sekt\u00f6r\u00a0\u00a0\u00a0\u00a0\u00a0\u00a0\u00a0\u00a0\u00a0\u00a0\u00a0\u00a0\u00a0\u00a0\u00a0\u00a0\u00a0\u00a0\u00a0\u00a0\u00a0\u00a0\u00a0\u00a0\u00a0\u00a0\u00a0\u00a0\u00a0\u00a0\u00a0\u00a0\u00a0\u00a0\u00a0\u00a0\u00a0\u00a0\u00a0\u00a0\u00a0\u00a0\u00a0\u00a0\u00a0\u00a0<\/strong><\/td><td>\u0130MALAT-\u0130HRACAT<\/td><\/tr><tr><td><strong>\u0130leti\u015fim Bilgileri\u00a0\u00a0\u00a0\u00a0\u00a0\u00a0\u00a0\u00a0\u00a0\u00a0\u00a0\u00a0\u00a0\u00a0\u00a0\u00a0\u00a0\u00a0\u00a0\u00a0\u00a0\u00a0\u00a0\u00a0\u00a0\u00a0\u00a0\u00a0\u00a0\u00a0<\/strong><\/td><td>90 212 - 422 18 70\u00a0\u00a0Fax:\u00a0+90 212 422 10 31\u00a0<\/td><\/tr><\/tbody><\/table>\t\t\t\t\t\t<\/div><!-- jltma--advance-tab-content -->\n\t\t\t\t\t\t\t\t\t\t\t<div id=\"jltma-tab-a32c00a1\" class=\"jltma--advance-tab-content tab-pane\">\n\t\t\t\t\t\t\t<p><a href=\"https:\/\/sudesan.com.tr\/wp-content\/uploads\/2025\/12\/Yonetim.png\"><img fetchpriority=\"high\" decoding=\"async\" class=\"alignnone wp-image-3605 size-full\" src=\"https:\/\/sudesan.com.tr\/wp-content\/uploads\/2025\/12\/Yonetim.png\" alt=\"\" width=\"1232\" height=\"192\" srcset=\"https:\/\/sudesan.com.tr\/wp-content\/uploads\/2025\/12\/Yonetim.png 1232w, https:\/\/sudesan.com.tr\/wp-content\/uploads\/2025\/12\/Yonetim-300x47.png 300w, https:\/\/sudesan.com.tr\/wp-content\/uploads\/2025\/12\/Yonetim-1024x160.png 1024w, https:\/\/sudesan.com.tr\/wp-content\/uploads\/2025\/12\/Yonetim-768x120.png 768w, https:\/\/sudesan.com.tr\/wp-content\/uploads\/2025\/12\/Yonetim-18x3.png 18w\" sizes=\"(max-width: 1232px) 100vw, 1232px\" \/><\/a><\/p>\t\t\t\t\t\t<\/div><!-- jltma--advance-tab-content -->\n\t\t\t\t\t\t\t\t\t\t\t<div id=\"jltma-tab-a32c00a2\" class=\"jltma--advance-tab-content tab-pane\">\n\t\t\t\t\t\t\t<table width=\"901\"><tbody><tr><td width=\"228\"><strong>\u0130sim Soyisim\/Ticaret Unvan\u0131:\u00a0<\/strong><\/td><td width=\"673\">YED\u0130TEPE BA\u011eIMSIZ DENET\u0130M VE YEM\u0130NL\u0130 MAL\u0130 M\u00dc\u015eAV\u0130RL\u0130K A.\u015e.<\/td><\/tr><tr><td><strong>Ba\u011f\u0131ms\u0131z Denetim Resmi Sicili:\u00a0<\/strong><\/td><td>BDK\/2014\/048\u00a0<\/td><\/tr><tr><td><strong>Address<\/strong>:<\/td><td>KISIKLI MAHALLES\u0130 ALEMDAR CADDES\u0130 MASALDAN \u0130\u015e MERKEZ\u0130 F BLOK KAT 2 \u00dcSK\u00dcDAR\u00a0\/\u0130STANBUL<\/td><\/tr><\/tbody><\/table>\t\t\t\t\t\t<\/div><!-- jltma--advance-tab-content -->\n\t\t\t\t\t\t\t\t\t<\/div> <!-- tab-content -->\n\n\n\t\t\t\t\n\t\t<\/div>\n\t\t<\/div>\n\t\t\t\t<\/div>\n\t\t\t\t\t<\/div>\n\t\t\t\t<\/div>\n\t\t\t\t<\/div>","protected":false},"excerpt":{"rendered":"<p>\u015eirket Y\u00f6netim Kurulu Denet\u00e7i \u015eirket T\u00fcr\u00fc ANON\u0130M \u015e\u0130RKET Mersis\u00a0\u00a0\u00a0\u00a0\u00a0\u00a0\u00a0\u00a0\u00a0\u00a0\u00a0\u00a0\u00a0\u00a0\u00a0\u00a0\u00a0 \u00a0\u00a0\u00a0\u00a0\u00a0\u00a0\u00a0\u00a0\u00a0\u00a0\u00a0\u00a0\u00a0\u00a0 \u00a0\u00a0\u00a0\u00a0\u00a0\u00a0\u00a0\u00a0\u00a0\u00a0\u00a0\u00a0\u00a0\u00a0\u00a0 815000183800015,00 Ticaret Sicil Memurlu\u011fu \u00a0\u00a0\u00a0\u00a0\u00a0\u00a0\u00a0\u00a0\u00a0\u00a0\u00a0\u00a0\u00a0\u00a0\u00a0 \u0130TO Ticaret Sicil Numaras\u0131\u00a0\u00a0\u00a0\u00a0\u00a0\u00a0\u00a0\u00a0\u00a0\u00a0\u00a0\u00a0\u00a0\u00a0\u00a0\u00a0\u00a0\u00a0\u00a0 126781 Ticaret \u00dcnvan\u0131\u00a0\u00a0\u00a0\u00a0\u00a0\u00a0\u00a0\u00a0\u00a0\u00a0\u00a0\u00a0\u00a0\u00a0\u00a0\u00a0\u00a0\u00a0\u00a0\u00a0\u00a0\u00a0\u00a0\u00a0\u00a0\u00a0\u00a0\u00a0\u00a0\u00a0\u00a0\u00a0 SUDESAN TEM\u0130ZL\u0130K \u00dcR\u00dcNLER\u0130 VE AMBALAJ SAN.T\u0130C.A.\u015e. Adres\u00a0\u00a0\u00a0\u00a0\u00a0\u00a0\u00a0\u00a0\u00a0\u00a0\u00a0\u00a0\u00a0\u00a0\u00a0\u00a0\u00a0\u00a0\u00a0\u00a0\u00a0\u00a0\u00a0\u00a0\u00a0\u00a0\u00a0\u00a0\u00a0\u00a0\u00a0\u00a0\u00a0\u00a0\u00a0\u00a0\u00a0\u00a0\u00a0\u00a0\u00a0\u00a0\u00a0\u00a0\u00a0\u00a0\u00a0\u00a0\u00a0 C\u0130HANG\u0130R MAH. PETROL OF\u0130S\u0130 CAD. \u015eEH\u0130T KOMANDO ONBA\u015eI U\u011eUR HANCI SK. NO:5 AVCILAR-\u0130STANBUL Taah\u00fct Edilen Sermaye Miktar\u0131\u00a0 \u00a0 225.000.000,00 TL \u00d6denen Sermaye Miktar\u0131\u00a0\u00a0\u00a0\u00a0\u00a0\u00a0\u00a0\u00a0\u00a0\u00a0\u00a0\u00a0\u00a0 225.000.000,00 TL&hellip;<\/p>","protected":false},"author":1,"featured_media":0,"parent":0,"menu_order":0,"comment_status":"closed","ping_status":"closed","template":"","meta":{"footnotes":""},"class_list":["post-3576","page","type-page","status-publish","hentry"],"_links":{"self":[{"href":"https:\/\/sudesan.com.tr\/en\/wp-json\/wp\/v2\/pages\/3576","targetHints":{"allow":["GET"]}}],"collection":[{"href":"https:\/\/sudesan.com.tr\/en\/wp-json\/wp\/v2\/pages"}],"about":[{"href":"https:\/\/sudesan.com.tr\/en\/wp-json\/wp\/v2\/types\/page"}],"author":[{"embeddable":true,"href":"https:\/\/sudesan.com.tr\/en\/wp-json\/wp\/v2\/users\/1"}],"replies":[{"embeddable":true,"href":"https:\/\/sudesan.com.tr\/en\/wp-json\/wp\/v2\/comments?post=3576"}],"version-history":[{"count":20,"href":"https:\/\/sudesan.com.tr\/en\/wp-json\/wp\/v2\/pages\/3576\/revisions"}],"predecessor-version":[{"id":3608,"href":"https:\/\/sudesan.com.tr\/en\/wp-json\/wp\/v2\/pages\/3576\/revisions\/3608"}],"wp:attachment":[{"href":"https:\/\/sudesan.com.tr\/en\/wp-json\/wp\/v2\/media?parent=3576"}],"curies":[{"name":"wp","href":"https:\/\/api.w.org\/{rel}","templated":true}]}}