{"id":537,"date":"2024-05-26T18:54:45","date_gmt":"2024-05-26T18:54:45","guid":{"rendered":"https:\/\/sudesan.com.tr\/?page_id=537"},"modified":"2024-09-11T10:44:42","modified_gmt":"2024-09-11T10:44:42","slug":"kisisel-bakim-urunleri","status":"publish","type":"page","link":"https:\/\/sudesan.com.tr\/en\/kisisel-bakim-urunleri\/","title":{"rendered":"Personal Care Products"},"content":{"rendered":"<div data-elementor-type=\"wp-page\" data-elementor-id=\"537\" class=\"elementor elementor-537\" data-elementor-post-type=\"page\">\n\t\t\t\t<div class=\"elementor-element elementor-element-c0819cf e-flex e-con-boxed e-con e-parent\" data-id=\"c0819cf\" data-element_type=\"container\">\n\t\t\t\t\t<div class=\"e-con-inner\">\n\t\t\t\t<div class=\"elementor-element elementor-element-1953d8c jltma-glass-effect-no elementor-widget elementor-widget-image\" data-id=\"1953d8c\" data-element_type=\"widget\" data-widget_type=\"image.default\">\n\t\t\t\t<div class=\"elementor-widget-container\">\n\t\t\t<style>\/*! elementor - v3.21.0 - 22-05-2024 *\/\n.elementor-widget-image{text-align:center}.elementor-widget-image a{display:inline-block}.elementor-widget-image a img[src$=\".svg\"]{width:48px}.elementor-widget-image img{vertical-align:middle;display:inline-block}<\/style>\t\t\t\t\t\t\t\t\t\t<img fetchpriority=\"high\" decoding=\"async\" width=\"1133\" height=\"464\" src=\"https:\/\/sudesan.com.tr\/wp-content\/uploads\/2024\/09\/PHOTO-2024-09-09-13-51-46.jpg\" class=\"attachment-full size-full wp-image-2838\" alt=\"\" srcset=\"https:\/\/sudesan.com.tr\/wp-content\/uploads\/2024\/09\/PHOTO-2024-09-09-13-51-46.jpg 1133w, https:\/\/sudesan.com.tr\/wp-content\/uploads\/2024\/09\/PHOTO-2024-09-09-13-51-46-300x123.jpg 300w, https:\/\/sudesan.com.tr\/wp-content\/uploads\/2024\/09\/PHOTO-2024-09-09-13-51-46-1024x419.jpg 1024w, https:\/\/sudesan.com.tr\/wp-content\/uploads\/2024\/09\/PHOTO-2024-09-09-13-51-46-768x315.jpg 768w, https:\/\/sudesan.com.tr\/wp-content\/uploads\/2024\/09\/PHOTO-2024-09-09-13-51-46-18x7.jpg 18w\" sizes=\"(max-width: 1133px) 100vw, 1133px\" \/>\t\t\t\t\t\t\t\t\t\t\t\t\t<\/div>\n\t\t\t\t<\/div>\n\t\t\t\t\t<\/div>\n\t\t\t\t<\/div>\n\t\t<div class=\"elementor-element elementor-element-0fd4e24 e-flex e-con-boxed e-con e-parent\" data-id=\"0fd4e24\" data-element_type=\"container\">\n\t\t\t\t\t<div class=\"e-con-inner\">\n\t\t\t\t<div class=\"elementor-element elementor-element-8466163 jltma-glass-effect-no elementor-widget elementor-widget-text-editor\" data-id=\"8466163\" data-element_type=\"widget\" data-widget_type=\"text-editor.default\">\n\t\t\t\t<div class=\"elementor-widget-container\">\n\t\t\t<style>\/*! elementor - v3.21.0 - 22-05-2024 *\/\n.elementor-widget-text-editor.elementor-drop-cap-view-stacked .elementor-drop-cap{background-color:#69727d;color:#fff}.elementor-widget-text-editor.elementor-drop-cap-view-framed .elementor-drop-cap{color:#69727d;border:3px solid;background-color:transparent}.elementor-widget-text-editor:not(.elementor-drop-cap-view-default) .elementor-drop-cap{margin-top:8px}.elementor-widget-text-editor:not(.elementor-drop-cap-view-default) .elementor-drop-cap-letter{width:1em;height:1em}.elementor-widget-text-editor .elementor-drop-cap{float:left;text-align:center;line-height:1;font-size:50px}.elementor-widget-text-editor .elementor-drop-cap-letter{display:inline-block}<\/style>\t\t\t\t<p style=\"text-align: right;\">Sudesan\u2019s personal care product facility offers top-level efficiency and hygiene thanks to high-tech Pigging and SCADA systems. All our equipment is designed according to hygienic design principles, ensuring reliability and quality throughout the production process.<\/p><p style=\"text-align: right;\">Our vacuum mixers, raw material storage tanks, pre-weighing tanks, and final product storage tanks support our production processes to deliver excellent results. Sudesan brings technology and quality together to offer you superior performance and reliability.<\/p>\t\t\t\t\t\t<\/div>\n\t\t\t\t<\/div>\n\t\t\t\t\t<\/div>\n\t\t\t\t<\/div>\n\t\t<div class=\"elementor-element elementor-element-044f941 e-flex e-con-boxed e-con e-parent\" data-id=\"044f941\" data-element_type=\"container\">\n\t\t\t\t\t<div class=\"e-con-inner\">\n\t\t\t\t<div class=\"elementor-element elementor-element-fd0e5e1 jltma-glass-effect-no elementor-widget elementor-widget-image\" data-id=\"fd0e5e1\" data-element_type=\"widget\" data-widget_type=\"image.default\">\n\t\t\t\t<div class=\"elementor-widget-container\">\n\t\t\t\t\t\t\t\t\t\t\t\t\t<img decoding=\"async\" width=\"1024\" height=\"289\" src=\"https:\/\/sudesan.com.tr\/wp-content\/uploads\/2024\/09\/banner.png\" class=\"attachment-large size-large wp-image-1821\" alt=\"\" srcset=\"https:\/\/sudesan.com.tr\/wp-content\/uploads\/2024\/09\/banner.png 1937w, https:\/\/sudesan.com.tr\/wp-content\/uploads\/2024\/09\/banner-300x85.png 300w, https:\/\/sudesan.com.tr\/wp-content\/uploads\/2024\/09\/banner-1024x290.png 1024w, https:\/\/sudesan.com.tr\/wp-content\/uploads\/2024\/09\/banner-768x217.png 768w, https:\/\/sudesan.com.tr\/wp-content\/uploads\/2024\/09\/banner-1536x435.png 1536w, https:\/\/sudesan.com.tr\/wp-content\/uploads\/2024\/09\/banner-18x5.png 18w\" sizes=\"(max-width: 1024px) 100vw, 1024px\" \/>\t\t\t\t\t\t\t\t\t\t\t\t\t<\/div>\n\t\t\t\t<\/div>\n\t\t\t\t\t<\/div>\n\t\t\t\t<\/div>\n\t\t\t\t<\/div>","protected":false},"excerpt":{"rendered":"<p>Sudesan\u2019\u0131n ki\u015fisel bak\u0131m \u00fcr\u00fcnleri \u00fcretim tesisi, y\u00fcksek teknolojiyle donat\u0131lm\u0131\u015f Pigging ve SCADA sistemleri sayesinde en \u00fcst d\u00fczeyde verimlilik ve hijyen sunar. T\u00fcm tesisat ve ekipmanlar\u0131m\u0131z, hijyenik tasar\u0131m ilkelerine uygun olarak tasarlanm\u0131\u015f olup, \u00fcretim s\u00fcrecinde g\u00fcvenilirli\u011fi ve kalitesi ile \u00f6n plandad\u0131r. Vakum sistemine sahip mikserlerimiz, hammadde stok tanklar\u0131m\u0131z, \u00f6n tart\u0131c\u0131 tanklar\u0131m\u0131z ve son \u00fcr\u00fcn stok tanklar\u0131m\u0131z,&hellip;<\/p>","protected":false},"author":1,"featured_media":0,"parent":0,"menu_order":0,"comment_status":"closed","ping_status":"closed","template":"","meta":{"footnotes":""},"class_list":["post-537","page","type-page","status-publish","hentry"],"_links":{"self":[{"href":"https:\/\/sudesan.com.tr\/en\/wp-json\/wp\/v2\/pages\/537","targetHints":{"allow":["GET"]}}],"collection":[{"href":"https:\/\/sudesan.com.tr\/en\/wp-json\/wp\/v2\/pages"}],"about":[{"href":"https:\/\/sudesan.com.tr\/en\/wp-json\/wp\/v2\/types\/page"}],"author":[{"embeddable":true,"href":"https:\/\/sudesan.com.tr\/en\/wp-json\/wp\/v2\/users\/1"}],"replies":[{"embeddable":true,"href":"https:\/\/sudesan.com.tr\/en\/wp-json\/wp\/v2\/comments?post=537"}],"version-history":[{"count":109,"href":"https:\/\/sudesan.com.tr\/en\/wp-json\/wp\/v2\/pages\/537\/revisions"}],"predecessor-version":[{"id":2879,"href":"https:\/\/sudesan.com.tr\/en\/wp-json\/wp\/v2\/pages\/537\/revisions\/2879"}],"wp:attachment":[{"href":"https:\/\/sudesan.com.tr\/en\/wp-json\/wp\/v2\/media?parent=537"}],"curies":[{"name":"wp","href":"https:\/\/api.w.org\/{rel}","templated":true}]}}