{"id":547,"date":"2024-05-26T19:10:44","date_gmt":"2024-05-26T19:10:44","guid":{"rendered":"https:\/\/sudesan.com.tr\/?page_id=547"},"modified":"2024-09-13T23:58:11","modified_gmt":"2024-09-13T23:58:11","slug":"ev-bakim-urunleri","status":"publish","type":"page","link":"https:\/\/sudesan.com.tr\/en\/ev-bakim-urunleri\/","title":{"rendered":"Home Care Products"},"content":{"rendered":"<div data-elementor-type=\"wp-page\" data-elementor-id=\"547\" class=\"elementor elementor-547\" data-elementor-post-type=\"page\">\n\t\t\t\t<div class=\"elementor-element elementor-element-bc15451 e-flex e-con-boxed e-con e-parent\" data-id=\"bc15451\" data-element_type=\"container\">\n\t\t\t\t\t<div class=\"e-con-inner\">\n\t\t\t\t<div class=\"elementor-element elementor-element-2e1cb4d jltma-glass-effect-no elementor-widget elementor-widget-image\" data-id=\"2e1cb4d\" data-element_type=\"widget\" data-widget_type=\"image.default\">\n\t\t\t\t<div class=\"elementor-widget-container\">\n\t\t\t<style>\/*! elementor - v3.21.0 - 22-05-2024 *\/\n.elementor-widget-image{text-align:center}.elementor-widget-image a{display:inline-block}.elementor-widget-image a img[src$=\".svg\"]{width:48px}.elementor-widget-image img{vertical-align:middle;display:inline-block}<\/style>\t\t\t\t\t\t\t\t\t\t<img fetchpriority=\"high\" decoding=\"async\" width=\"1600\" height=\"491\" src=\"https:\/\/sudesan.com.tr\/wp-content\/uploads\/2024\/09\/banner-8.png\" class=\"attachment-full size-full wp-image-2918\" alt=\"\" srcset=\"https:\/\/sudesan.com.tr\/wp-content\/uploads\/2024\/09\/banner-8.png 1600w, https:\/\/sudesan.com.tr\/wp-content\/uploads\/2024\/09\/banner-8-300x92.png 300w, https:\/\/sudesan.com.tr\/wp-content\/uploads\/2024\/09\/banner-8-1024x314.png 1024w, https:\/\/sudesan.com.tr\/wp-content\/uploads\/2024\/09\/banner-8-768x236.png 768w, https:\/\/sudesan.com.tr\/wp-content\/uploads\/2024\/09\/banner-8-1536x471.png 1536w, https:\/\/sudesan.com.tr\/wp-content\/uploads\/2024\/09\/banner-8-18x6.png 18w\" sizes=\"(max-width: 1600px) 100vw, 1600px\" \/>\t\t\t\t\t\t\t\t\t\t\t\t\t<\/div>\n\t\t\t\t<\/div>\n\t\t\t\t\t<\/div>\n\t\t\t\t<\/div>\n\t\t<div class=\"elementor-element elementor-element-0fd4e24 e-flex e-con-boxed e-con e-parent\" data-id=\"0fd4e24\" data-element_type=\"container\">\n\t\t\t\t\t<div class=\"e-con-inner\">\n\t\t\t\t<div class=\"elementor-element elementor-element-8466163 jltma-glass-effect-no elementor-widget elementor-widget-text-editor\" data-id=\"8466163\" data-element_type=\"widget\" data-widget_type=\"text-editor.default\">\n\t\t\t\t<div class=\"elementor-widget-container\">\n\t\t\t<style>\/*! elementor - v3.21.0 - 22-05-2024 *\/\n.elementor-widget-text-editor.elementor-drop-cap-view-stacked .elementor-drop-cap{background-color:#69727d;color:#fff}.elementor-widget-text-editor.elementor-drop-cap-view-framed .elementor-drop-cap{color:#69727d;border:3px solid;background-color:transparent}.elementor-widget-text-editor:not(.elementor-drop-cap-view-default) .elementor-drop-cap{margin-top:8px}.elementor-widget-text-editor:not(.elementor-drop-cap-view-default) .elementor-drop-cap-letter{width:1em;height:1em}.elementor-widget-text-editor .elementor-drop-cap{float:left;text-align:center;line-height:1;font-size:50px}.elementor-widget-text-editor .elementor-drop-cap-letter{display:inline-block}<\/style>\t\t\t\t<p style=\"text-align: right;\">Sudesan\u2019s home care products facility produces using fully automatic and semi-automatic production lines, along with modern steam tunnels, all designed with hygienic standards. Our goal is to ensure that customers can safely use our products. Thanks to high technology and automation, our industrial production processes enable large-scale and series production.<\/p>\t\t\t\t\t\t<\/div>\n\t\t\t\t<\/div>\n\t\t\t\t\t<\/div>\n\t\t\t\t<\/div>\n\t\t<div class=\"elementor-element elementor-element-48e3910 e-grid e-con-boxed e-con e-parent\" data-id=\"48e3910\" data-element_type=\"container\">\n\t\t\t\t\t<div class=\"e-con-inner\">\n\t\t\t\t<div class=\"elementor-element elementor-element-d4f7aa9 jltma-glass-effect-no elementor-widget elementor-widget-image\" data-id=\"d4f7aa9\" data-element_type=\"widget\" data-widget_type=\"image.default\">\n\t\t\t\t<div class=\"elementor-widget-container\">\n\t\t\t\t\t\t\t\t\t\t\t\t\t<img decoding=\"async\" width=\"757\" height=\"490\" src=\"https:\/\/sudesan.com.tr\/wp-content\/uploads\/2024\/08\/01.png\" class=\"attachment-full size-full wp-image-2203\" alt=\"\" srcset=\"https:\/\/sudesan.com.tr\/wp-content\/uploads\/2024\/08\/01.png 757w, https:\/\/sudesan.com.tr\/wp-content\/uploads\/2024\/08\/01-300x194.png 300w, https:\/\/sudesan.com.tr\/wp-content\/uploads\/2024\/08\/01-18x12.png 18w\" sizes=\"(max-width: 757px) 100vw, 757px\" \/>\t\t\t\t\t\t\t\t\t\t\t\t\t<\/div>\n\t\t\t\t<\/div>\n\t\t\t\t<div class=\"elementor-element elementor-element-f86832d jltma-glass-effect-no elementor-widget elementor-widget-text-editor\" data-id=\"f86832d\" data-element_type=\"widget\" data-widget_type=\"text-editor.default\">\n\t\t\t\t<div class=\"elementor-widget-container\">\n\t\t\t\t\t\t\t<p>Sudesan stands out with flexibility and variety in its production lines. With filling capacities ranging from 50 ml to 10,000 ml, we offer solutions for every need.<\/p>\t\t\t\t\t\t<\/div>\n\t\t\t\t<\/div>\n\t\t\t\t<div class=\"elementor-element elementor-element-ed1f89a jltma-glass-effect-no elementor-widget elementor-widget-text-editor\" data-id=\"ed1f89a\" data-element_type=\"widget\" data-widget_type=\"text-editor.default\">\n\t\t\t\t<div class=\"elementor-widget-container\">\n\t\t\t\t\t\t\t<p style=\"text-align: right;\">Our home care products are produced with advanced technology, designed to meet customer needs while maintaining high standards of quality and hygiene. By constantly following the latest technologies and developing innovative solutions, we aim to offer you more effective and reliable products. Sudesan provides safe and effective solutions for home care, keeping your living spaces cleaner and more organized.<\/p>\t\t\t\t\t\t<\/div>\n\t\t\t\t<\/div>\n\t\t\t\t<div class=\"elementor-element elementor-element-cda99d1 jltma-glass-effect-no elementor-widget elementor-widget-image\" data-id=\"cda99d1\" data-element_type=\"widget\" data-widget_type=\"image.default\">\n\t\t\t\t<div class=\"elementor-widget-container\">\n\t\t\t\t\t\t\t\t\t\t\t\t\t<img decoding=\"async\" width=\"757\" height=\"490\" src=\"https:\/\/sudesan.com.tr\/wp-content\/uploads\/2024\/08\/3.png\" class=\"attachment-full size-full wp-image-2576\" alt=\"\" srcset=\"https:\/\/sudesan.com.tr\/wp-content\/uploads\/2024\/08\/3.png 757w, https:\/\/sudesan.com.tr\/wp-content\/uploads\/2024\/08\/3-300x194.png 300w, https:\/\/sudesan.com.tr\/wp-content\/uploads\/2024\/08\/3-18x12.png 18w\" sizes=\"(max-width: 757px) 100vw, 757px\" \/>\t\t\t\t\t\t\t\t\t\t\t\t\t<\/div>\n\t\t\t\t<\/div>\n\t\t\t\t\t<\/div>\n\t\t\t\t<\/div>\n\t\t\t\t<\/div>","protected":false},"excerpt":{"rendered":"<p>Sudesan\u2019\u0131n ev bak\u0131m \u00fcr\u00fcnleri tesisi, hijyenik dizayn\u0131yla dikkat \u00e7eken tam otomatik ve yar\u0131 otomatik \u00fcretim hatlar\u0131 ile birlikte modern buhar t\u00fcnelleri kullanarak \u00fcretim yapmaktad\u0131r. Amac\u0131m\u0131z, m\u00fc\u015fterilerimizin \u00fcr\u00fcnlerimizi g\u00fcvenle kullanabilmesini sa\u011flamakt\u0131r. End\u00fcstriyel \u00fcretim s\u00fcre\u00e7lerimiz, y\u00fcksek teknoloji ve otomasyon sayesinde b\u00fcy\u00fck \u00f6l\u00e7ekli ve seri \u00fcretim kapasitesine sahiptir. Sudesan, \u00fcretim hatlar\u0131nda sundu\u011fu esneklik ve \u00e7e\u015fitlilikle dikkat \u00e7eker. 50&hellip;<\/p>","protected":false},"author":1,"featured_media":0,"parent":0,"menu_order":0,"comment_status":"closed","ping_status":"closed","template":"","meta":{"footnotes":""},"class_list":["post-547","page","type-page","status-publish","hentry"],"_links":{"self":[{"href":"https:\/\/sudesan.com.tr\/en\/wp-json\/wp\/v2\/pages\/547","targetHints":{"allow":["GET"]}}],"collection":[{"href":"https:\/\/sudesan.com.tr\/en\/wp-json\/wp\/v2\/pages"}],"about":[{"href":"https:\/\/sudesan.com.tr\/en\/wp-json\/wp\/v2\/types\/page"}],"author":[{"embeddable":true,"href":"https:\/\/sudesan.com.tr\/en\/wp-json\/wp\/v2\/users\/1"}],"replies":[{"embeddable":true,"href":"https:\/\/sudesan.com.tr\/en\/wp-json\/wp\/v2\/comments?post=547"}],"version-history":[{"count":82,"href":"https:\/\/sudesan.com.tr\/en\/wp-json\/wp\/v2\/pages\/547\/revisions"}],"predecessor-version":[{"id":3020,"href":"https:\/\/sudesan.com.tr\/en\/wp-json\/wp\/v2\/pages\/547\/revisions\/3020"}],"wp:attachment":[{"href":"https:\/\/sudesan.com.tr\/en\/wp-json\/wp\/v2\/media?parent=547"}],"curies":[{"name":"wp","href":"https:\/\/api.w.org\/{rel}","templated":true}]}}