{"id":561,"date":"2024-05-26T19:56:16","date_gmt":"2024-05-26T19:56:16","guid":{"rendered":"https:\/\/sudesan.com.tr\/?page_id=561"},"modified":"2024-09-26T13:17:54","modified_gmt":"2024-09-26T13:17:54","slug":"plastik-sise-uretimi","status":"publish","type":"page","link":"https:\/\/sudesan.com.tr\/en\/plastik-sise-uretimi\/","title":{"rendered":"Plastic Bottle Production"},"content":{"rendered":"<div data-elementor-type=\"wp-page\" data-elementor-id=\"561\" class=\"elementor elementor-561\" data-elementor-post-type=\"page\">\n\t\t\t\t<div class=\"elementor-element elementor-element-2acfc43 e-flex e-con-boxed e-con e-parent\" data-id=\"2acfc43\" data-element_type=\"container\">\n\t\t\t\t\t<div class=\"e-con-inner\">\n\t\t\t\t<div class=\"elementor-element elementor-element-b060839 jltma-glass-effect-no elementor-widget elementor-widget-video\" data-id=\"b060839\" data-element_type=\"widget\" data-settings=\"{&quot;video_type&quot;:&quot;hosted&quot;,&quot;autoplay&quot;:&quot;yes&quot;,&quot;play_on_mobile&quot;:&quot;yes&quot;,&quot;mute&quot;:&quot;yes&quot;,&quot;loop&quot;:&quot;yes&quot;}\" data-widget_type=\"video.default\">\n\t\t\t\t<div class=\"elementor-widget-container\">\n\t\t\t<style>\/*! elementor - v3.21.0 - 22-05-2024 *\/\n.elementor-widget-video .elementor-widget-container{overflow:hidden;transform:translateZ(0)}.elementor-widget-video .elementor-wrapper{aspect-ratio:var(--video-aspect-ratio)}.elementor-widget-video .elementor-wrapper iframe,.elementor-widget-video .elementor-wrapper video{height:100%;width:100%;display:flex;border:none;background-color:#000}@supports not (aspect-ratio:1\/1){.elementor-widget-video .elementor-wrapper{position:relative;overflow:hidden;height:0;padding-bottom:calc(100% \/ var(--video-aspect-ratio))}.elementor-widget-video .elementor-wrapper iframe,.elementor-widget-video .elementor-wrapper video{position:absolute;top:0;right:0;bottom:0;left:0}}.elementor-widget-video .elementor-open-inline .elementor-custom-embed-image-overlay{position:absolute;top:0;right:0;bottom:0;left:0;background-size:cover;background-position:50%}.elementor-widget-video .elementor-custom-embed-image-overlay{cursor:pointer;text-align:center}.elementor-widget-video .elementor-custom-embed-image-overlay:hover .elementor-custom-embed-play i{opacity:1}.elementor-widget-video .elementor-custom-embed-image-overlay img{display:block;width:100%;aspect-ratio:var(--video-aspect-ratio);-o-object-fit:cover;object-fit:cover;-o-object-position:center center;object-position:center center}@supports not (aspect-ratio:1\/1){.elementor-widget-video .elementor-custom-embed-image-overlay{position:relative;overflow:hidden;height:0;padding-bottom:calc(100% \/ var(--video-aspect-ratio))}.elementor-widget-video .elementor-custom-embed-image-overlay img{position:absolute;top:0;right:0;bottom:0;left:0}}.elementor-widget-video .e-hosted-video .elementor-video{-o-object-fit:cover;object-fit:cover}.e-con-inner>.elementor-widget-video,.e-con>.elementor-widget-video{width:var(--container-widget-width);--flex-grow:var(--container-widget-flex-grow)}<\/style>\t\t<div class=\"e-hosted-video elementor-wrapper elementor-open-inline\">\n\t\t\t\t\t<video class=\"elementor-video\" src=\"https:\/\/sudesan.com.tr\/wp-content\/uploads\/2024\/09\/Dupack-final-2024-09-26.mp4\" autoplay=\"\" loop=\"\" muted=\"muted\" playsinline=\"\" controlslist=\"nodownload\"><\/video>\n\t\t\t\t<\/div>\n\t\t\t\t<\/div>\n\t\t\t\t<\/div>\n\t\t\t\t\t<\/div>\n\t\t\t\t<\/div>\n\t\t<div class=\"elementor-element elementor-element-48e3910 e-grid elementor-hidden-mobile e-con-boxed e-con e-parent\" data-id=\"48e3910\" data-element_type=\"container\">\n\t\t\t\t\t<div class=\"e-con-inner\">\n\t\t\t\t<div class=\"elementor-element elementor-element-cda99d1 jltma-glass-effect-no elementor-widget elementor-widget-image\" data-id=\"cda99d1\" data-element_type=\"widget\" data-widget_type=\"image.default\">\n\t\t\t\t<div class=\"elementor-widget-container\">\n\t\t\t<style>\/*! elementor - v3.21.0 - 22-05-2024 *\/\n.elementor-widget-image{text-align:center}.elementor-widget-image a{display:inline-block}.elementor-widget-image a img[src$=\".svg\"]{width:48px}.elementor-widget-image img{vertical-align:middle;display:inline-block}<\/style>\t\t\t\t\t\t\t\t\t\t<img fetchpriority=\"high\" decoding=\"async\" width=\"757\" height=\"490\" src=\"https:\/\/sudesan.com.tr\/wp-content\/uploads\/2024\/08\/Ekran-Resmi-2024-05-30-12.24.35-720x405-kopya.png\" class=\"attachment-full size-full wp-image-2158\" alt=\"\" srcset=\"https:\/\/sudesan.com.tr\/wp-content\/uploads\/2024\/08\/Ekran-Resmi-2024-05-30-12.24.35-720x405-kopya.png 757w, https:\/\/sudesan.com.tr\/wp-content\/uploads\/2024\/08\/Ekran-Resmi-2024-05-30-12.24.35-720x405-kopya-300x194.png 300w, https:\/\/sudesan.com.tr\/wp-content\/uploads\/2024\/08\/Ekran-Resmi-2024-05-30-12.24.35-720x405-kopya-18x12.png 18w\" sizes=\"(max-width: 757px) 100vw, 757px\" \/>\t\t\t\t\t\t\t\t\t\t\t\t\t<\/div>\n\t\t\t\t<\/div>\n\t\t\t\t<div class=\"elementor-element elementor-element-261dd0e jltma-glass-effect-no elementor-widget elementor-widget-text-editor\" data-id=\"261dd0e\" data-element_type=\"widget\" data-widget_type=\"text-editor.default\">\n\t\t\t\t<div class=\"elementor-widget-container\">\n\t\t\t<style>\/*! elementor - v3.21.0 - 22-05-2024 *\/\n.elementor-widget-text-editor.elementor-drop-cap-view-stacked .elementor-drop-cap{background-color:#69727d;color:#fff}.elementor-widget-text-editor.elementor-drop-cap-view-framed .elementor-drop-cap{color:#69727d;border:3px solid;background-color:transparent}.elementor-widget-text-editor:not(.elementor-drop-cap-view-default) .elementor-drop-cap{margin-top:8px}.elementor-widget-text-editor:not(.elementor-drop-cap-view-default) .elementor-drop-cap-letter{width:1em;height:1em}.elementor-widget-text-editor .elementor-drop-cap{float:left;text-align:center;line-height:1;font-size:50px}.elementor-widget-text-editor .elementor-drop-cap-letter{display:inline-block}<\/style>\t\t\t\t<p style=\"text-align: left;\">Dupack stands out with its environmentally conscious approach. By using recyclable materials, we minimize waste and actively work to reduce our carbon footprint. Through carefully applying sustainability principles in production processes, Dupack fulfills its commitment to delivering environmentally friendly products while contributing to the future with high quality and eco-friendly solutions.<\/p>\t\t\t\t\t\t<\/div>\n\t\t\t\t<\/div>\n\t\t\t\t<div class=\"elementor-element elementor-element-f86832d jltma-glass-effect-no elementor-widget elementor-widget-text-editor\" data-id=\"f86832d\" data-element_type=\"widget\" data-widget_type=\"text-editor.default\">\n\t\t\t\t<div class=\"elementor-widget-container\">\n\t\t\t\t\t\t\t<p style=\"text-align: right;\">With a daily capacity of over 366,000 plastic bottles, Dupack meets Sudesan\u2019s packaging needs with the highest efficiency.<\/p><p style=\"text-align: right;\">Placing great importance on technological innovations, Dupack became the first in Turkey to produce and use a T\u00dcB\u0130TAK-supported electric HDPE machine, optimizing its production processes. Additionally, with Japanese-made PET and HDPE machines, we achieve successful results in injection and blow molding processes, continuing to offer high-quality products.<\/p>\t\t\t\t\t\t<\/div>\n\t\t\t\t<\/div>\n\t\t\t\t<div class=\"elementor-element elementor-element-2ea1015 jltma-glass-effect-no elementor-widget elementor-widget-video\" data-id=\"2ea1015\" data-element_type=\"widget\" data-settings=\"{&quot;video_type&quot;:&quot;hosted&quot;,&quot;autoplay&quot;:&quot;yes&quot;,&quot;play_on_mobile&quot;:&quot;yes&quot;,&quot;mute&quot;:&quot;yes&quot;,&quot;loop&quot;:&quot;yes&quot;}\" data-widget_type=\"video.default\">\n\t\t\t\t<div class=\"elementor-widget-container\">\n\t\t\t\t\t<div class=\"e-hosted-video elementor-wrapper elementor-open-inline\">\n\t\t\t\t\t<video class=\"elementor-video\" src=\"https:\/\/sudesan.com.tr\/wp-content\/uploads\/2024\/08\/Elektrikli-HDPE-makinesi.mp4\" autoplay=\"\" loop=\"\" muted=\"muted\" playsinline=\"\" controlslist=\"nodownload\"><\/video>\n\t\t\t\t<\/div>\n\t\t\t\t<\/div>\n\t\t\t\t<\/div>\n\t\t\t\t\t<\/div>\n\t\t\t\t<\/div>\n\t\t<div class=\"elementor-element elementor-element-297828f elementor-hidden-desktop elementor-hidden-tablet e-flex e-con-boxed e-con e-parent\" data-id=\"297828f\" data-element_type=\"container\">\n\t\t\t\t\t<div class=\"e-con-inner\">\n\t\t<div class=\"elementor-element elementor-element-e63afec e-con-full e-flex e-con e-child\" data-id=\"e63afec\" data-element_type=\"container\">\n\t\t\t\t<div class=\"elementor-element elementor-element-7964f22 jltma-glass-effect-no elementor-widget elementor-widget-text-editor\" data-id=\"7964f22\" data-element_type=\"widget\" data-widget_type=\"text-editor.default\">\n\t\t\t\t<div class=\"elementor-widget-container\">\n\t\t\t\t\t\t\t<p>With a daily capacity of over 366,000 plastic bottles, Dupack meets Sudesan\u2019s packaging needs with the highest efficiency.<\/p><p>Placing great importance on technological innovations, Dupack became the first in Turkey to produce and use a T\u00dcB\u0130TAK-supported electric HDPE machine, optimizing its production processes. Additionally, with Japanese-made PET and HDPE machines, we achieve successful results in injection and blow molding processes, continuing to offer high-quality products.<\/p>\t\t\t\t\t\t<\/div>\n\t\t\t\t<\/div>\n\t\t\t\t<\/div>\n\t\t<div class=\"elementor-element elementor-element-7df6c76 e-con-full e-flex e-con e-child\" data-id=\"7df6c76\" data-element_type=\"container\">\n\t\t\t\t<div class=\"elementor-element elementor-element-3d0c2cc jltma-glass-effect-no elementor-widget elementor-widget-video\" data-id=\"3d0c2cc\" data-element_type=\"widget\" data-settings=\"{&quot;video_type&quot;:&quot;hosted&quot;,&quot;autoplay&quot;:&quot;yes&quot;,&quot;play_on_mobile&quot;:&quot;yes&quot;,&quot;mute&quot;:&quot;yes&quot;,&quot;loop&quot;:&quot;yes&quot;}\" data-widget_type=\"video.default\">\n\t\t\t\t<div class=\"elementor-widget-container\">\n\t\t\t\t\t<div class=\"e-hosted-video elementor-wrapper elementor-open-inline\">\n\t\t\t\t\t<video class=\"elementor-video\" src=\"https:\/\/sudesan.com.tr\/wp-content\/uploads\/2024\/08\/Elektrikli-HDPE-makinesi.mp4\" autoplay=\"\" loop=\"\" muted=\"muted\" playsinline=\"\" controlslist=\"nodownload\"><\/video>\n\t\t\t\t<\/div>\n\t\t\t\t<\/div>\n\t\t\t\t<\/div>\n\t\t\t\t<\/div>\n\t\t\t\t\t<\/div>\n\t\t\t\t<\/div>\n\t\t<div class=\"elementor-element elementor-element-4485b6d elementor-hidden-desktop elementor-hidden-tablet e-flex e-con-boxed e-con e-parent\" data-id=\"4485b6d\" data-element_type=\"container\">\n\t\t\t\t\t<div class=\"e-con-inner\">\n\t\t<div class=\"elementor-element elementor-element-88492ce e-con-full e-flex e-con e-child\" data-id=\"88492ce\" data-element_type=\"container\">\n\t\t\t\t<div class=\"elementor-element elementor-element-c07d497 jltma-glass-effect-no elementor-widget elementor-widget-image\" data-id=\"c07d497\" data-element_type=\"widget\" data-widget_type=\"image.default\">\n\t\t\t\t<div class=\"elementor-widget-container\">\n\t\t\t\t\t\t\t\t\t\t\t\t\t<img fetchpriority=\"high\" decoding=\"async\" width=\"757\" height=\"490\" src=\"https:\/\/sudesan.com.tr\/wp-content\/uploads\/2024\/08\/Ekran-Resmi-2024-05-30-12.24.35-720x405-kopya.png\" class=\"attachment-full size-full wp-image-2158\" alt=\"\" srcset=\"https:\/\/sudesan.com.tr\/wp-content\/uploads\/2024\/08\/Ekran-Resmi-2024-05-30-12.24.35-720x405-kopya.png 757w, https:\/\/sudesan.com.tr\/wp-content\/uploads\/2024\/08\/Ekran-Resmi-2024-05-30-12.24.35-720x405-kopya-300x194.png 300w, https:\/\/sudesan.com.tr\/wp-content\/uploads\/2024\/08\/Ekran-Resmi-2024-05-30-12.24.35-720x405-kopya-18x12.png 18w\" sizes=\"(max-width: 757px) 100vw, 757px\" \/>\t\t\t\t\t\t\t\t\t\t\t\t\t<\/div>\n\t\t\t\t<\/div>\n\t\t\t\t<\/div>\n\t\t<div class=\"elementor-element elementor-element-c415527 e-con-full e-flex e-con e-child\" data-id=\"c415527\" data-element_type=\"container\">\n\t\t\t\t<div class=\"elementor-element elementor-element-03cdb28 jltma-glass-effect-no elementor-widget elementor-widget-text-editor\" data-id=\"03cdb28\" data-element_type=\"widget\" data-widget_type=\"text-editor.default\">\n\t\t\t\t<div class=\"elementor-widget-container\">\n\t\t\t\t\t\t\t<p style=\"text-align: right;\">Dupack stands out with its environmentally conscious approach. By using recyclable materials, we minimize waste and actively work to reduce our carbon footprint. Through carefully applying sustainability principles in production processes, Dupack fulfills its commitment to delivering environmentally friendly products while contributing to the future with high quality and eco-friendly solutions.<\/p>\t\t\t\t\t\t<\/div>\n\t\t\t\t<\/div>\n\t\t\t\t<\/div>\n\t\t\t\t\t<\/div>\n\t\t\t\t<\/div>\n\t\t<div class=\"elementor-element elementor-element-e8ce06a e-con-full e-flex e-con e-child\" data-id=\"e8ce06a\" data-element_type=\"container\">\n\t\t\t\t<div class=\"elementor-element elementor-element-d97c2df elementor-icon-list--layout-inline elementor-align-center elementor-list-item-link-full_width jltma-glass-effect-no elementor-widget elementor-widget-icon-list\" data-id=\"d97c2df\" data-element_type=\"widget\" data-widget_type=\"icon-list.default\">\n\t\t\t\t<div class=\"elementor-widget-container\">\n\t\t\t<link rel=\"stylesheet\" href=\"https:\/\/sudesan.com.tr\/wp-content\/plugins\/elementor\/assets\/css\/widget-icon-list.min.css\">\t\t<ul class=\"elementor-icon-list-items elementor-inline-items\">\n\t\t\t\t\t\t\t<li class=\"elementor-icon-list-item elementor-inline-item\">\n\t\t\t\t\t\t\t\t\t\t\t<a href=\"https:\/\/drive.google.com\/file\/d\/1e5xvQrDcOkJTAu37ErkDquQ5OCfa9Yel\/view?usp=sharing\" target=\"_blank\">\n\n\t\t\t\t\t\t\t\t\t\t\t\t<span class=\"elementor-icon-list-icon\">\n\t\t\t\t\t\t\t<svg aria-hidden=\"true\" class=\"e-font-icon-svg e-fas-external-link-alt\" viewbox=\"0 0 512 512\" xmlns=\"http:\/\/www.w3.org\/2000\/svg\"><path d=\"M432,320H400a16,16,0,0,0-16,16V448H64V128H208a16,16,0,0,0,16-16V80a16,16,0,0,0-16-16H48A48,48,0,0,0,0,112V464a48,48,0,0,0,48,48H400a48,48,0,0,0,48-48V336A16,16,0,0,0,432,320ZM488,0h-128c-21.37,0-32.05,25.91-17,41l35.73,35.73L135,320.37a24,24,0,0,0,0,34L157.67,377a24,24,0,0,0,34,0L435.28,133.32,471,169c15,15,41,4.5,41-17V24A24,24,0,0,0,488,0Z\"><\/path><\/svg>\t\t\t\t\t\t<\/span>\n\t\t\t\t\t\t\t\t\t\t<span class=\"elementor-icon-list-text\">Product Catalog<\/span>\n\t\t\t\t\t\t\t\t\t\t\t<\/a>\n\t\t\t\t\t\t\t\t\t<\/li>\n\t\t\t\t\t\t<\/ul>\n\t\t\t\t<\/div>\n\t\t\t\t<\/div>\n\t\t\t\t<\/div>\n\t\t\t\t<\/div>","protected":false},"excerpt":{"rendered":"<p>https:\/\/sudesan.com.tr\/wp-content\/uploads\/2024\/09\/Dupack-final-2024-09-26.mp4 Dupack, \u00e7evreye duyarl\u0131 yakla\u015f\u0131m\u0131yla dikkat \u00e7eker. Geri d\u00f6n\u00fc\u015ft\u00fcr\u00fclebilir malzemeler kullanarak at\u0131k miktar\u0131n\u0131 minimumda tutar ve karbon ayak izini azaltmaya y\u00f6nelik aktif \u00e7aba g\u00f6sterir. S\u00fcrd\u00fcr\u00fclebilirlik ilkelerini \u00fcretim s\u00fcre\u00e7lerinde titizlikle uygulayarak, \u00e7evre dostu \u00fcr\u00fcnler sunma taahh\u00fcd\u00fcn\u00fc yerine getirir. Dupack, hem y\u00fcksek kalite hem de \u00e7evre dostu \u00e7\u00f6z\u00fcmlerle gelece\u011fe katk\u0131 sa\u011flar. Dupack, g\u00fcnl\u00fck 366.000 adetten fazla plastik&hellip;<\/p>","protected":false},"author":1,"featured_media":0,"parent":0,"menu_order":0,"comment_status":"closed","ping_status":"closed","template":"","meta":{"footnotes":""},"class_list":["post-561","page","type-page","status-publish","hentry"],"_links":{"self":[{"href":"https:\/\/sudesan.com.tr\/en\/wp-json\/wp\/v2\/pages\/561","targetHints":{"allow":["GET"]}}],"collection":[{"href":"https:\/\/sudesan.com.tr\/en\/wp-json\/wp\/v2\/pages"}],"about":[{"href":"https:\/\/sudesan.com.tr\/en\/wp-json\/wp\/v2\/types\/page"}],"author":[{"embeddable":true,"href":"https:\/\/sudesan.com.tr\/en\/wp-json\/wp\/v2\/users\/1"}],"replies":[{"embeddable":true,"href":"https:\/\/sudesan.com.tr\/en\/wp-json\/wp\/v2\/comments?post=561"}],"version-history":[{"count":127,"href":"https:\/\/sudesan.com.tr\/en\/wp-json\/wp\/v2\/pages\/561\/revisions"}],"predecessor-version":[{"id":3081,"href":"https:\/\/sudesan.com.tr\/en\/wp-json\/wp\/v2\/pages\/561\/revisions\/3081"}],"wp:attachment":[{"href":"https:\/\/sudesan.com.tr\/en\/wp-json\/wp\/v2\/media?parent=561"}],"curies":[{"name":"wp","href":"https:\/\/api.w.org\/{rel}","templated":true}]}}